{"id":740616,"date":"2025-03-03T18:10:44","date_gmt":"2025-03-03T17:10:44","guid":{"rendered":"https:\/\/stoic-curie.212-227-153-4.plesk.page\/producto\/razdjelnik-baterija-quick-do-3-baterije-12-24v\/"},"modified":"2026-02-25T00:00:45","modified_gmt":"2026-02-25T00:00:45","slug":"razdjelnik-baterija-quick-do-3-baterije-12-24v","status":"publish","type":"product","link":"https:\/\/stoic-curie.212-227-153-4.plesk.page\/hr\/product\/razdjelnik-baterija-quick-do-3-baterije-12-24v\/","title":{"rendered":"Razdjelnik baterija Quick ECS do 3 baterije 12-24v"},"content":{"rendered":"<p>Razdjelnik baterija Quick ECS do 3 baterije 12-24v &#8211; <\/p>\n<p>Quick ECS senzorski releji opremljeni su Mosfet tehnologijom, koja omogu\u0107uje raspodjelu punjenja bez izazivanja opasnih padova napona. Omogu\u0107uju pove\u0107anje broja mogu\u0107ih veza baterija, \u0161tite\u0107i punjenje svake pojedina\u010dno, kao \u0161to obi\u010dno biva s vi\u0161ekanalnim punja\u010dima baterija. Prednosti: &#8211; zanemariv gubitak napona &#8211; ulazni napon od 5 do 31 V &#8211; niska disipacija snage &#8211; \u0161irok temperaturni raspon rada &#8211; kompatibilnost s bilo kojom vrstom generatora.<\/p>\n","protected":false},"excerpt":{"rendered":"<p>Razdjelnik baterija Quick ECS do 3 baterije 12-24v &#8211; Quick ECS senzorski releji opremljeni su Mosfet tehnologijom, koja omogu\u0107uje raspodjelu<\/p>\n","protected":false},"featured_media":5939221,"comment_status":"open","ping_status":"closed","template":"","meta":[],"product_brand":[3281],"product_cat":[1737],"product_tag":[],"class_list":{"0":"post-740616","1":"product","2":"type-product","3":"status-publish","4":"has-post-thumbnail","6":"product_brand-quick-hr","7":"product_cat-punjaci-baterija","9":"first","10":"instock","11":"shipping-taxable","12":"purchasable","13":"product-type-simple"},"_links":{"self":[{"href":"https:\/\/stoic-curie.212-227-153-4.plesk.page\/hr\/wp-json\/wp\/v2\/product\/740616","targetHints":{"allow":["GET"]}}],"collection":[{"href":"https:\/\/stoic-curie.212-227-153-4.plesk.page\/hr\/wp-json\/wp\/v2\/product"}],"about":[{"href":"https:\/\/stoic-curie.212-227-153-4.plesk.page\/hr\/wp-json\/wp\/v2\/types\/product"}],"replies":[{"embeddable":true,"href":"https:\/\/stoic-curie.212-227-153-4.plesk.page\/hr\/wp-json\/wp\/v2\/comments?post=740616"}],"version-history":[{"count":0,"href":"https:\/\/stoic-curie.212-227-153-4.plesk.page\/hr\/wp-json\/wp\/v2\/product\/740616\/revisions"}],"wp:featuredmedia":[{"embeddable":true,"href":"https:\/\/stoic-curie.212-227-153-4.plesk.page\/hr\/wp-json\/wp\/v2\/media\/5939221"}],"wp:attachment":[{"href":"https:\/\/stoic-curie.212-227-153-4.plesk.page\/hr\/wp-json\/wp\/v2\/media?parent=740616"}],"wp:term":[{"taxonomy":"product_brand","embeddable":true,"href":"https:\/\/stoic-curie.212-227-153-4.plesk.page\/hr\/wp-json\/wp\/v2\/product_brand?post=740616"},{"taxonomy":"product_cat","embeddable":true,"href":"https:\/\/stoic-curie.212-227-153-4.plesk.page\/hr\/wp-json\/wp\/v2\/product_cat?post=740616"},{"taxonomy":"product_tag","embeddable":true,"href":"https:\/\/stoic-curie.212-227-153-4.plesk.page\/hr\/wp-json\/wp\/v2\/product_tag?post=740616"}],"curies":[{"name":"wp","href":"https:\/\/api.w.org\/{rel}","templated":true}]}}