{"id":740624,"date":"2025-03-03T18:10:46","date_gmt":"2025-03-03T17:10:46","guid":{"rendered":"https:\/\/stoic-curie.212-227-153-4.plesk.page\/producto\/aluminijska-ploca-od-anodiziranog-aluminija-sa-4-vodootporna-prekidaca-100-x-h125mm\/"},"modified":"2026-02-25T00:00:45","modified_gmt":"2026-02-25T00:00:45","slug":"aluminijska-ploca-od-anodiziranog-aluminija-sa-4-vodootporna-prekidaca-100-x-h125mm","status":"publish","type":"product","link":"https:\/\/stoic-curie.212-227-153-4.plesk.page\/hr\/product\/aluminijska-ploca-od-anodiziranog-aluminija-sa-4-vodootporna-prekidaca-100-x-h125mm\/","title":{"rendered":"Aluminijska ploca od anodiziranog aluminija sa 4 vodootporna prekidaca 100 x H125mm"},"content":{"rendered":"<p>Aluminijska ploca od anodiziranog aluminija sa 4 vodootporna prekidaca 100 x H125mm &#8211; <\/p>\n<p>Anodizirana aluminijska plo\u010da s vodootpornim prekida\u010dima, dr\u017ea\u010dima osigura\u010da i LED indikatorima. Potpuno sa unaprijed otisnutim oznakama.<\/p>\n","protected":false},"excerpt":{"rendered":"<p>Aluminijska ploca od anodiziranog aluminija sa 4 vodootporna prekidaca 100 x H125mm &#8211; Anodizirana aluminijska plo\u010da s vodootpornim prekida\u010dima, dr\u017ea\u010dima<\/p>\n","protected":false},"featured_media":5939283,"comment_status":"open","ping_status":"closed","template":"","meta":[],"product_brand":[3236,2166],"product_cat":[1746],"product_tag":[],"class_list":{"0":"post-740624","1":"product","2":"type-product","3":"status-publish","4":"has-post-thumbnail","6":"product_brand-osculati-hr","7":"product_brand-osculati","8":"product_cat-elektricne-ploce-prekidaca","10":"first","11":"outofstock","12":"shipping-taxable","13":"purchasable","14":"product-type-simple"},"_links":{"self":[{"href":"https:\/\/stoic-curie.212-227-153-4.plesk.page\/hr\/wp-json\/wp\/v2\/product\/740624","targetHints":{"allow":["GET"]}}],"collection":[{"href":"https:\/\/stoic-curie.212-227-153-4.plesk.page\/hr\/wp-json\/wp\/v2\/product"}],"about":[{"href":"https:\/\/stoic-curie.212-227-153-4.plesk.page\/hr\/wp-json\/wp\/v2\/types\/product"}],"replies":[{"embeddable":true,"href":"https:\/\/stoic-curie.212-227-153-4.plesk.page\/hr\/wp-json\/wp\/v2\/comments?post=740624"}],"version-history":[{"count":0,"href":"https:\/\/stoic-curie.212-227-153-4.plesk.page\/hr\/wp-json\/wp\/v2\/product\/740624\/revisions"}],"wp:featuredmedia":[{"embeddable":true,"href":"https:\/\/stoic-curie.212-227-153-4.plesk.page\/hr\/wp-json\/wp\/v2\/media\/5939283"}],"wp:attachment":[{"href":"https:\/\/stoic-curie.212-227-153-4.plesk.page\/hr\/wp-json\/wp\/v2\/media?parent=740624"}],"wp:term":[{"taxonomy":"product_brand","embeddable":true,"href":"https:\/\/stoic-curie.212-227-153-4.plesk.page\/hr\/wp-json\/wp\/v2\/product_brand?post=740624"},{"taxonomy":"product_cat","embeddable":true,"href":"https:\/\/stoic-curie.212-227-153-4.plesk.page\/hr\/wp-json\/wp\/v2\/product_cat?post=740624"},{"taxonomy":"product_tag","embeddable":true,"href":"https:\/\/stoic-curie.212-227-153-4.plesk.page\/hr\/wp-json\/wp\/v2\/product_tag?post=740624"}],"curies":[{"name":"wp","href":"https:\/\/api.w.org\/{rel}","templated":true}]}}