{"id":740628,"date":"2025-03-03T18:10:47","date_gmt":"2025-03-03T17:10:47","guid":{"rendered":"https:\/\/stoic-curie.212-227-153-4.plesk.page\/producto\/elektricna-ploca-black-sea-sa-6-led-vodootpornih-prekidaca-205-x-h102mm\/"},"modified":"2026-02-25T00:00:46","modified_gmt":"2026-02-25T00:00:46","slug":"elektricna-ploca-black-sea-sa-6-led-vodootpornih-prekidaca-205-x-h102mm","status":"publish","type":"product","link":"https:\/\/stoic-curie.212-227-153-4.plesk.page\/hr\/product\/elektricna-ploca-black-sea-sa-6-led-vodootpornih-prekidaca-205-x-h102mm\/","title":{"rendered":"Elektricna ploca Black sea sa 6 LED vodootpornih prekidaca 205 x H102mm"},"content":{"rendered":"<p>Elektricna ploca Black sea sa 6 LED vodootpornih prekidaca 205 x H102mm &#8211; <\/p>\n<p>Poliuretanski anodizirani \u017ei\u010dni panel s vodootpornim prekida\u010dima, dr\u017ea\u010dima osigura\u010da i LED indikatorima, kompletan s unaprijed otisnutim etiketama. Model 2102707 dolazi s 12V napajanjem.<\/p>\n","protected":false},"excerpt":{"rendered":"<p>Elektricna ploca Black sea sa 6 LED vodootpornih prekidaca 205 x H102mm &#8211; Poliuretanski anodizirani \u017ei\u010dni panel s vodootpornim prekida\u010dima,<\/p>\n","protected":false},"featured_media":5939289,"comment_status":"open","ping_status":"closed","template":"","meta":[],"product_brand":[2831],"product_cat":[1746],"product_tag":[],"class_list":{"0":"post-740628","1":"product","2":"type-product","3":"status-publish","4":"has-post-thumbnail","6":"product_brand-blue-sea-systems-hr","7":"product_cat-elektricne-ploce-prekidaca","9":"first","10":"instock","11":"shipping-taxable","12":"purchasable","13":"product-type-simple"},"_links":{"self":[{"href":"https:\/\/stoic-curie.212-227-153-4.plesk.page\/hr\/wp-json\/wp\/v2\/product\/740628","targetHints":{"allow":["GET"]}}],"collection":[{"href":"https:\/\/stoic-curie.212-227-153-4.plesk.page\/hr\/wp-json\/wp\/v2\/product"}],"about":[{"href":"https:\/\/stoic-curie.212-227-153-4.plesk.page\/hr\/wp-json\/wp\/v2\/types\/product"}],"replies":[{"embeddable":true,"href":"https:\/\/stoic-curie.212-227-153-4.plesk.page\/hr\/wp-json\/wp\/v2\/comments?post=740628"}],"version-history":[{"count":0,"href":"https:\/\/stoic-curie.212-227-153-4.plesk.page\/hr\/wp-json\/wp\/v2\/product\/740628\/revisions"}],"wp:featuredmedia":[{"embeddable":true,"href":"https:\/\/stoic-curie.212-227-153-4.plesk.page\/hr\/wp-json\/wp\/v2\/media\/5939289"}],"wp:attachment":[{"href":"https:\/\/stoic-curie.212-227-153-4.plesk.page\/hr\/wp-json\/wp\/v2\/media?parent=740628"}],"wp:term":[{"taxonomy":"product_brand","embeddable":true,"href":"https:\/\/stoic-curie.212-227-153-4.plesk.page\/hr\/wp-json\/wp\/v2\/product_brand?post=740628"},{"taxonomy":"product_cat","embeddable":true,"href":"https:\/\/stoic-curie.212-227-153-4.plesk.page\/hr\/wp-json\/wp\/v2\/product_cat?post=740628"},{"taxonomy":"product_tag","embeddable":true,"href":"https:\/\/stoic-curie.212-227-153-4.plesk.page\/hr\/wp-json\/wp\/v2\/product_tag?post=740628"}],"curies":[{"name":"wp","href":"https:\/\/api.w.org\/{rel}","templated":true}]}}