{"id":740634,"date":"2025-03-03T18:10:48","date_gmt":"2025-03-03T17:10:48","guid":{"rendered":"https:\/\/stoic-curie.212-227-153-4.plesk.page\/producto\/bep-500a-prekidac-baterije\/"},"modified":"2026-02-25T00:00:46","modified_gmt":"2026-02-25T00:00:46","slug":"bep-500a-prekidac-baterije","status":"publish","type":"product","link":"https:\/\/stoic-curie.212-227-153-4.plesk.page\/hr\/product\/bep-500a-prekidac-baterije\/","title":{"rendered":"Bep 500a prekidac baterije"},"content":{"rendered":"<p>Bep 500a prekidac baterije &#8211; <\/p>\n<p>Prekida\u010d za odabir baterije s \u010detiri pozicije. Omogu\u0107uje izolaciju baterije, odabir jedne od dvije baterije ili odabir obje istovremeno. Monta\u017ea na zid ili ugradbena monta\u017ea. Dimenzije: 100 x 100 mm x H90 mm.<\/p>\n","protected":false},"excerpt":{"rendered":"<p>Bep 500a prekidac baterije &#8211; Prekida\u010d za odabir baterije s \u010detiri pozicije. Omogu\u0107uje izolaciju baterije, odabir jedne od dvije baterije<\/p>\n","protected":false},"featured_media":5939307,"comment_status":"open","ping_status":"closed","template":"","meta":[],"product_brand":[2826],"product_cat":[1745],"product_tag":[],"class_list":{"0":"post-740634","1":"product","2":"type-product","3":"status-publish","4":"has-post-thumbnail","6":"product_brand-bep-marine-hr","7":"product_cat-prekidaci-baterija","9":"first","10":"instock","11":"shipping-taxable","12":"purchasable","13":"product-type-simple"},"_links":{"self":[{"href":"https:\/\/stoic-curie.212-227-153-4.plesk.page\/hr\/wp-json\/wp\/v2\/product\/740634","targetHints":{"allow":["GET"]}}],"collection":[{"href":"https:\/\/stoic-curie.212-227-153-4.plesk.page\/hr\/wp-json\/wp\/v2\/product"}],"about":[{"href":"https:\/\/stoic-curie.212-227-153-4.plesk.page\/hr\/wp-json\/wp\/v2\/types\/product"}],"replies":[{"embeddable":true,"href":"https:\/\/stoic-curie.212-227-153-4.plesk.page\/hr\/wp-json\/wp\/v2\/comments?post=740634"}],"version-history":[{"count":0,"href":"https:\/\/stoic-curie.212-227-153-4.plesk.page\/hr\/wp-json\/wp\/v2\/product\/740634\/revisions"}],"wp:featuredmedia":[{"embeddable":true,"href":"https:\/\/stoic-curie.212-227-153-4.plesk.page\/hr\/wp-json\/wp\/v2\/media\/5939307"}],"wp:attachment":[{"href":"https:\/\/stoic-curie.212-227-153-4.plesk.page\/hr\/wp-json\/wp\/v2\/media?parent=740634"}],"wp:term":[{"taxonomy":"product_brand","embeddable":true,"href":"https:\/\/stoic-curie.212-227-153-4.plesk.page\/hr\/wp-json\/wp\/v2\/product_brand?post=740634"},{"taxonomy":"product_cat","embeddable":true,"href":"https:\/\/stoic-curie.212-227-153-4.plesk.page\/hr\/wp-json\/wp\/v2\/product_cat?post=740634"},{"taxonomy":"product_tag","embeddable":true,"href":"https:\/\/stoic-curie.212-227-153-4.plesk.page\/hr\/wp-json\/wp\/v2\/product_tag?post=740634"}],"curies":[{"name":"wp","href":"https:\/\/api.w.org\/{rel}","templated":true}]}}