{"id":740641,"date":"2025-03-03T18:10:50","date_gmt":"2025-03-03T17:10:50","guid":{"rendered":"https:\/\/stoic-curie.212-227-153-4.plesk.page\/producto\/kombinirano-navigacijsko-svjetlo-crveno-zeleno-225-bijelo-360-s-odvojivim-jarbolom-h100-cm\/"},"modified":"2026-02-25T00:00:46","modified_gmt":"2026-02-25T00:00:46","slug":"kombinirano-navigacijsko-svjetlo-crveno-zeleno-225-bijelo-360-s-odvojivim-jarbolom-h100-cm","status":"publish","type":"product","link":"https:\/\/stoic-curie.212-227-153-4.plesk.page\/hr\/product\/kombinirano-navigacijsko-svjetlo-crveno-zeleno-225-bijelo-360-s-odvojivim-jarbolom-h100-cm\/","title":{"rendered":"Kombinirano navigacijsko svjetlo (crveno\/zeleno 225\u00b0 &#8211; bijelo 360\u00b0) s odvojivim jarbolom H100 cm"},"content":{"rendered":"<p>Kombinirano navigacijsko svjetlo (crveno\/zeleno 225\u00b0 &#8211; bijelo 360\u00b0) s odvojivim jarbolom H100 cm &#8211; <\/p>\n<p>Osvjetljenje od nehr\u0111aju\u0107eg \u010delika s priklju\u010dnim stupovima.<\/p>\n","protected":false},"excerpt":{"rendered":"<p>Kombinirano navigacijsko svjetlo (crveno\/zeleno 225\u00b0 &#8211; bijelo 360\u00b0) s odvojivim jarbolom H100 cm &#8211; Osvjetljenje od nehr\u0111aju\u0107eg \u010delika s priklju\u010dnim<\/p>\n","protected":false},"featured_media":5939362,"comment_status":"open","ping_status":"closed","template":"","meta":[],"product_brand":[3491],"product_cat":[1741],"product_tag":[],"class_list":{"0":"post-740641","1":"product","2":"type-product","3":"status-publish","4":"has-post-thumbnail","6":"product_brand-trem-hr","7":"product_cat-navigacijska-svjetla","9":"first","10":"instock","11":"shipping-taxable","12":"purchasable","13":"product-type-simple"},"_links":{"self":[{"href":"https:\/\/stoic-curie.212-227-153-4.plesk.page\/hr\/wp-json\/wp\/v2\/product\/740641","targetHints":{"allow":["GET"]}}],"collection":[{"href":"https:\/\/stoic-curie.212-227-153-4.plesk.page\/hr\/wp-json\/wp\/v2\/product"}],"about":[{"href":"https:\/\/stoic-curie.212-227-153-4.plesk.page\/hr\/wp-json\/wp\/v2\/types\/product"}],"replies":[{"embeddable":true,"href":"https:\/\/stoic-curie.212-227-153-4.plesk.page\/hr\/wp-json\/wp\/v2\/comments?post=740641"}],"version-history":[{"count":0,"href":"https:\/\/stoic-curie.212-227-153-4.plesk.page\/hr\/wp-json\/wp\/v2\/product\/740641\/revisions"}],"wp:featuredmedia":[{"embeddable":true,"href":"https:\/\/stoic-curie.212-227-153-4.plesk.page\/hr\/wp-json\/wp\/v2\/media\/5939362"}],"wp:attachment":[{"href":"https:\/\/stoic-curie.212-227-153-4.plesk.page\/hr\/wp-json\/wp\/v2\/media?parent=740641"}],"wp:term":[{"taxonomy":"product_brand","embeddable":true,"href":"https:\/\/stoic-curie.212-227-153-4.plesk.page\/hr\/wp-json\/wp\/v2\/product_brand?post=740641"},{"taxonomy":"product_cat","embeddable":true,"href":"https:\/\/stoic-curie.212-227-153-4.plesk.page\/hr\/wp-json\/wp\/v2\/product_cat?post=740641"},{"taxonomy":"product_tag","embeddable":true,"href":"https:\/\/stoic-curie.212-227-153-4.plesk.page\/hr\/wp-json\/wp\/v2\/product_tag?post=740641"}],"curies":[{"name":"wp","href":"https:\/\/api.w.org\/{rel}","templated":true}]}}