{"id":740646,"date":"2025-03-03T18:10:51","date_gmt":"2025-03-03T17:10:51","guid":{"rendered":"https:\/\/stoic-curie.212-227-153-4.plesk.page\/producto\/dvostruki-reflektor-s-upravljackom-plocom-sa-kabelom-od-12-v\/"},"modified":"2026-02-25T00:00:46","modified_gmt":"2026-02-25T00:00:46","slug":"dvostruki-reflektor-s-upravljackom-plocom-sa-kabelom-od-12-v","status":"publish","type":"product","link":"https:\/\/stoic-curie.212-227-153-4.plesk.page\/hr\/product\/dvostruki-reflektor-s-upravljackom-plocom-sa-kabelom-od-12-v\/","title":{"rendered":"Dvostruki reflektor s upravljackom plocom sa kabelom od 12 V"},"content":{"rendered":"<p>Dvostruki reflektor s upravljackom plocom sa kabelom od 12 V &#8211; <\/p>\n<p>Podesiva dvostruka pretra\u017eiva\u010dka svjetiljka s vodootpornom upravlja\u010dkom plo\u010dom na \u017eice. Vodootporno ku\u0107i\u0161te s 2 x 55W vodootpornim halogenskim \u017earuljama. Dvostruka kombinacija svjetla: 1) Mod to\u010dkog svjetla 2) Mod rasvjetnog svjetla. Dimenzije: D220 x \u0160257 x V210 mm. Opcionalna be\u017ei\u010dna kontrola s prijemnikom i oda\u0161ilja\u010dem plug and play do 35 m. Ako se instalira, zamjenjuje \u017ei\u010dno upravlja\u010dko plo\u010du. Kako bi se odr\u017eala oba, treba kupiti dvostruku stanicu.<\/p>\n","protected":false},"excerpt":{"rendered":"<p>Dvostruki reflektor s upravljackom plocom sa kabelom od 12 V &#8211; Podesiva dvostruka pretra\u017eiva\u010dka svjetiljka s vodootpornom upravlja\u010dkom plo\u010dom na<\/p>\n","protected":false},"featured_media":5939390,"comment_status":"open","ping_status":"closed","template":"","meta":[],"product_brand":[3141],"product_cat":[1734],"product_tag":[],"class_list":{"0":"post-740646","1":"product","2":"type-product","3":"status-publish","4":"has-post-thumbnail","6":"product_brand-matromarine-hr","7":"product_cat-brodski-reflektori","9":"first","10":"instock","11":"shipping-taxable","12":"purchasable","13":"product-type-simple"},"_links":{"self":[{"href":"https:\/\/stoic-curie.212-227-153-4.plesk.page\/hr\/wp-json\/wp\/v2\/product\/740646","targetHints":{"allow":["GET"]}}],"collection":[{"href":"https:\/\/stoic-curie.212-227-153-4.plesk.page\/hr\/wp-json\/wp\/v2\/product"}],"about":[{"href":"https:\/\/stoic-curie.212-227-153-4.plesk.page\/hr\/wp-json\/wp\/v2\/types\/product"}],"replies":[{"embeddable":true,"href":"https:\/\/stoic-curie.212-227-153-4.plesk.page\/hr\/wp-json\/wp\/v2\/comments?post=740646"}],"version-history":[{"count":0,"href":"https:\/\/stoic-curie.212-227-153-4.plesk.page\/hr\/wp-json\/wp\/v2\/product\/740646\/revisions"}],"wp:featuredmedia":[{"embeddable":true,"href":"https:\/\/stoic-curie.212-227-153-4.plesk.page\/hr\/wp-json\/wp\/v2\/media\/5939390"}],"wp:attachment":[{"href":"https:\/\/stoic-curie.212-227-153-4.plesk.page\/hr\/wp-json\/wp\/v2\/media?parent=740646"}],"wp:term":[{"taxonomy":"product_brand","embeddable":true,"href":"https:\/\/stoic-curie.212-227-153-4.plesk.page\/hr\/wp-json\/wp\/v2\/product_brand?post=740646"},{"taxonomy":"product_cat","embeddable":true,"href":"https:\/\/stoic-curie.212-227-153-4.plesk.page\/hr\/wp-json\/wp\/v2\/product_cat?post=740646"},{"taxonomy":"product_tag","embeddable":true,"href":"https:\/\/stoic-curie.212-227-153-4.plesk.page\/hr\/wp-json\/wp\/v2\/product_tag?post=740646"}],"curies":[{"name":"wp","href":"https:\/\/api.w.org\/{rel}","templated":true}]}}