{"id":740647,"date":"2025-03-03T18:10:52","date_gmt":"2025-03-03T17:10:52","guid":{"rendered":"https:\/\/stoic-curie.212-227-153-4.plesk.page\/producto\/reflektor-s-daljinskim-upravljacem-guest-22040a-12v\/"},"modified":"2026-02-25T00:00:46","modified_gmt":"2026-02-25T00:00:46","slug":"reflektor-s-daljinskim-upravljacem-guest-22040a-12v","status":"publish","type":"product","link":"https:\/\/stoic-curie.212-227-153-4.plesk.page\/hr\/product\/reflektor-s-daljinskim-upravljacem-guest-22040a-12v\/","title":{"rendered":"Reflektor s daljinskim upravlja\u010dem Guest 22040A 12V"},"content":{"rendered":"<p>Reflektor s daljinskim upravlja\u010dem Guest 22040A 12V &#8211; <\/p>\n<p style=\"color: rgb(34, 34, 34); font-family: Arial, Helvetica, sans-serif; font-size: small;\"><strong>Guest 22040A 5&#8243; Reflektor \/ Floodlight Kit<\/strong><\/p>\n<p style=\"color: rgb(34, 34, 34); font-family: Arial, Helvetica, sans-serif; font-size: small;\">Ovaj reflektor od nehr\u0111aju\u0107eg \u010delika uklju\u010duje daljinski upravlja\u010d za jednostavno upravljanje.<\/p>\n<p style=\"color: rgb(34, 34, 34); font-family: Arial, Helvetica, sans-serif; font-size: small;\"><strong>Klju\u010dne zna\u010dajke:<\/strong><\/p>\n<ul style=\"color: rgb(34, 34, 34); font-family: Arial, Helvetica, sans-serif; font-size: small;\">\n<li><strong>Svijetla halogena \u017earulja:<\/strong>&nbsp;U\u017eivajte u izvrsnoj osvijetljenosti sa zape\u010da\u0107enim halogenim \u017earuljama.<\/li>\n<li><strong>Plo\u010da za upravljanje uklju\u010dena:<\/strong>&nbsp;Jednostavno upravljajte svojim osvjetljenjem s uklju\u010denom upravlja\u010dkom plo\u010dom.<\/li>\n<li><strong>Dva svjetlosna snopa:<\/strong>&nbsp;Odaberite izme\u0111u floodsnog i spot svjetla prema svojim potrebama.<\/li>\n<li><strong>Kompaktne dimenzije:<\/strong>&nbsp;Osnova mjeri 140 x 89 mm, dok su ukupne dimenzije 190 mm duljine, 110 mm \u0161irine i 241 mm visine.<\/li>\n<\/ul>\n<p style=\"color: rgb(34, 34, 34); font-family: Arial, Helvetica, sans-serif; font-size: small;\"><strong>Specifikacije:<\/strong><\/p>\n<ul style=\"color: rgb(34, 34, 34); font-family: Arial, Helvetica, sans-serif; font-size: small;\">\n<li><strong>Spot snaga:<\/strong>&nbsp;72.000 Candela (CP)<\/li>\n<li><strong>Flood snaga:<\/strong>&nbsp;30.000 Candela (CP)<\/li>\n<li><strong>Potro\u0161nja:<\/strong>&nbsp;7 Ampera<\/li>\n<li><strong>Radni napon:<\/strong>&nbsp;12 Volt incandenscentna<\/li>\n<li><strong>Vrsta \u017earulje:<\/strong>&nbsp;Zamjenjiva incandenscentna<\/li>\n<li><strong>Dimenzije lampe:<\/strong>&nbsp;9-1\/2&#8243; visina x 4-1\/2&#8243; \u0161irina x 7-1\/2&#8243; du\u017eina<\/li>\n<li><strong>Dimenzije osnove:<\/strong>&nbsp;5-1\/2&#8243; du\u017eina x 3-1\/2&#8243; \u0161irina<\/li>\n<li><strong>Te\u017eina:<\/strong>&nbsp;6 lbs.<\/li>\n<\/ul>\n<p style=\"color: rgb(34, 34, 34); font-family: Arial, Helvetica, sans-serif; font-size: small;\"><strong>Dodatne informacije:<\/strong><\/p>\n<ul style=\"color: rgb(34, 34, 34); font-family: Arial, Helvetica, sans-serif; font-size: small;\">\n<li><strong>Instalacija:<\/strong>&nbsp;Joystick zahtijeva rupe za instalaciju promjera 2-3\/4&#8243;.<\/li>\n<li><strong>Rad:<\/strong>&nbsp;Upravljanje putem daljinskog upravlja\u010da i joysticka radi prakti\u010dnosti.<\/li>\n<li><strong>Jamstvo:<\/strong>&nbsp;Dolazi s jamstvom od jedne godine.<\/li>\n<li><strong>Dualna opcija stanice:<\/strong>&nbsp;Dostupna za dodatnu fleksibilnost.<\/li>\n<li><strong>Ru\u010dna usmjerenost:<\/strong>&nbsp;Svjetlo se mo\u017ee ru\u010dno usmjeriti bez o\u0161te\u0107enja motora.<\/li>\n<li><strong>Izdr\u017eljiva osnova:<\/strong>&nbsp;Izra\u0111ena od 316 nehr\u0111aju\u0107eg \u010delika za dugotrajne performanse.<\/li>\n<\/ul>\n<p style=\"color: rgb(34, 34, 34); font-family: Arial, Helvetica, sans-serif; font-size: small;\">Ovaj kit za reflektor\/floodlight odli\u010dan je izbor za ljubitelje \u010damaca koji tra\u017ee pouzdana i sna\u017ena rje\u0161enja za osvjetljenje.<\/p>\n","protected":false},"excerpt":{"rendered":"<p>Reflektor s daljinskim upravlja\u010dem Guest 22040A 12V &#8211; Guest 22040A 5&#8243; Reflektor \/ Floodlight Kit Ovaj reflektor od nehr\u0111aju\u0107eg \u010delika<\/p>\n","protected":false},"featured_media":5939391,"comment_status":"open","ping_status":"closed","template":"","meta":[],"product_brand":[3106],"product_cat":[1734],"product_tag":[],"class_list":{"0":"post-740647","1":"product","2":"type-product","3":"status-publish","4":"has-post-thumbnail","6":"product_brand-marinco-hr","7":"product_cat-brodski-reflektori","9":"first","10":"instock","11":"shipping-taxable","12":"purchasable","13":"product-type-simple"},"_links":{"self":[{"href":"https:\/\/stoic-curie.212-227-153-4.plesk.page\/hr\/wp-json\/wp\/v2\/product\/740647","targetHints":{"allow":["GET"]}}],"collection":[{"href":"https:\/\/stoic-curie.212-227-153-4.plesk.page\/hr\/wp-json\/wp\/v2\/product"}],"about":[{"href":"https:\/\/stoic-curie.212-227-153-4.plesk.page\/hr\/wp-json\/wp\/v2\/types\/product"}],"replies":[{"embeddable":true,"href":"https:\/\/stoic-curie.212-227-153-4.plesk.page\/hr\/wp-json\/wp\/v2\/comments?post=740647"}],"version-history":[{"count":0,"href":"https:\/\/stoic-curie.212-227-153-4.plesk.page\/hr\/wp-json\/wp\/v2\/product\/740647\/revisions"}],"wp:featuredmedia":[{"embeddable":true,"href":"https:\/\/stoic-curie.212-227-153-4.plesk.page\/hr\/wp-json\/wp\/v2\/media\/5939391"}],"wp:attachment":[{"href":"https:\/\/stoic-curie.212-227-153-4.plesk.page\/hr\/wp-json\/wp\/v2\/media?parent=740647"}],"wp:term":[{"taxonomy":"product_brand","embeddable":true,"href":"https:\/\/stoic-curie.212-227-153-4.plesk.page\/hr\/wp-json\/wp\/v2\/product_brand?post=740647"},{"taxonomy":"product_cat","embeddable":true,"href":"https:\/\/stoic-curie.212-227-153-4.plesk.page\/hr\/wp-json\/wp\/v2\/product_cat?post=740647"},{"taxonomy":"product_tag","embeddable":true,"href":"https:\/\/stoic-curie.212-227-153-4.plesk.page\/hr\/wp-json\/wp\/v2\/product_tag?post=740647"}],"curies":[{"name":"wp","href":"https:\/\/api.w.org\/{rel}","templated":true}]}}