{"id":740665,"date":"2025-03-03T18:10:56","date_gmt":"2025-03-03T17:10:56","guid":{"rendered":"https:\/\/stoic-curie.212-227-153-4.plesk.page\/producto\/rezervna-zarulja-sa-zarnom-niti-za-reflektor-od-220v-1000w\/"},"modified":"2026-02-25T00:00:46","modified_gmt":"2026-02-25T00:00:46","slug":"rezervna-zarulja-sa-zarnom-niti-za-reflektor-od-220v-1000w","status":"publish","type":"product","link":"https:\/\/stoic-curie.212-227-153-4.plesk.page\/hr\/product\/rezervna-zarulja-sa-zarnom-niti-za-reflektor-od-220v-1000w\/","title":{"rendered":"Rezervna \u017earulja sa \u017earnom niti za reflektor od 220V 1000W"},"content":{"rendered":"<p>Rezervna \u017earulja sa \u017earnom niti za reflektor od 220V 1000W &#8211; <\/p>\n<p>Profesionalna anodizirana aluminijska ku\u0107i\u0161ta otporna na UV, RAL9016 lakiran reflektor s podesivim pretra\u017eivanjem kontroliranim s palube. Sva oprema nije magnetska i otporna na koroziju.<\/p>\n","protected":false},"excerpt":{"rendered":"<p>Rezervna \u017earulja sa \u017earnom niti za reflektor od 220V 1000W &#8211; Profesionalna anodizirana aluminijska ku\u0107i\u0161ta otporna na UV, RAL9016 lakiran<\/p>\n","protected":false},"featured_media":5939446,"comment_status":"open","ping_status":"closed","template":"","meta":[],"product_brand":[2881],"product_cat":[1734],"product_tag":[],"class_list":{"0":"post-740665","1":"product","2":"type-product","3":"status-publish","4":"has-post-thumbnail","6":"product_brand-dhr-hr","7":"product_cat-brodski-reflektori","9":"first","10":"instock","11":"shipping-taxable","12":"purchasable","13":"product-type-simple"},"_links":{"self":[{"href":"https:\/\/stoic-curie.212-227-153-4.plesk.page\/hr\/wp-json\/wp\/v2\/product\/740665","targetHints":{"allow":["GET"]}}],"collection":[{"href":"https:\/\/stoic-curie.212-227-153-4.plesk.page\/hr\/wp-json\/wp\/v2\/product"}],"about":[{"href":"https:\/\/stoic-curie.212-227-153-4.plesk.page\/hr\/wp-json\/wp\/v2\/types\/product"}],"replies":[{"embeddable":true,"href":"https:\/\/stoic-curie.212-227-153-4.plesk.page\/hr\/wp-json\/wp\/v2\/comments?post=740665"}],"version-history":[{"count":0,"href":"https:\/\/stoic-curie.212-227-153-4.plesk.page\/hr\/wp-json\/wp\/v2\/product\/740665\/revisions"}],"wp:featuredmedia":[{"embeddable":true,"href":"https:\/\/stoic-curie.212-227-153-4.plesk.page\/hr\/wp-json\/wp\/v2\/media\/5939446"}],"wp:attachment":[{"href":"https:\/\/stoic-curie.212-227-153-4.plesk.page\/hr\/wp-json\/wp\/v2\/media?parent=740665"}],"wp:term":[{"taxonomy":"product_brand","embeddable":true,"href":"https:\/\/stoic-curie.212-227-153-4.plesk.page\/hr\/wp-json\/wp\/v2\/product_brand?post=740665"},{"taxonomy":"product_cat","embeddable":true,"href":"https:\/\/stoic-curie.212-227-153-4.plesk.page\/hr\/wp-json\/wp\/v2\/product_cat?post=740665"},{"taxonomy":"product_tag","embeddable":true,"href":"https:\/\/stoic-curie.212-227-153-4.plesk.page\/hr\/wp-json\/wp\/v2\/product_tag?post=740665"}],"curies":[{"name":"wp","href":"https:\/\/api.w.org\/{rel}","templated":true}]}}