{"id":740667,"date":"2025-03-03T18:10:56","date_gmt":"2025-03-03T17:10:56","guid":{"rendered":"https:\/\/stoic-curie.212-227-153-4.plesk.page\/producto\/24v-rezervna-zarulja-za-podesivi-reflektor\/"},"modified":"2026-02-25T00:00:46","modified_gmt":"2026-02-25T00:00:46","slug":"24v-rezervna-zarulja-za-podesivi-reflektor","status":"publish","type":"product","link":"https:\/\/stoic-curie.212-227-153-4.plesk.page\/hr\/product\/24v-rezervna-zarulja-za-podesivi-reflektor\/","title":{"rendered":"24V rezervna \u017earulja za podesivi reflektor"},"content":{"rendered":"<p>24V rezervna \u017earulja za podesivi reflektor &#8211; <\/p>\n<p>Ru\u010dna pretra\u017eiva\u010dka svjetiljka s ABS ku\u0107i\u0161tem. Zape\u010da\u0107ena halogena \u017earulja \u00c3\u00b8 140 mm. Dimenzije: 220 mm du\u017eine &#8211; 160 mm \u0161irine &#8211; H 220 mm. Dvostruki snop svjetlosti: spot i poplava.<\/p>\n","protected":false},"excerpt":{"rendered":"<p>24V rezervna \u017earulja za podesivi reflektor &#8211; Ru\u010dna pretra\u017eiva\u010dka svjetiljka s ABS ku\u0107i\u0161tem. Zape\u010da\u0107ena halogena \u017earulja \u00c3\u00b8 140 mm. Dimenzije:<\/p>\n","protected":false},"featured_media":5939449,"comment_status":"open","ping_status":"closed","template":"","meta":[],"product_brand":[3141],"product_cat":[1734],"product_tag":[],"class_list":{"0":"post-740667","1":"product","2":"type-product","3":"status-publish","4":"has-post-thumbnail","6":"product_brand-matromarine-hr","7":"product_cat-brodski-reflektori","9":"first","10":"instock","11":"shipping-taxable","12":"purchasable","13":"product-type-simple"},"_links":{"self":[{"href":"https:\/\/stoic-curie.212-227-153-4.plesk.page\/hr\/wp-json\/wp\/v2\/product\/740667","targetHints":{"allow":["GET"]}}],"collection":[{"href":"https:\/\/stoic-curie.212-227-153-4.plesk.page\/hr\/wp-json\/wp\/v2\/product"}],"about":[{"href":"https:\/\/stoic-curie.212-227-153-4.plesk.page\/hr\/wp-json\/wp\/v2\/types\/product"}],"replies":[{"embeddable":true,"href":"https:\/\/stoic-curie.212-227-153-4.plesk.page\/hr\/wp-json\/wp\/v2\/comments?post=740667"}],"version-history":[{"count":0,"href":"https:\/\/stoic-curie.212-227-153-4.plesk.page\/hr\/wp-json\/wp\/v2\/product\/740667\/revisions"}],"wp:featuredmedia":[{"embeddable":true,"href":"https:\/\/stoic-curie.212-227-153-4.plesk.page\/hr\/wp-json\/wp\/v2\/media\/5939449"}],"wp:attachment":[{"href":"https:\/\/stoic-curie.212-227-153-4.plesk.page\/hr\/wp-json\/wp\/v2\/media?parent=740667"}],"wp:term":[{"taxonomy":"product_brand","embeddable":true,"href":"https:\/\/stoic-curie.212-227-153-4.plesk.page\/hr\/wp-json\/wp\/v2\/product_brand?post=740667"},{"taxonomy":"product_cat","embeddable":true,"href":"https:\/\/stoic-curie.212-227-153-4.plesk.page\/hr\/wp-json\/wp\/v2\/product_cat?post=740667"},{"taxonomy":"product_tag","embeddable":true,"href":"https:\/\/stoic-curie.212-227-153-4.plesk.page\/hr\/wp-json\/wp\/v2\/product_tag?post=740667"}],"curies":[{"name":"wp","href":"https:\/\/api.w.org\/{rel}","templated":true}]}}