{"id":740679,"date":"2025-03-03T18:10:59","date_gmt":"2025-03-03T17:10:59","guid":{"rendered":"https:\/\/stoic-curie.212-227-153-4.plesk.page\/producto\/crni-senzor-protoka-goriva-vdo-3-180-ohma-52-mm-12-v\/"},"modified":"2026-02-25T00:00:46","modified_gmt":"2026-02-25T00:00:46","slug":"crni-senzor-protoka-goriva-vdo-3-180-ohma-52-mm-12-v","status":"publish","type":"product","link":"https:\/\/stoic-curie.212-227-153-4.plesk.page\/hr\/product\/crni-senzor-protoka-goriva-vdo-3-180-ohma-52-mm-12-v\/","title":{"rendered":"Crni senzor protoka goriva VDO (3-180 ohma) 52 mm 12 V"},"content":{"rendered":"<p>Crni senzor protoka goriva VDO (3-180 ohma) 52 mm 12 V &#8211; <\/p>\n<p>View-Line 8-32V VDO mjera\u010di kompleti s priklju\u010dnim kabelima, okvirom i uputama. Dvostruka le\u0107a protiv magljenja s IP67 za\u0161titnom klasom. Integrirana LED svjetlost.<\/p>\n","protected":false},"excerpt":{"rendered":"<p>Crni senzor protoka goriva VDO (3-180 ohma) 52 mm 12 V &#8211; View-Line 8-32V VDO mjera\u010di kompleti s priklju\u010dnim kabelima,<\/p>\n","protected":false},"featured_media":5939459,"comment_status":"open","ping_status":"closed","template":"","meta":[],"product_brand":[3511],"product_cat":[1782,1785],"product_tag":[],"class_list":{"0":"post-740679","1":"product","2":"type-product","3":"status-publish","4":"has-post-thumbnail","6":"product_brand-vdo-veratron-hr","7":"product_cat-mjeraci-razine-goriva-i-davaci","8":"product_cat-vdo-instrumenti","10":"first","11":"instock","12":"shipping-taxable","13":"purchasable","14":"product-type-simple"},"_links":{"self":[{"href":"https:\/\/stoic-curie.212-227-153-4.plesk.page\/hr\/wp-json\/wp\/v2\/product\/740679","targetHints":{"allow":["GET"]}}],"collection":[{"href":"https:\/\/stoic-curie.212-227-153-4.plesk.page\/hr\/wp-json\/wp\/v2\/product"}],"about":[{"href":"https:\/\/stoic-curie.212-227-153-4.plesk.page\/hr\/wp-json\/wp\/v2\/types\/product"}],"replies":[{"embeddable":true,"href":"https:\/\/stoic-curie.212-227-153-4.plesk.page\/hr\/wp-json\/wp\/v2\/comments?post=740679"}],"version-history":[{"count":0,"href":"https:\/\/stoic-curie.212-227-153-4.plesk.page\/hr\/wp-json\/wp\/v2\/product\/740679\/revisions"}],"wp:featuredmedia":[{"embeddable":true,"href":"https:\/\/stoic-curie.212-227-153-4.plesk.page\/hr\/wp-json\/wp\/v2\/media\/5939459"}],"wp:attachment":[{"href":"https:\/\/stoic-curie.212-227-153-4.plesk.page\/hr\/wp-json\/wp\/v2\/media?parent=740679"}],"wp:term":[{"taxonomy":"product_brand","embeddable":true,"href":"https:\/\/stoic-curie.212-227-153-4.plesk.page\/hr\/wp-json\/wp\/v2\/product_brand?post=740679"},{"taxonomy":"product_cat","embeddable":true,"href":"https:\/\/stoic-curie.212-227-153-4.plesk.page\/hr\/wp-json\/wp\/v2\/product_cat?post=740679"},{"taxonomy":"product_tag","embeddable":true,"href":"https:\/\/stoic-curie.212-227-153-4.plesk.page\/hr\/wp-json\/wp\/v2\/product_tag?post=740679"}],"curies":[{"name":"wp","href":"https:\/\/api.w.org\/{rel}","templated":true}]}}