{"id":740683,"date":"2025-03-03T18:11:00","date_gmt":"2025-03-03T17:11:00","guid":{"rendered":"https:\/\/stoic-curie.212-227-153-4.plesk.page\/producto\/senzor-razine-otpadnih-voda-vdo-20-ma-crni-52-mm\/"},"modified":"2026-02-25T00:00:46","modified_gmt":"2026-02-25T00:00:46","slug":"senzor-razine-otpadnih-voda-vdo-20-ma-crni-52-mm","status":"publish","type":"product","link":"https:\/\/stoic-curie.212-227-153-4.plesk.page\/hr\/product\/senzor-razine-otpadnih-voda-vdo-20-ma-crni-52-mm\/","title":{"rendered":"Senzor razine otpadnih voda VDO (20 mA) crni 52 mm"},"content":{"rendered":"<p>Senzor razine otpadnih voda VDO (20 mA) crni 52 mm &#8211; <\/p>\n<p>View-Line 8-32V VDO mjera\u010di s povezivim kabelima, okvirom i uputama. Dvostruka le\u0107a protiv maglenja s IP67 za\u0161titnom klasom. Integrirana LED svjetlost.<\/p>\n","protected":false},"excerpt":{"rendered":"<p>Senzor razine otpadnih voda VDO (20 mA) crni 52 mm &#8211; View-Line 8-32V VDO mjera\u010di s povezivim kabelima, okvirom i<\/p>\n","protected":false},"featured_media":5939459,"comment_status":"open","ping_status":"closed","template":"","meta":[],"product_brand":[3511],"product_cat":[1649,1785],"product_tag":[],"class_list":{"0":"post-740683","1":"product","2":"type-product","3":"status-publish","4":"has-post-thumbnail","6":"product_brand-vdo-veratron-hr","7":"product_cat-spremnici-za-otpadne-vode","8":"product_cat-vdo-instrumenti","10":"first","11":"instock","12":"shipping-taxable","13":"purchasable","14":"product-type-simple"},"_links":{"self":[{"href":"https:\/\/stoic-curie.212-227-153-4.plesk.page\/hr\/wp-json\/wp\/v2\/product\/740683","targetHints":{"allow":["GET"]}}],"collection":[{"href":"https:\/\/stoic-curie.212-227-153-4.plesk.page\/hr\/wp-json\/wp\/v2\/product"}],"about":[{"href":"https:\/\/stoic-curie.212-227-153-4.plesk.page\/hr\/wp-json\/wp\/v2\/types\/product"}],"replies":[{"embeddable":true,"href":"https:\/\/stoic-curie.212-227-153-4.plesk.page\/hr\/wp-json\/wp\/v2\/comments?post=740683"}],"version-history":[{"count":0,"href":"https:\/\/stoic-curie.212-227-153-4.plesk.page\/hr\/wp-json\/wp\/v2\/product\/740683\/revisions"}],"wp:featuredmedia":[{"embeddable":true,"href":"https:\/\/stoic-curie.212-227-153-4.plesk.page\/hr\/wp-json\/wp\/v2\/media\/5939459"}],"wp:attachment":[{"href":"https:\/\/stoic-curie.212-227-153-4.plesk.page\/hr\/wp-json\/wp\/v2\/media?parent=740683"}],"wp:term":[{"taxonomy":"product_brand","embeddable":true,"href":"https:\/\/stoic-curie.212-227-153-4.plesk.page\/hr\/wp-json\/wp\/v2\/product_brand?post=740683"},{"taxonomy":"product_cat","embeddable":true,"href":"https:\/\/stoic-curie.212-227-153-4.plesk.page\/hr\/wp-json\/wp\/v2\/product_cat?post=740683"},{"taxonomy":"product_tag","embeddable":true,"href":"https:\/\/stoic-curie.212-227-153-4.plesk.page\/hr\/wp-json\/wp\/v2\/product_tag?post=740683"}],"curies":[{"name":"wp","href":"https:\/\/api.w.org\/{rel}","templated":true}]}}