{"id":740687,"date":"2025-03-03T18:11:01","date_gmt":"2025-03-03T17:11:01","guid":{"rendered":"https:\/\/stoic-curie.212-227-153-4.plesk.page\/producto\/brzinomjer-s-brojacem-sati-vdo-vrsta-linije-12-u-5000-okretaja-u-minuti-85-mm-bijela\/"},"modified":"2026-02-25T00:00:46","modified_gmt":"2026-02-25T00:00:46","slug":"brzinomjer-s-brojacem-sati-vdo-vrsta-linije-12-u-5000-okretaja-u-minuti-85-mm-bijela","status":"publish","type":"product","link":"https:\/\/stoic-curie.212-227-153-4.plesk.page\/hr\/product\/brzinomjer-s-brojacem-sati-vdo-vrsta-linije-12-u-5000-okretaja-u-minuti-85-mm-bijela\/","title":{"rendered":"Brzinomjer s broja\u010dem sati VDO vrsta linije 12 u 5000 okretaja u minuti 85 mm bijela"},"content":{"rendered":"<p>Brzinomjer s broja\u010dem sati VDO vrsta linije 12 u 5000 okretaja u minuti 85 mm bijela &#8211; <\/p>\n<p>View-Line 8-32V VDO mjera\u010di, kompleti s povezivim kabelima, okvirom i uputama. Dvostruka le\u0107a protiv magljenja s IP67 za\u0161titom. Integrirano LED svjetlo.<\/p>\n","protected":false},"excerpt":{"rendered":"<p>Brzinomjer s broja\u010dem sati VDO vrsta linije 12 u 5000 okretaja u minuti 85 mm bijela &#8211; View-Line 8-32V VDO<\/p>\n","protected":false},"featured_media":5939472,"comment_status":"open","ping_status":"closed","template":"","meta":[],"product_brand":[3511],"product_cat":[1788,1785],"product_tag":[],"class_list":{"0":"post-740687","1":"product","2":"type-product","3":"status-publish","4":"has-post-thumbnail","6":"product_brand-vdo-veratron-hr","7":"product_cat-instrumenti-brojaca-okretaja","8":"product_cat-vdo-instrumenti","10":"first","11":"instock","12":"shipping-taxable","13":"purchasable","14":"product-type-simple"},"_links":{"self":[{"href":"https:\/\/stoic-curie.212-227-153-4.plesk.page\/hr\/wp-json\/wp\/v2\/product\/740687","targetHints":{"allow":["GET"]}}],"collection":[{"href":"https:\/\/stoic-curie.212-227-153-4.plesk.page\/hr\/wp-json\/wp\/v2\/product"}],"about":[{"href":"https:\/\/stoic-curie.212-227-153-4.plesk.page\/hr\/wp-json\/wp\/v2\/types\/product"}],"replies":[{"embeddable":true,"href":"https:\/\/stoic-curie.212-227-153-4.plesk.page\/hr\/wp-json\/wp\/v2\/comments?post=740687"}],"version-history":[{"count":0,"href":"https:\/\/stoic-curie.212-227-153-4.plesk.page\/hr\/wp-json\/wp\/v2\/product\/740687\/revisions"}],"wp:featuredmedia":[{"embeddable":true,"href":"https:\/\/stoic-curie.212-227-153-4.plesk.page\/hr\/wp-json\/wp\/v2\/media\/5939472"}],"wp:attachment":[{"href":"https:\/\/stoic-curie.212-227-153-4.plesk.page\/hr\/wp-json\/wp\/v2\/media?parent=740687"}],"wp:term":[{"taxonomy":"product_brand","embeddable":true,"href":"https:\/\/stoic-curie.212-227-153-4.plesk.page\/hr\/wp-json\/wp\/v2\/product_brand?post=740687"},{"taxonomy":"product_cat","embeddable":true,"href":"https:\/\/stoic-curie.212-227-153-4.plesk.page\/hr\/wp-json\/wp\/v2\/product_cat?post=740687"},{"taxonomy":"product_tag","embeddable":true,"href":"https:\/\/stoic-curie.212-227-153-4.plesk.page\/hr\/wp-json\/wp\/v2\/product_tag?post=740687"}],"curies":[{"name":"wp","href":"https:\/\/api.w.org\/{rel}","templated":true}]}}