{"id":740694,"date":"2025-03-03T18:11:03","date_gmt":"2025-03-03T17:11:03","guid":{"rendered":"https:\/\/stoic-curie.212-227-153-4.plesk.page\/producto\/bijeli-voltmetar-vdo-16-32-u-52-mm\/"},"modified":"2026-02-25T00:00:46","modified_gmt":"2026-02-25T00:00:46","slug":"bijeli-voltmetar-vdo-16-32-u-52-mm","status":"publish","type":"product","link":"https:\/\/stoic-curie.212-227-153-4.plesk.page\/hr\/product\/bijeli-voltmetar-vdo-16-32-u-52-mm\/","title":{"rendered":"Bijeli voltmetar VDO 16\/32 u 52 mm"},"content":{"rendered":"<p>Bijeli voltmetar VDO 16\/32 u 52 mm &#8211; <\/p>\n<p>View-Line 8-32V VDO mjera\u010di, kompleti s koneksijskim kabelima, bezelom i uputama. Dvostruka le\u0107a protiv magljenja s IP67 za\u0161titom. Integrirana LED svjetlost.<\/p>\n","protected":false},"excerpt":{"rendered":"<p>Bijeli voltmetar VDO 16\/32 u 52 mm &#8211; View-Line 8-32V VDO mjera\u010di, kompleti s koneksijskim kabelima, bezelom i uputama. Dvostruka<\/p>\n","protected":false},"featured_media":5939477,"comment_status":"open","ping_status":"closed","template":"","meta":[],"product_brand":[3511],"product_cat":[1729,1785],"product_tag":[],"class_list":{"0":"post-740694","1":"product","2":"type-product","3":"status-publish","4":"has-post-thumbnail","6":"product_brand-vdo-veratron-hr","7":"product_cat-baterije","8":"product_cat-vdo-instrumenti","10":"first","11":"instock","12":"shipping-taxable","13":"purchasable","14":"product-type-simple"},"_links":{"self":[{"href":"https:\/\/stoic-curie.212-227-153-4.plesk.page\/hr\/wp-json\/wp\/v2\/product\/740694","targetHints":{"allow":["GET"]}}],"collection":[{"href":"https:\/\/stoic-curie.212-227-153-4.plesk.page\/hr\/wp-json\/wp\/v2\/product"}],"about":[{"href":"https:\/\/stoic-curie.212-227-153-4.plesk.page\/hr\/wp-json\/wp\/v2\/types\/product"}],"replies":[{"embeddable":true,"href":"https:\/\/stoic-curie.212-227-153-4.plesk.page\/hr\/wp-json\/wp\/v2\/comments?post=740694"}],"version-history":[{"count":0,"href":"https:\/\/stoic-curie.212-227-153-4.plesk.page\/hr\/wp-json\/wp\/v2\/product\/740694\/revisions"}],"wp:featuredmedia":[{"embeddable":true,"href":"https:\/\/stoic-curie.212-227-153-4.plesk.page\/hr\/wp-json\/wp\/v2\/media\/5939477"}],"wp:attachment":[{"href":"https:\/\/stoic-curie.212-227-153-4.plesk.page\/hr\/wp-json\/wp\/v2\/media?parent=740694"}],"wp:term":[{"taxonomy":"product_brand","embeddable":true,"href":"https:\/\/stoic-curie.212-227-153-4.plesk.page\/hr\/wp-json\/wp\/v2\/product_brand?post=740694"},{"taxonomy":"product_cat","embeddable":true,"href":"https:\/\/stoic-curie.212-227-153-4.plesk.page\/hr\/wp-json\/wp\/v2\/product_cat?post=740694"},{"taxonomy":"product_tag","embeddable":true,"href":"https:\/\/stoic-curie.212-227-153-4.plesk.page\/hr\/wp-json\/wp\/v2\/product_tag?post=740694"}],"curies":[{"name":"wp","href":"https:\/\/api.w.org\/{rel}","templated":true}]}}