{"id":740714,"date":"2025-03-03T18:11:08","date_gmt":"2025-03-03T17:11:08","guid":{"rendered":"https:\/\/stoic-curie.212-227-153-4.plesk.page\/producto\/davac-nivoa-goriva-iz-cijevi-od-aluminija-vdo-l160\/"},"modified":"2026-02-25T00:00:46","modified_gmt":"2026-02-25T00:00:46","slug":"davac-nivoa-goriva-iz-cijevi-od-aluminija-vdo-l160","status":"publish","type":"product","link":"https:\/\/stoic-curie.212-227-153-4.plesk.page\/hr\/product\/davac-nivoa-goriva-iz-cijevi-od-aluminija-vdo-l160\/","title":{"rendered":"Dava\u010d nivoa goriva iz cijevi od aluminija VDO L160"},"content":{"rendered":"<p>Dava\u010d nivoa goriva iz cijevi od aluminija VDO L160 &#8211; <\/p>\n<p>VDO cijevni senzor goriva od nehr\u0111aju\u0107eg \u010delika s 5 rupa i promjerom rupa udaljenosti kota\u010da od 54 mm. Potpuno s protuflansom, vijcima i Superseal konektorom. Univerzalna 12\/24V napajanje. Kompatibilan s bilo kojim instrumentom s impedancijom od 60\/90 &#8211; 2\/5 Ohm.<\/p>\n","protected":false},"excerpt":{"rendered":"<p>Dava\u010d nivoa goriva iz cijevi od aluminija VDO L160 &#8211; VDO cijevni senzor goriva od nehr\u0111aju\u0107eg \u010delika s 5 rupa<\/p>\n","protected":false},"featured_media":5939493,"comment_status":"open","ping_status":"closed","template":"","meta":[],"product_brand":[3511],"product_cat":[1782],"product_tag":[],"class_list":{"0":"post-740714","1":"product","2":"type-product","3":"status-publish","4":"has-post-thumbnail","6":"product_brand-vdo-veratron-hr","7":"product_cat-mjeraci-razine-goriva-i-davaci","9":"first","10":"outofstock","11":"shipping-taxable","12":"purchasable","13":"product-type-simple"},"_links":{"self":[{"href":"https:\/\/stoic-curie.212-227-153-4.plesk.page\/hr\/wp-json\/wp\/v2\/product\/740714","targetHints":{"allow":["GET"]}}],"collection":[{"href":"https:\/\/stoic-curie.212-227-153-4.plesk.page\/hr\/wp-json\/wp\/v2\/product"}],"about":[{"href":"https:\/\/stoic-curie.212-227-153-4.plesk.page\/hr\/wp-json\/wp\/v2\/types\/product"}],"replies":[{"embeddable":true,"href":"https:\/\/stoic-curie.212-227-153-4.plesk.page\/hr\/wp-json\/wp\/v2\/comments?post=740714"}],"version-history":[{"count":0,"href":"https:\/\/stoic-curie.212-227-153-4.plesk.page\/hr\/wp-json\/wp\/v2\/product\/740714\/revisions"}],"wp:featuredmedia":[{"embeddable":true,"href":"https:\/\/stoic-curie.212-227-153-4.plesk.page\/hr\/wp-json\/wp\/v2\/media\/5939493"}],"wp:attachment":[{"href":"https:\/\/stoic-curie.212-227-153-4.plesk.page\/hr\/wp-json\/wp\/v2\/media?parent=740714"}],"wp:term":[{"taxonomy":"product_brand","embeddable":true,"href":"https:\/\/stoic-curie.212-227-153-4.plesk.page\/hr\/wp-json\/wp\/v2\/product_brand?post=740714"},{"taxonomy":"product_cat","embeddable":true,"href":"https:\/\/stoic-curie.212-227-153-4.plesk.page\/hr\/wp-json\/wp\/v2\/product_cat?post=740714"},{"taxonomy":"product_tag","embeddable":true,"href":"https:\/\/stoic-curie.212-227-153-4.plesk.page\/hr\/wp-json\/wp\/v2\/product_tag?post=740714"}],"curies":[{"name":"wp","href":"https:\/\/api.w.org\/{rel}","templated":true}]}}