{"id":740725,"date":"2025-03-03T18:11:11","date_gmt":"2025-03-03T17:11:11","guid":{"rendered":"https:\/\/stoic-curie.212-227-153-4.plesk.page\/producto\/osjetnik-razine-goriva-cijevni-700-mm-vdo-224-011-000-700x\/"},"modified":"2026-02-25T00:00:46","modified_gmt":"2026-02-25T00:00:46","slug":"osjetnik-razine-goriva-cijevni-700-mm-vdo-224-011-000-700x","status":"publish","type":"product","link":"https:\/\/stoic-curie.212-227-153-4.plesk.page\/hr\/product\/osjetnik-razine-goriva-cijevni-700-mm-vdo-224-011-000-700x\/","title":{"rendered":"Osjetnik razine goriva cijevni 700 mm ( VDO 224-011-000-700X)"},"content":{"rendered":"<p>Osjetnik razine goriva cijevni 700 mm ( VDO 224-011-000-700X) &#8211; <\/p>\n<p>VDO senzor za gorivo od nehr\u0111aju\u0107eg \u010delika s bradavicom s 5 rupa i razmakom kota\u010da promjera 54 mm. Uklju\u010duju\u0107i kontra bradavicu, vijke i Superseal konektor. Univerzalno napajanje 12\/24V. Kompatibilan s bilo kojim instrumentom s impedancijom 60\/90 &#8211; 2\/5 Ohm.<\/p>\n","protected":false},"excerpt":{"rendered":"<p>Osjetnik razine goriva cijevni 700 mm ( VDO 224-011-000-700X) &#8211; VDO senzor za gorivo od nehr\u0111aju\u0107eg \u010delika s bradavicom s<\/p>\n","protected":false},"featured_media":5939493,"comment_status":"open","ping_status":"closed","template":"","meta":[],"product_brand":[3511],"product_cat":[1782],"product_tag":[],"class_list":{"0":"post-740725","1":"product","2":"type-product","3":"status-publish","4":"has-post-thumbnail","6":"product_brand-vdo-veratron-hr","7":"product_cat-mjeraci-razine-goriva-i-davaci","9":"first","10":"instock","11":"shipping-taxable","12":"purchasable","13":"product-type-simple"},"_links":{"self":[{"href":"https:\/\/stoic-curie.212-227-153-4.plesk.page\/hr\/wp-json\/wp\/v2\/product\/740725","targetHints":{"allow":["GET"]}}],"collection":[{"href":"https:\/\/stoic-curie.212-227-153-4.plesk.page\/hr\/wp-json\/wp\/v2\/product"}],"about":[{"href":"https:\/\/stoic-curie.212-227-153-4.plesk.page\/hr\/wp-json\/wp\/v2\/types\/product"}],"replies":[{"embeddable":true,"href":"https:\/\/stoic-curie.212-227-153-4.plesk.page\/hr\/wp-json\/wp\/v2\/comments?post=740725"}],"version-history":[{"count":0,"href":"https:\/\/stoic-curie.212-227-153-4.plesk.page\/hr\/wp-json\/wp\/v2\/product\/740725\/revisions"}],"wp:featuredmedia":[{"embeddable":true,"href":"https:\/\/stoic-curie.212-227-153-4.plesk.page\/hr\/wp-json\/wp\/v2\/media\/5939493"}],"wp:attachment":[{"href":"https:\/\/stoic-curie.212-227-153-4.plesk.page\/hr\/wp-json\/wp\/v2\/media?parent=740725"}],"wp:term":[{"taxonomy":"product_brand","embeddable":true,"href":"https:\/\/stoic-curie.212-227-153-4.plesk.page\/hr\/wp-json\/wp\/v2\/product_brand?post=740725"},{"taxonomy":"product_cat","embeddable":true,"href":"https:\/\/stoic-curie.212-227-153-4.plesk.page\/hr\/wp-json\/wp\/v2\/product_cat?post=740725"},{"taxonomy":"product_tag","embeddable":true,"href":"https:\/\/stoic-curie.212-227-153-4.plesk.page\/hr\/wp-json\/wp\/v2\/product_tag?post=740725"}],"curies":[{"name":"wp","href":"https:\/\/api.w.org\/{rel}","templated":true}]}}