{"id":740732,"date":"2025-03-03T18:11:13","date_gmt":"2025-03-03T17:11:13","guid":{"rendered":"https:\/\/stoic-curie.212-227-153-4.plesk.page\/producto\/cijevni-senzor-od-nehrdajuceg-celika-vdo-300mm\/"},"modified":"2026-02-25T00:00:47","modified_gmt":"2026-02-25T00:00:47","slug":"cijevni-senzor-od-nehrdajuceg-celika-vdo-300mm","status":"publish","type":"product","link":"https:\/\/stoic-curie.212-227-153-4.plesk.page\/hr\/product\/cijevni-senzor-od-nehrdajuceg-celika-vdo-300mm\/","title":{"rendered":"Cijevni senzor od nehr\u0111aju\u0107eg \u010delika VDO 300mm"},"content":{"rendered":"<p>Cijevni senzor od nehr\u0111aju\u0107eg \u010delika VDO 300mm &#8211; <\/p>\n<p>VDO senzori od nehr\u0111aju\u0107eg \u010delika za pra\u0107enje razine teku\u0107ina svih vrsta, od vode do goriva. Flan\u0161 s 5 rupa, promjer rupa osovinskog razmaka 54 mm. Univerzalno napajanje 12\/24V. Kompatibilan s bilo kojim instrumentom s impedancijom 0-180 Ohm.<\/p>\n","protected":false},"excerpt":{"rendered":"<p>Cijevni senzor od nehr\u0111aju\u0107eg \u010delika VDO 300mm &#8211; VDO senzori od nehr\u0111aju\u0107eg \u010delika za pra\u0107enje razine teku\u0107ina svih vrsta, od<\/p>\n","protected":false},"featured_media":5939495,"comment_status":"open","ping_status":"closed","template":"","meta":[],"product_brand":[3511],"product_cat":[1782,1658],"product_tag":[],"class_list":{"0":"post-740732","1":"product","2":"type-product","3":"status-publish","4":"has-post-thumbnail","6":"product_brand-vdo-veratron-hr","7":"product_cat-mjeraci-razine-goriva-i-davaci","8":"product_cat-mjeraci-razine-vode-i-davaci-razine","10":"first","11":"instock","12":"shipping-taxable","13":"purchasable","14":"product-type-simple"},"_links":{"self":[{"href":"https:\/\/stoic-curie.212-227-153-4.plesk.page\/hr\/wp-json\/wp\/v2\/product\/740732","targetHints":{"allow":["GET"]}}],"collection":[{"href":"https:\/\/stoic-curie.212-227-153-4.plesk.page\/hr\/wp-json\/wp\/v2\/product"}],"about":[{"href":"https:\/\/stoic-curie.212-227-153-4.plesk.page\/hr\/wp-json\/wp\/v2\/types\/product"}],"replies":[{"embeddable":true,"href":"https:\/\/stoic-curie.212-227-153-4.plesk.page\/hr\/wp-json\/wp\/v2\/comments?post=740732"}],"version-history":[{"count":0,"href":"https:\/\/stoic-curie.212-227-153-4.plesk.page\/hr\/wp-json\/wp\/v2\/product\/740732\/revisions"}],"wp:featuredmedia":[{"embeddable":true,"href":"https:\/\/stoic-curie.212-227-153-4.plesk.page\/hr\/wp-json\/wp\/v2\/media\/5939495"}],"wp:attachment":[{"href":"https:\/\/stoic-curie.212-227-153-4.plesk.page\/hr\/wp-json\/wp\/v2\/media?parent=740732"}],"wp:term":[{"taxonomy":"product_brand","embeddable":true,"href":"https:\/\/stoic-curie.212-227-153-4.plesk.page\/hr\/wp-json\/wp\/v2\/product_brand?post=740732"},{"taxonomy":"product_cat","embeddable":true,"href":"https:\/\/stoic-curie.212-227-153-4.plesk.page\/hr\/wp-json\/wp\/v2\/product_cat?post=740732"},{"taxonomy":"product_tag","embeddable":true,"href":"https:\/\/stoic-curie.212-227-153-4.plesk.page\/hr\/wp-json\/wp\/v2\/product_tag?post=740732"}],"curies":[{"name":"wp","href":"https:\/\/api.w.org\/{rel}","templated":true}]}}