{"id":740738,"date":"2025-03-03T18:11:14","date_gmt":"2025-03-03T17:11:14","guid":{"rendered":"https:\/\/stoic-curie.212-227-153-4.plesk.page\/producto\/brojac-sati-0-99999h-uflex-ultra-black-52-mm\/"},"modified":"2026-02-25T00:00:47","modified_gmt":"2026-02-25T00:00:47","slug":"brojac-sati-0-99999h-uflex-ultra-black-52-mm","status":"publish","type":"product","link":"https:\/\/stoic-curie.212-227-153-4.plesk.page\/hr\/product\/brojac-sati-0-99999h-uflex-ultra-black-52-mm\/","title":{"rendered":"Broja\u010d sati 0-99999H Uflex Ultra Black 52 mm"},"content":{"rendered":"<p>Broja\u010d sati 0-99999H Uflex Ultra Black 52 mm &#8211; <\/p>\n<p>Uflex IP67 vodootporni instrumenti s dvostrukom oja\u010danom le\u0107om protiv kondenzacije. Crni plasti\u010dni okvir i crna broj\u010danik. Univerzalni napon od 12\/24V s prilagodljivim crvenim ili \u017eutim pozadinskim osvjetljenjem. Plug and play instalacija s priklju\u010denim Molex konektorom. Svi pokazatelji pritiska, temperature, razine i kuta moraju biti opremljeni senzorima. GPS indikator brzine dolazi s prijemnikom i antenom.<\/p>\n","protected":false},"excerpt":{"rendered":"<p>Broja\u010d sati 0-99999H Uflex Ultra Black 52 mm &#8211; Uflex IP67 vodootporni instrumenti s dvostrukom oja\u010danom le\u0107om protiv kondenzacije. Crni<\/p>\n","protected":false},"featured_media":5936067,"comment_status":"open","ping_status":"closed","template":"","meta":[],"product_brand":[3501],"product_cat":[1807],"product_tag":[],"class_list":{"0":"post-740738","1":"product","2":"type-product","3":"status-publish","4":"has-post-thumbnail","6":"product_brand-ultraflex-uflex-hr","7":"product_cat-uflex-instrumenti","9":"first","10":"instock","11":"shipping-taxable","12":"purchasable","13":"product-type-simple"},"_links":{"self":[{"href":"https:\/\/stoic-curie.212-227-153-4.plesk.page\/hr\/wp-json\/wp\/v2\/product\/740738","targetHints":{"allow":["GET"]}}],"collection":[{"href":"https:\/\/stoic-curie.212-227-153-4.plesk.page\/hr\/wp-json\/wp\/v2\/product"}],"about":[{"href":"https:\/\/stoic-curie.212-227-153-4.plesk.page\/hr\/wp-json\/wp\/v2\/types\/product"}],"replies":[{"embeddable":true,"href":"https:\/\/stoic-curie.212-227-153-4.plesk.page\/hr\/wp-json\/wp\/v2\/comments?post=740738"}],"version-history":[{"count":0,"href":"https:\/\/stoic-curie.212-227-153-4.plesk.page\/hr\/wp-json\/wp\/v2\/product\/740738\/revisions"}],"wp:featuredmedia":[{"embeddable":true,"href":"https:\/\/stoic-curie.212-227-153-4.plesk.page\/hr\/wp-json\/wp\/v2\/media\/5936067"}],"wp:attachment":[{"href":"https:\/\/stoic-curie.212-227-153-4.plesk.page\/hr\/wp-json\/wp\/v2\/media?parent=740738"}],"wp:term":[{"taxonomy":"product_brand","embeddable":true,"href":"https:\/\/stoic-curie.212-227-153-4.plesk.page\/hr\/wp-json\/wp\/v2\/product_brand?post=740738"},{"taxonomy":"product_cat","embeddable":true,"href":"https:\/\/stoic-curie.212-227-153-4.plesk.page\/hr\/wp-json\/wp\/v2\/product_cat?post=740738"},{"taxonomy":"product_tag","embeddable":true,"href":"https:\/\/stoic-curie.212-227-153-4.plesk.page\/hr\/wp-json\/wp\/v2\/product_tag?post=740738"}],"curies":[{"name":"wp","href":"https:\/\/api.w.org\/{rel}","templated":true}]}}