{"id":740740,"date":"2025-03-03T18:11:14","date_gmt":"2025-03-03T17:11:14","guid":{"rendered":"https:\/\/stoic-curie.212-227-153-4.plesk.page\/producto\/ampermetar-sa-shuntom-uflex-ultra-bijeli-60a-60a-52mm\/"},"modified":"2026-02-25T00:00:47","modified_gmt":"2026-02-25T00:00:47","slug":"ampermetar-sa-shuntom-uflex-ultra-bijeli-60a-60a-52mm","status":"publish","type":"product","link":"https:\/\/stoic-curie.212-227-153-4.plesk.page\/hr\/product\/ampermetar-sa-shuntom-uflex-ultra-bijeli-60a-60a-52mm\/","title":{"rendered":"Ampermetar sa shuntom, Uflex Ultra bijeli -60a + 60a 52mm"},"content":{"rendered":"<p>Ampermetar sa shuntom, Uflex Ultra bijeli -60a + 60a 52mm &#8211; <\/p>\n<p>Uflex IP67 vodootporni instrumenti s dvostrukim slojem oja\u010dane le\u0107e protiv kondenzacije. Plasti\u010dni crni okvir i bijela plo\u010da. Univerzalni napon 12\/24V s prilagodljivim crvenim ili \u017eutim pozadinskim osvjetljenjem. Plug and play instalacija potpuna s \u017ei\u010danim Molex priklju\u010dkom. Svi indikatori pritiska, temperature, razine i kuta moraju biti opremljeni senzorima. GPS indikator brzine dolazi s prijemnikom i antenom.<\/p>\n","protected":false},"excerpt":{"rendered":"<p>Ampermetar sa shuntom, Uflex Ultra bijeli -60a + 60a 52mm &#8211; Uflex IP67 vodootporni instrumenti s dvostrukim slojem oja\u010dane le\u0107e<\/p>\n","protected":false},"featured_media":5936072,"comment_status":"open","ping_status":"closed","template":"","meta":[],"product_brand":[3501],"product_cat":[1729,1807],"product_tag":[],"class_list":{"0":"post-740740","1":"product","2":"type-product","3":"status-publish","4":"has-post-thumbnail","6":"product_brand-ultraflex-uflex-hr","7":"product_cat-baterije","8":"product_cat-uflex-instrumenti","10":"first","11":"instock","12":"shipping-taxable","13":"purchasable","14":"product-type-simple"},"_links":{"self":[{"href":"https:\/\/stoic-curie.212-227-153-4.plesk.page\/hr\/wp-json\/wp\/v2\/product\/740740","targetHints":{"allow":["GET"]}}],"collection":[{"href":"https:\/\/stoic-curie.212-227-153-4.plesk.page\/hr\/wp-json\/wp\/v2\/product"}],"about":[{"href":"https:\/\/stoic-curie.212-227-153-4.plesk.page\/hr\/wp-json\/wp\/v2\/types\/product"}],"replies":[{"embeddable":true,"href":"https:\/\/stoic-curie.212-227-153-4.plesk.page\/hr\/wp-json\/wp\/v2\/comments?post=740740"}],"version-history":[{"count":0,"href":"https:\/\/stoic-curie.212-227-153-4.plesk.page\/hr\/wp-json\/wp\/v2\/product\/740740\/revisions"}],"wp:featuredmedia":[{"embeddable":true,"href":"https:\/\/stoic-curie.212-227-153-4.plesk.page\/hr\/wp-json\/wp\/v2\/media\/5936072"}],"wp:attachment":[{"href":"https:\/\/stoic-curie.212-227-153-4.plesk.page\/hr\/wp-json\/wp\/v2\/media?parent=740740"}],"wp:term":[{"taxonomy":"product_brand","embeddable":true,"href":"https:\/\/stoic-curie.212-227-153-4.plesk.page\/hr\/wp-json\/wp\/v2\/product_brand?post=740740"},{"taxonomy":"product_cat","embeddable":true,"href":"https:\/\/stoic-curie.212-227-153-4.plesk.page\/hr\/wp-json\/wp\/v2\/product_cat?post=740740"},{"taxonomy":"product_tag","embeddable":true,"href":"https:\/\/stoic-curie.212-227-153-4.plesk.page\/hr\/wp-json\/wp\/v2\/product_tag?post=740740"}],"curies":[{"name":"wp","href":"https:\/\/api.w.org\/{rel}","templated":true}]}}