{"id":740744,"date":"2025-03-03T18:11:15","date_gmt":"2025-03-03T17:11:15","guid":{"rendered":"https:\/\/stoic-curie.212-227-153-4.plesk.page\/producto\/univerzalni-senzor-za-vodu-i-gorivo-10-180-ohma-600-mm\/"},"modified":"2026-02-25T00:00:47","modified_gmt":"2026-02-25T00:00:47","slug":"univerzalni-senzor-za-vodu-i-gorivo-10-180-ohma-600-mm","status":"publish","type":"product","link":"https:\/\/stoic-curie.212-227-153-4.plesk.page\/hr\/product\/univerzalni-senzor-za-vodu-i-gorivo-10-180-ohma-600-mm\/","title":{"rendered":"Univerzalni senzor za vodu i gorivo 10 -180 ohma 600 mm"},"content":{"rendered":"<p>Univerzalni senzor za vodu i gorivo 10 -180 ohma 600 mm &#8211; <\/p>\n<p>Vertikalni senzori razine vode\/goriva s VDO tipom flan\u0161om od 5 rupa i navojem od 1&#8243;1\/4&#8221;. Tijelo od nehr\u0111aju\u0107eg \u010delika 316. Impedancija 10 &#8211; 180 Ohm (prazno-puno). Pogodno za VDO &#8211; YAZAKI &#8211; FARIA EUROPE instrumente.<\/p>\n","protected":false},"excerpt":{"rendered":"<p>Univerzalni senzor za vodu i gorivo 10 -180 ohma 600 mm &#8211; Vertikalni senzori razine vode\/goriva s VDO tipom flan\u0161om<\/p>\n","protected":false},"featured_media":5939520,"comment_status":"open","ping_status":"closed","template":"","meta":[],"product_brand":[2831],"product_cat":[1782,1658],"product_tag":[],"class_list":{"0":"post-740744","1":"product","2":"type-product","3":"status-publish","4":"has-post-thumbnail","6":"product_brand-blue-sea-systems-hr","7":"product_cat-mjeraci-razine-goriva-i-davaci","8":"product_cat-mjeraci-razine-vode-i-davaci-razine","10":"first","11":"instock","12":"shipping-taxable","13":"purchasable","14":"product-type-simple"},"_links":{"self":[{"href":"https:\/\/stoic-curie.212-227-153-4.plesk.page\/hr\/wp-json\/wp\/v2\/product\/740744","targetHints":{"allow":["GET"]}}],"collection":[{"href":"https:\/\/stoic-curie.212-227-153-4.plesk.page\/hr\/wp-json\/wp\/v2\/product"}],"about":[{"href":"https:\/\/stoic-curie.212-227-153-4.plesk.page\/hr\/wp-json\/wp\/v2\/types\/product"}],"replies":[{"embeddable":true,"href":"https:\/\/stoic-curie.212-227-153-4.plesk.page\/hr\/wp-json\/wp\/v2\/comments?post=740744"}],"version-history":[{"count":0,"href":"https:\/\/stoic-curie.212-227-153-4.plesk.page\/hr\/wp-json\/wp\/v2\/product\/740744\/revisions"}],"wp:featuredmedia":[{"embeddable":true,"href":"https:\/\/stoic-curie.212-227-153-4.plesk.page\/hr\/wp-json\/wp\/v2\/media\/5939520"}],"wp:attachment":[{"href":"https:\/\/stoic-curie.212-227-153-4.plesk.page\/hr\/wp-json\/wp\/v2\/media?parent=740744"}],"wp:term":[{"taxonomy":"product_brand","embeddable":true,"href":"https:\/\/stoic-curie.212-227-153-4.plesk.page\/hr\/wp-json\/wp\/v2\/product_brand?post=740744"},{"taxonomy":"product_cat","embeddable":true,"href":"https:\/\/stoic-curie.212-227-153-4.plesk.page\/hr\/wp-json\/wp\/v2\/product_cat?post=740744"},{"taxonomy":"product_tag","embeddable":true,"href":"https:\/\/stoic-curie.212-227-153-4.plesk.page\/hr\/wp-json\/wp\/v2\/product_tag?post=740744"}],"curies":[{"name":"wp","href":"https:\/\/api.w.org\/{rel}","templated":true}]}}