{"id":740750,"date":"2025-03-03T18:11:17","date_gmt":"2025-03-03T17:11:17","guid":{"rendered":"https:\/\/stoic-curie.212-227-153-4.plesk.page\/producto\/polirani-mesingani-termo-hygrometer-120mm\/"},"modified":"2026-02-25T00:00:47","modified_gmt":"2026-02-25T00:00:47","slug":"polirani-mesingani-termo-hygrometer-120mm","status":"publish","type":"product","link":"https:\/\/stoic-curie.212-227-153-4.plesk.page\/hr\/product\/polirani-mesingani-termo-hygrometer-120mm\/","title":{"rendered":"Polirani mesingani termo-hygrometer 120mm"},"content":{"rendered":"<p>Polirani mesingani termo-hygrometer 120mm &#8211; <\/p>\n<p>Profesionalni vremenski instrumenti od masivnog mesinga, polirani vatrom, klase 120. \u0160arkasti i zaklju\u010dani prozor za jednostavno odr\u017eavanje i promjenu baterije. Ekstremno prozirno, otporno mineralno staklo. \u010cvrsta izrada s visokom kvalitetom zavr\u0161ne obrade.<\/p>\n","protected":false},"excerpt":{"rendered":"<p>Polirani mesingani termo-hygrometer 120mm &#8211; Profesionalni vremenski instrumenti od masivnog mesinga, polirani vatrom, klase 120. \u0160arkasti i zaklju\u010dani prozor za<\/p>\n","protected":false},"featured_media":5937033,"comment_status":"open","ping_status":"closed","template":"","meta":[],"product_brand":[2816],"product_cat":[1640,1777],"product_tag":[],"class_list":{"0":"post-740750","1":"product","2":"type-product","3":"status-publish","4":"has-post-thumbnail","6":"product_brand-barigo-hr","7":"product_cat-nauticki-dekor","8":"product_cat-nauticki-instrumenti","10":"first","11":"instock","12":"shipping-taxable","13":"purchasable","14":"product-type-simple"},"_links":{"self":[{"href":"https:\/\/stoic-curie.212-227-153-4.plesk.page\/hr\/wp-json\/wp\/v2\/product\/740750","targetHints":{"allow":["GET"]}}],"collection":[{"href":"https:\/\/stoic-curie.212-227-153-4.plesk.page\/hr\/wp-json\/wp\/v2\/product"}],"about":[{"href":"https:\/\/stoic-curie.212-227-153-4.plesk.page\/hr\/wp-json\/wp\/v2\/types\/product"}],"replies":[{"embeddable":true,"href":"https:\/\/stoic-curie.212-227-153-4.plesk.page\/hr\/wp-json\/wp\/v2\/comments?post=740750"}],"version-history":[{"count":0,"href":"https:\/\/stoic-curie.212-227-153-4.plesk.page\/hr\/wp-json\/wp\/v2\/product\/740750\/revisions"}],"wp:featuredmedia":[{"embeddable":true,"href":"https:\/\/stoic-curie.212-227-153-4.plesk.page\/hr\/wp-json\/wp\/v2\/media\/5937033"}],"wp:attachment":[{"href":"https:\/\/stoic-curie.212-227-153-4.plesk.page\/hr\/wp-json\/wp\/v2\/media?parent=740750"}],"wp:term":[{"taxonomy":"product_brand","embeddable":true,"href":"https:\/\/stoic-curie.212-227-153-4.plesk.page\/hr\/wp-json\/wp\/v2\/product_brand?post=740750"},{"taxonomy":"product_cat","embeddable":true,"href":"https:\/\/stoic-curie.212-227-153-4.plesk.page\/hr\/wp-json\/wp\/v2\/product_cat?post=740750"},{"taxonomy":"product_tag","embeddable":true,"href":"https:\/\/stoic-curie.212-227-153-4.plesk.page\/hr\/wp-json\/wp\/v2\/product_tag?post=740750"}],"curies":[{"name":"wp","href":"https:\/\/api.w.org\/{rel}","templated":true}]}}