{"id":740751,"date":"2025-03-03T18:11:17","date_gmt":"2025-03-03T17:11:17","guid":{"rendered":"https:\/\/stoic-curie.212-227-153-4.plesk.page\/producto\/meteoroloska-stanica-od-poliranog-mesinga-sa-cirkonijem-360x150mm\/"},"modified":"2026-02-25T00:00:47","modified_gmt":"2026-02-25T00:00:47","slug":"meteoroloska-stanica-od-poliranog-mesinga-sa-cirkonijem-360x150mm","status":"publish","type":"product","link":"https:\/\/stoic-curie.212-227-153-4.plesk.page\/hr\/product\/meteoroloska-stanica-od-poliranog-mesinga-sa-cirkonijem-360x150mm\/","title":{"rendered":"Meteorolo\u0161ka stanica od poliranog mesinga sa cirkonijem, 360x150mm"},"content":{"rendered":"<p>Meteorolo\u0161ka stanica od poliranog mesinga sa cirkonijem, 360x150mm &#8211; <\/p>\n<p>Meteorolo\u0161ka stanica s instrumentima od cirkonija oblo\u017eenim poliranim mesingom. Barometar, sat i termo\/higrometar montirani su na dragocjeno drveno platno. Horizontalna stanica isporu\u010duje se s potporom za stol. Promjer instrumenata 100 mm.<\/p>\n","protected":false},"excerpt":{"rendered":"<p>Meteorolo\u0161ka stanica od poliranog mesinga sa cirkonijem, 360x150mm &#8211; Meteorolo\u0161ka stanica s instrumentima od cirkonija oblo\u017eenim poliranim mesingom. Barometar, sat<\/p>\n","protected":false},"featured_media":5939523,"comment_status":"open","ping_status":"closed","template":"","meta":[],"product_brand":[2946],"product_cat":[1640,1777],"product_tag":[],"class_list":{"0":"post-740751","1":"product","2":"type-product","3":"status-publish","4":"has-post-thumbnail","6":"product_brand-foresti-suardi-hr","7":"product_cat-nauticki-dekor","8":"product_cat-nauticki-instrumenti","10":"first","11":"instock","12":"shipping-taxable","13":"purchasable","14":"product-type-simple"},"_links":{"self":[{"href":"https:\/\/stoic-curie.212-227-153-4.plesk.page\/hr\/wp-json\/wp\/v2\/product\/740751","targetHints":{"allow":["GET"]}}],"collection":[{"href":"https:\/\/stoic-curie.212-227-153-4.plesk.page\/hr\/wp-json\/wp\/v2\/product"}],"about":[{"href":"https:\/\/stoic-curie.212-227-153-4.plesk.page\/hr\/wp-json\/wp\/v2\/types\/product"}],"replies":[{"embeddable":true,"href":"https:\/\/stoic-curie.212-227-153-4.plesk.page\/hr\/wp-json\/wp\/v2\/comments?post=740751"}],"version-history":[{"count":0,"href":"https:\/\/stoic-curie.212-227-153-4.plesk.page\/hr\/wp-json\/wp\/v2\/product\/740751\/revisions"}],"wp:featuredmedia":[{"embeddable":true,"href":"https:\/\/stoic-curie.212-227-153-4.plesk.page\/hr\/wp-json\/wp\/v2\/media\/5939523"}],"wp:attachment":[{"href":"https:\/\/stoic-curie.212-227-153-4.plesk.page\/hr\/wp-json\/wp\/v2\/media?parent=740751"}],"wp:term":[{"taxonomy":"product_brand","embeddable":true,"href":"https:\/\/stoic-curie.212-227-153-4.plesk.page\/hr\/wp-json\/wp\/v2\/product_brand?post=740751"},{"taxonomy":"product_cat","embeddable":true,"href":"https:\/\/stoic-curie.212-227-153-4.plesk.page\/hr\/wp-json\/wp\/v2\/product_cat?post=740751"},{"taxonomy":"product_tag","embeddable":true,"href":"https:\/\/stoic-curie.212-227-153-4.plesk.page\/hr\/wp-json\/wp\/v2\/product_tag?post=740751"}],"curies":[{"name":"wp","href":"https:\/\/api.w.org\/{rel}","templated":true}]}}