{"id":740752,"date":"2025-03-03T18:11:17","date_gmt":"2025-03-03T17:11:17","guid":{"rendered":"https:\/\/stoic-curie.212-227-153-4.plesk.page\/producto\/windex-15-pokazatelj-smjera-vjetra\/"},"modified":"2026-02-25T00:00:47","modified_gmt":"2026-02-25T00:00:47","slug":"windex-15-pokazatelj-smjera-vjetra","status":"publish","type":"product","link":"https:\/\/stoic-curie.212-227-153-4.plesk.page\/hr\/product\/windex-15-pokazatelj-smjera-vjetra\/","title":{"rendered":"Windex 15&#8243;; pokazatelj smjera vjetra"},"content":{"rendered":"<p>Windex 15&#8243;; pokazatelj smjera vjetra &#8211; <\/p>\n<p>Windex pokaziva\u010d smjera vjetra pru\u017ea to\u010dne informacije o pravcu aparantnog vjetra. Ovjes sa safirnim le\u017eajem, referentne utori koji se reflektiraju odozdo i prilagodljivi su pod kutom vjetra. Opcionalna LED no\u0107na svjetlost za sve modele, opcionalni kli\u017e za ptice samo za model od 15&#8243;.<\/p>\n","protected":false},"excerpt":{"rendered":"<p>Windex 15&#8243;; pokazatelj smjera vjetra &#8211; Windex pokaziva\u010d smjera vjetra pru\u017ea to\u010dne informacije o pravcu aparantnog vjetra. Ovjes sa safirnim<\/p>\n","protected":false},"featured_media":5939527,"comment_status":"open","ping_status":"closed","template":"","meta":[],"product_brand":[2270,3541],"product_cat":[1771,1776],"product_tag":[],"class_list":{"0":"post-740752","1":"product","2":"type-product","3":"status-publish","4":"has-post-thumbnail","6":"product_brand-windex","7":"product_brand-windex-hr","8":"product_cat-oprema-za-jedrilice-oprema-za-jedrilice","9":"product_cat-oprema-za-signalizaciju","11":"first","12":"instock","13":"shipping-taxable","14":"purchasable","15":"product-type-simple"},"_links":{"self":[{"href":"https:\/\/stoic-curie.212-227-153-4.plesk.page\/hr\/wp-json\/wp\/v2\/product\/740752","targetHints":{"allow":["GET"]}}],"collection":[{"href":"https:\/\/stoic-curie.212-227-153-4.plesk.page\/hr\/wp-json\/wp\/v2\/product"}],"about":[{"href":"https:\/\/stoic-curie.212-227-153-4.plesk.page\/hr\/wp-json\/wp\/v2\/types\/product"}],"replies":[{"embeddable":true,"href":"https:\/\/stoic-curie.212-227-153-4.plesk.page\/hr\/wp-json\/wp\/v2\/comments?post=740752"}],"version-history":[{"count":0,"href":"https:\/\/stoic-curie.212-227-153-4.plesk.page\/hr\/wp-json\/wp\/v2\/product\/740752\/revisions"}],"wp:featuredmedia":[{"embeddable":true,"href":"https:\/\/stoic-curie.212-227-153-4.plesk.page\/hr\/wp-json\/wp\/v2\/media\/5939527"}],"wp:attachment":[{"href":"https:\/\/stoic-curie.212-227-153-4.plesk.page\/hr\/wp-json\/wp\/v2\/media?parent=740752"}],"wp:term":[{"taxonomy":"product_brand","embeddable":true,"href":"https:\/\/stoic-curie.212-227-153-4.plesk.page\/hr\/wp-json\/wp\/v2\/product_brand?post=740752"},{"taxonomy":"product_cat","embeddable":true,"href":"https:\/\/stoic-curie.212-227-153-4.plesk.page\/hr\/wp-json\/wp\/v2\/product_cat?post=740752"},{"taxonomy":"product_tag","embeddable":true,"href":"https:\/\/stoic-curie.212-227-153-4.plesk.page\/hr\/wp-json\/wp\/v2\/product_tag?post=740752"}],"curies":[{"name":"wp","href":"https:\/\/api.w.org\/{rel}","templated":true}]}}