{"id":740753,"date":"2025-03-03T18:11:18","date_gmt":"2025-03-03T17:11:18","guid":{"rendered":"https:\/\/stoic-curie.212-227-153-4.plesk.page\/producto\/windex-23-580mm\/"},"modified":"2026-02-25T00:00:47","modified_gmt":"2026-02-25T00:00:47","slug":"windex-23-580mm","status":"publish","type":"product","link":"https:\/\/stoic-curie.212-227-153-4.plesk.page\/hr\/product\/windex-23-580mm\/","title":{"rendered":"Windex 23&#8243; 580mm"},"content":{"rendered":"<p>Windex 23&#8243; 580mm &#8211; <\/p>\n<p>Windex indikator smjera vjetra pru\u017ea to\u010dne informacije o smjeru prividnog vjetra. Ovjes na safirnim le\u017eajevima, referentne oznake koje se lomi odozdo i podesive su prema kutu vjetra. Opcionalna LED no\u0107na svjetlost za sve modele, opcijski pti\u010dji \u0161iljak samo za model od 15&#8243;.<\/p>\n","protected":false},"excerpt":{"rendered":"<p>Windex 23&#8243; 580mm &#8211; Windex indikator smjera vjetra pru\u017ea to\u010dne informacije o smjeru prividnog vjetra. Ovjes na safirnim le\u017eajevima, referentne<\/p>\n","protected":false},"featured_media":5939527,"comment_status":"open","ping_status":"closed","template":"","meta":[],"product_brand":[3541],"product_cat":[1771,1776],"product_tag":[],"class_list":{"0":"post-740753","1":"product","2":"type-product","3":"status-publish","4":"has-post-thumbnail","6":"product_brand-windex-hr","7":"product_cat-oprema-za-jedrilice-oprema-za-jedrilice","8":"product_cat-oprema-za-signalizaciju","10":"first","11":"instock","12":"shipping-taxable","13":"purchasable","14":"product-type-simple"},"_links":{"self":[{"href":"https:\/\/stoic-curie.212-227-153-4.plesk.page\/hr\/wp-json\/wp\/v2\/product\/740753","targetHints":{"allow":["GET"]}}],"collection":[{"href":"https:\/\/stoic-curie.212-227-153-4.plesk.page\/hr\/wp-json\/wp\/v2\/product"}],"about":[{"href":"https:\/\/stoic-curie.212-227-153-4.plesk.page\/hr\/wp-json\/wp\/v2\/types\/product"}],"replies":[{"embeddable":true,"href":"https:\/\/stoic-curie.212-227-153-4.plesk.page\/hr\/wp-json\/wp\/v2\/comments?post=740753"}],"version-history":[{"count":0,"href":"https:\/\/stoic-curie.212-227-153-4.plesk.page\/hr\/wp-json\/wp\/v2\/product\/740753\/revisions"}],"wp:featuredmedia":[{"embeddable":true,"href":"https:\/\/stoic-curie.212-227-153-4.plesk.page\/hr\/wp-json\/wp\/v2\/media\/5939527"}],"wp:attachment":[{"href":"https:\/\/stoic-curie.212-227-153-4.plesk.page\/hr\/wp-json\/wp\/v2\/media?parent=740753"}],"wp:term":[{"taxonomy":"product_brand","embeddable":true,"href":"https:\/\/stoic-curie.212-227-153-4.plesk.page\/hr\/wp-json\/wp\/v2\/product_brand?post=740753"},{"taxonomy":"product_cat","embeddable":true,"href":"https:\/\/stoic-curie.212-227-153-4.plesk.page\/hr\/wp-json\/wp\/v2\/product_cat?post=740753"},{"taxonomy":"product_tag","embeddable":true,"href":"https:\/\/stoic-curie.212-227-153-4.plesk.page\/hr\/wp-json\/wp\/v2\/product_tag?post=740753"}],"curies":[{"name":"wp","href":"https:\/\/api.w.org\/{rel}","templated":true}]}}