{"id":740754,"date":"2025-03-03T18:11:18","date_gmt":"2025-03-03T17:11:18","guid":{"rendered":"https:\/\/stoic-curie.212-227-153-4.plesk.page\/producto\/anemometar-termometar-i-higrometar-skywatch-atmos\/"},"modified":"2026-02-25T00:00:47","modified_gmt":"2026-02-25T00:00:47","slug":"anemometar-termometar-i-higrometar-skywatch-atmos","status":"publish","type":"product","link":"https:\/\/stoic-curie.212-227-153-4.plesk.page\/hr\/product\/anemometar-termometar-i-higrometar-skywatch-atmos\/","title":{"rendered":"Anemometar, termometar i higrometar Skywatch Atmos"},"content":{"rendered":"<p>Anemometar, termometar i higrometar Skywatch Atmos &#8211; <\/p>\n<p>Anemometar, termometar i higrometar, sve-u-jednom instrument. Savr\u0161en za precizno mjerenje vjetra, temperature i vla\u017enosti. Izra\u010dunava faktor hladno\u0107e vjetra. LCD ekran je podijeljen u tri dijela: brzina vjetra \u2013 vla\u017enost \u2013 temperatura.<\/p>\n","protected":false},"excerpt":{"rendered":"<p>Anemometar, termometar i higrometar Skywatch Atmos &#8211; Anemometar, termometar i higrometar, sve-u-jednom instrument. Savr\u0161en za precizno mjerenje vjetra, temperature i<\/p>\n","protected":false},"featured_media":5939535,"comment_status":"open","ping_status":"closed","template":"","meta":[],"product_brand":[3406],"product_cat":[1744,1777],"product_tag":[],"class_list":{"0":"post-740754","1":"product","2":"type-product","3":"status-publish","4":"has-post-thumbnail","6":"product_brand-skywatch-hr","7":"product_cat-brodska-elektronika","8":"product_cat-nauticki-instrumenti","10":"first","11":"instock","12":"shipping-taxable","13":"purchasable","14":"product-type-simple"},"_links":{"self":[{"href":"https:\/\/stoic-curie.212-227-153-4.plesk.page\/hr\/wp-json\/wp\/v2\/product\/740754","targetHints":{"allow":["GET"]}}],"collection":[{"href":"https:\/\/stoic-curie.212-227-153-4.plesk.page\/hr\/wp-json\/wp\/v2\/product"}],"about":[{"href":"https:\/\/stoic-curie.212-227-153-4.plesk.page\/hr\/wp-json\/wp\/v2\/types\/product"}],"replies":[{"embeddable":true,"href":"https:\/\/stoic-curie.212-227-153-4.plesk.page\/hr\/wp-json\/wp\/v2\/comments?post=740754"}],"version-history":[{"count":0,"href":"https:\/\/stoic-curie.212-227-153-4.plesk.page\/hr\/wp-json\/wp\/v2\/product\/740754\/revisions"}],"wp:featuredmedia":[{"embeddable":true,"href":"https:\/\/stoic-curie.212-227-153-4.plesk.page\/hr\/wp-json\/wp\/v2\/media\/5939535"}],"wp:attachment":[{"href":"https:\/\/stoic-curie.212-227-153-4.plesk.page\/hr\/wp-json\/wp\/v2\/media?parent=740754"}],"wp:term":[{"taxonomy":"product_brand","embeddable":true,"href":"https:\/\/stoic-curie.212-227-153-4.plesk.page\/hr\/wp-json\/wp\/v2\/product_brand?post=740754"},{"taxonomy":"product_cat","embeddable":true,"href":"https:\/\/stoic-curie.212-227-153-4.plesk.page\/hr\/wp-json\/wp\/v2\/product_cat?post=740754"},{"taxonomy":"product_tag","embeddable":true,"href":"https:\/\/stoic-curie.212-227-153-4.plesk.page\/hr\/wp-json\/wp\/v2\/product_tag?post=740754"}],"curies":[{"name":"wp","href":"https:\/\/api.w.org\/{rel}","templated":true}]}}