{"id":740772,"date":"2025-03-03T18:11:22","date_gmt":"2025-03-03T17:11:22","guid":{"rendered":"https:\/\/stoic-curie.212-227-153-4.plesk.page\/producto\/kuciste-riviera-prisma\/"},"modified":"2026-02-25T00:00:47","modified_gmt":"2026-02-25T00:00:47","slug":"kuciste-riviera-prisma","status":"publish","type":"product","link":"https:\/\/stoic-curie.212-227-153-4.plesk.page\/hr\/product\/kuciste-riviera-prisma\/","title":{"rendered":"Ku\u010di\u0161te Riviera Prisma"},"content":{"rendered":"<p>Ku\u010di\u0161te Riviera Prisma &#8211; <\/p>\n<p>Vrlo precizan i pouzdan ru\u010dni kompas Riviera Prisma. <br \/>\u2022 Sustav igle <br \/>\u2022 \u010citanje s prizmati\u010dne le\u0107e, 1\u00b0 podjela karte <br \/>\u2022 Vidljivi promjer karte: 2\u00e2\u0080\u009d 1\/4 (57,5mm) <br \/>\u2022 Zamka za mjehuri\u0107e zraka <br \/>\u2022 Uklju\u010dena baterijska rasvjeta <br \/>\u2022 Opcionalne torbice od podstavljene tkanine ili bukovine<\/p>\n","protected":false},"excerpt":{"rendered":"<p>Ku\u010di\u0161te Riviera Prisma &#8211; Vrlo precizan i pouzdan ru\u010dni kompas Riviera Prisma. \u2022 Sustav igle \u2022 \u010citanje s prizmati\u010dne le\u0107e,<\/p>\n","protected":false},"featured_media":5939551,"comment_status":"open","ping_status":"closed","template":"","meta":[],"product_brand":[3306],"product_cat":[1780,1775],"product_tag":[],"class_list":{"0":"post-740772","1":"product","2":"type-product","3":"status-publish","4":"has-post-thumbnail","6":"product_brand-riviera-hr","7":"product_cat-navigacijski-kompas","8":"product_cat-rucni-brodski-kompasi","10":"first","11":"instock","12":"shipping-taxable","13":"purchasable","14":"product-type-simple"},"_links":{"self":[{"href":"https:\/\/stoic-curie.212-227-153-4.plesk.page\/hr\/wp-json\/wp\/v2\/product\/740772","targetHints":{"allow":["GET"]}}],"collection":[{"href":"https:\/\/stoic-curie.212-227-153-4.plesk.page\/hr\/wp-json\/wp\/v2\/product"}],"about":[{"href":"https:\/\/stoic-curie.212-227-153-4.plesk.page\/hr\/wp-json\/wp\/v2\/types\/product"}],"replies":[{"embeddable":true,"href":"https:\/\/stoic-curie.212-227-153-4.plesk.page\/hr\/wp-json\/wp\/v2\/comments?post=740772"}],"version-history":[{"count":0,"href":"https:\/\/stoic-curie.212-227-153-4.plesk.page\/hr\/wp-json\/wp\/v2\/product\/740772\/revisions"}],"wp:featuredmedia":[{"embeddable":true,"href":"https:\/\/stoic-curie.212-227-153-4.plesk.page\/hr\/wp-json\/wp\/v2\/media\/5939551"}],"wp:attachment":[{"href":"https:\/\/stoic-curie.212-227-153-4.plesk.page\/hr\/wp-json\/wp\/v2\/media?parent=740772"}],"wp:term":[{"taxonomy":"product_brand","embeddable":true,"href":"https:\/\/stoic-curie.212-227-153-4.plesk.page\/hr\/wp-json\/wp\/v2\/product_brand?post=740772"},{"taxonomy":"product_cat","embeddable":true,"href":"https:\/\/stoic-curie.212-227-153-4.plesk.page\/hr\/wp-json\/wp\/v2\/product_cat?post=740772"},{"taxonomy":"product_tag","embeddable":true,"href":"https:\/\/stoic-curie.212-227-153-4.plesk.page\/hr\/wp-json\/wp\/v2\/product_tag?post=740772"}],"curies":[{"name":"wp","href":"https:\/\/api.w.org\/{rel}","templated":true}]}}