{"id":740776,"date":"2025-03-03T18:11:23","date_gmt":"2025-03-03T17:11:23","guid":{"rendered":"https:\/\/stoic-curie.212-227-153-4.plesk.page\/producto\/hammar-hidrostatsko-otpustanje-za-splav-za-spasavanje\/"},"modified":"2026-02-25T00:00:47","modified_gmt":"2026-02-25T00:00:47","slug":"hammar-hidrostatsko-otpustanje-za-splav-za-spasavanje","status":"publish","type":"product","link":"https:\/\/stoic-curie.212-227-153-4.plesk.page\/hr\/product\/hammar-hidrostatsko-otpustanje-za-splav-za-spasavanje\/","title":{"rendered":"Hammar hidrostatsko otpu\u0161tanje za splav za spa\u0161avanje"},"content":{"rendered":"<p>Hammar hidrostatsko otpu\u0161tanje za splav za spa\u0161avanje &#8211; <\/p>\n<p>Originalni Hammer H20 R hidrostati\u010dno otpu\u0161tanje za samonafutavaju\u0107e spasila\u010dke \u010damce. SOLAS i ISO9001 certifikacija od Bureau Veritas.<\/p>\n","protected":false},"excerpt":{"rendered":"<p>Hammar hidrostatsko otpu\u0161tanje za splav za spa\u0161avanje &#8211; Originalni Hammer H20 R hidrostati\u010dno otpu\u0161tanje za samonafutavaju\u0107e spasila\u010dke \u010damce. SOLAS i<\/p>\n","protected":false},"featured_media":5939573,"comment_status":"open","ping_status":"closed","template":"","meta":[],"product_brand":[2926],"product_cat":[1607],"product_tag":[],"class_list":{"0":"post-740776","1":"product","2":"type-product","3":"status-publish","4":"has-post-thumbnail","6":"product_brand-eurovinil-hr","7":"product_cat-splavi-za-spasavanje","9":"first","10":"instock","11":"shipping-taxable","12":"purchasable","13":"product-type-simple"},"_links":{"self":[{"href":"https:\/\/stoic-curie.212-227-153-4.plesk.page\/hr\/wp-json\/wp\/v2\/product\/740776","targetHints":{"allow":["GET"]}}],"collection":[{"href":"https:\/\/stoic-curie.212-227-153-4.plesk.page\/hr\/wp-json\/wp\/v2\/product"}],"about":[{"href":"https:\/\/stoic-curie.212-227-153-4.plesk.page\/hr\/wp-json\/wp\/v2\/types\/product"}],"replies":[{"embeddable":true,"href":"https:\/\/stoic-curie.212-227-153-4.plesk.page\/hr\/wp-json\/wp\/v2\/comments?post=740776"}],"version-history":[{"count":0,"href":"https:\/\/stoic-curie.212-227-153-4.plesk.page\/hr\/wp-json\/wp\/v2\/product\/740776\/revisions"}],"wp:featuredmedia":[{"embeddable":true,"href":"https:\/\/stoic-curie.212-227-153-4.plesk.page\/hr\/wp-json\/wp\/v2\/media\/5939573"}],"wp:attachment":[{"href":"https:\/\/stoic-curie.212-227-153-4.plesk.page\/hr\/wp-json\/wp\/v2\/media?parent=740776"}],"wp:term":[{"taxonomy":"product_brand","embeddable":true,"href":"https:\/\/stoic-curie.212-227-153-4.plesk.page\/hr\/wp-json\/wp\/v2\/product_brand?post=740776"},{"taxonomy":"product_cat","embeddable":true,"href":"https:\/\/stoic-curie.212-227-153-4.plesk.page\/hr\/wp-json\/wp\/v2\/product_cat?post=740776"},{"taxonomy":"product_tag","embeddable":true,"href":"https:\/\/stoic-curie.212-227-153-4.plesk.page\/hr\/wp-json\/wp\/v2\/product_tag?post=740776"}],"curies":[{"name":"wp","href":"https:\/\/api.w.org\/{rel}","templated":true}]}}