{"id":740780,"date":"2025-03-03T18:11:24","date_gmt":"2025-03-03T17:11:24","guid":{"rendered":"https:\/\/stoic-curie.212-227-153-4.plesk.page\/producto\/nozna-pumpa-za-napuhavanje-gp10-55-l\/"},"modified":"2026-02-25T00:00:47","modified_gmt":"2026-02-25T00:00:47","slug":"nozna-pumpa-za-napuhavanje-gp10-55-l","status":"publish","type":"product","link":"https:\/\/stoic-curie.212-227-153-4.plesk.page\/hr\/product\/nozna-pumpa-za-napuhavanje-gp10-55-l\/","title":{"rendered":"No\u017ena pumpa za napuhavanje GP10 5,5 l"},"content":{"rendered":"<p>No\u017ena pumpa za napuhavanje GP10 5,5 l &#8211; <\/p>\n<p>Inflatable GP10 noga pumpa s 2 zra\u010dnim komorama koja omogu\u0107uje jednostavno postizanje maksimalnog pritiska. Uklju\u010duje vizualni indikator prekomjernog pritiska i adaptere za ventile. Dimenzije: 35 x 25 x H8 cm.<\/p>\n","protected":false},"excerpt":{"rendered":"<p>No\u017ena pumpa za napuhavanje GP10 5,5 l &#8211; Inflatable GP10 noga pumpa s 2 zra\u010dnim komorama koja omogu\u0107uje jednostavno postizanje<\/p>\n","protected":false},"featured_media":5939595,"comment_status":"open","ping_status":"closed","template":"","meta":[],"product_brand":[2851],"product_cat":[1835],"product_tag":[],"class_list":{"0":"post-740780","1":"product","2":"type-product","3":"status-publish","4":"has-post-thumbnail","6":"product_brand-bravo-scoprega-hr","7":"product_cat-pumpe-za-pneumatske-camce","9":"first","10":"instock","11":"shipping-taxable","12":"purchasable","13":"product-type-simple"},"_links":{"self":[{"href":"https:\/\/stoic-curie.212-227-153-4.plesk.page\/hr\/wp-json\/wp\/v2\/product\/740780","targetHints":{"allow":["GET"]}}],"collection":[{"href":"https:\/\/stoic-curie.212-227-153-4.plesk.page\/hr\/wp-json\/wp\/v2\/product"}],"about":[{"href":"https:\/\/stoic-curie.212-227-153-4.plesk.page\/hr\/wp-json\/wp\/v2\/types\/product"}],"replies":[{"embeddable":true,"href":"https:\/\/stoic-curie.212-227-153-4.plesk.page\/hr\/wp-json\/wp\/v2\/comments?post=740780"}],"version-history":[{"count":0,"href":"https:\/\/stoic-curie.212-227-153-4.plesk.page\/hr\/wp-json\/wp\/v2\/product\/740780\/revisions"}],"wp:featuredmedia":[{"embeddable":true,"href":"https:\/\/stoic-curie.212-227-153-4.plesk.page\/hr\/wp-json\/wp\/v2\/media\/5939595"}],"wp:attachment":[{"href":"https:\/\/stoic-curie.212-227-153-4.plesk.page\/hr\/wp-json\/wp\/v2\/media?parent=740780"}],"wp:term":[{"taxonomy":"product_brand","embeddable":true,"href":"https:\/\/stoic-curie.212-227-153-4.plesk.page\/hr\/wp-json\/wp\/v2\/product_brand?post=740780"},{"taxonomy":"product_cat","embeddable":true,"href":"https:\/\/stoic-curie.212-227-153-4.plesk.page\/hr\/wp-json\/wp\/v2\/product_cat?post=740780"},{"taxonomy":"product_tag","embeddable":true,"href":"https:\/\/stoic-curie.212-227-153-4.plesk.page\/hr\/wp-json\/wp\/v2\/product_tag?post=740780"}],"curies":[{"name":"wp","href":"https:\/\/api.w.org\/{rel}","templated":true}]}}