{"id":740781,"date":"2025-03-03T18:11:24","date_gmt":"2025-03-03T17:11:24","guid":{"rendered":"https:\/\/stoic-curie.212-227-153-4.plesk.page\/producto\/elektricna-pumpa-za-napuhavanje-bravo-bst-300-12-v\/"},"modified":"2026-02-25T00:00:47","modified_gmt":"2026-02-25T00:00:47","slug":"elektricna-pumpa-za-napuhavanje-bravo-bst-300-12-v","status":"publish","type":"product","link":"https:\/\/stoic-curie.212-227-153-4.plesk.page\/hr\/product\/elektricna-pumpa-za-napuhavanje-bravo-bst-300-12-v\/","title":{"rendered":"Elektricna pumpa za napuhavanje Bravo BST 300 12 V"},"content":{"rendered":"<p>Elektricna pumpa za napuhavanje Bravo BST 300 12 V &#8211; <\/p>\n<p>GE 10-3 elektri\u010dni visokonaponski napuhiva\u010d. Zahvaljuju\u0107i motoru s dva stupnja mo\u017ee napuhati ili ispustiti \u010damac du\u017eine 4 metra za 5 minuta. Uklju\u010duje torbu za rame, cijev od 1,7 metara i adaptere za ventile. Napajanje s stezaljkama za baterije ili 12V utika\u010dem za upalja\u010d. Maksimalna potro\u0161nja 13A. Dimenzije: 11 x 16 x 24 cm.<\/p>\n","protected":false},"excerpt":{"rendered":"<p>Elektricna pumpa za napuhavanje Bravo BST 300 12 V &#8211; GE 10-3 elektri\u010dni visokonaponski napuhiva\u010d. Zahvaljuju\u0107i motoru s dva stupnja<\/p>\n","protected":false},"featured_media":5939596,"comment_status":"open","ping_status":"closed","template":"","meta":[],"product_brand":[2851],"product_cat":[1835],"product_tag":[],"class_list":{"0":"post-740781","1":"product","2":"type-product","3":"status-publish","4":"has-post-thumbnail","6":"product_brand-bravo-scoprega-hr","7":"product_cat-pumpe-za-pneumatske-camce","9":"first","10":"instock","11":"shipping-taxable","12":"purchasable","13":"product-type-simple"},"_links":{"self":[{"href":"https:\/\/stoic-curie.212-227-153-4.plesk.page\/hr\/wp-json\/wp\/v2\/product\/740781","targetHints":{"allow":["GET"]}}],"collection":[{"href":"https:\/\/stoic-curie.212-227-153-4.plesk.page\/hr\/wp-json\/wp\/v2\/product"}],"about":[{"href":"https:\/\/stoic-curie.212-227-153-4.plesk.page\/hr\/wp-json\/wp\/v2\/types\/product"}],"replies":[{"embeddable":true,"href":"https:\/\/stoic-curie.212-227-153-4.plesk.page\/hr\/wp-json\/wp\/v2\/comments?post=740781"}],"version-history":[{"count":0,"href":"https:\/\/stoic-curie.212-227-153-4.plesk.page\/hr\/wp-json\/wp\/v2\/product\/740781\/revisions"}],"wp:featuredmedia":[{"embeddable":true,"href":"https:\/\/stoic-curie.212-227-153-4.plesk.page\/hr\/wp-json\/wp\/v2\/media\/5939596"}],"wp:attachment":[{"href":"https:\/\/stoic-curie.212-227-153-4.plesk.page\/hr\/wp-json\/wp\/v2\/media?parent=740781"}],"wp:term":[{"taxonomy":"product_brand","embeddable":true,"href":"https:\/\/stoic-curie.212-227-153-4.plesk.page\/hr\/wp-json\/wp\/v2\/product_brand?post=740781"},{"taxonomy":"product_cat","embeddable":true,"href":"https:\/\/stoic-curie.212-227-153-4.plesk.page\/hr\/wp-json\/wp\/v2\/product_cat?post=740781"},{"taxonomy":"product_tag","embeddable":true,"href":"https:\/\/stoic-curie.212-227-153-4.plesk.page\/hr\/wp-json\/wp\/v2\/product_tag?post=740781"}],"curies":[{"name":"wp","href":"https:\/\/api.w.org\/{rel}","templated":true}]}}