{"id":740784,"date":"2025-03-03T18:11:25","date_gmt":"2025-03-03T17:11:25","guid":{"rendered":"https:\/\/stoic-curie.212-227-153-4.plesk.page\/producto\/kitt-za-automatsko-napuhavanje-bravo-turbo-max\/"},"modified":"2026-02-25T00:00:47","modified_gmt":"2026-02-25T00:00:47","slug":"kitt-za-automatsko-napuhavanje-bravo-turbo-max","status":"publish","type":"product","link":"https:\/\/stoic-curie.212-227-153-4.plesk.page\/hr\/product\/kitt-za-automatsko-napuhavanje-bravo-turbo-max\/","title":{"rendered":"Kitt za automatsko napuhavanje Bravo Turbo Max"},"content":{"rendered":"<p>Kitt za automatsko napuhavanje Bravo Turbo Max &#8211; <\/p>\n<p>Turbo Max Kit je inflator za fiksnu instalaciju koji automatski prestaje raditi kada se postigne \u017eeljeni tlak. Mo\u017ee napuhati i ispuhati \u010damac duljine 7 metara za samo 7 minuta. Set dolazi s kompletnim odabirom monta\u017enih nosa\u010da, vijaka i 0,5 metara dugog napojnog kabla.<\/p>\n<p>Ovaj inflator opremljen je digitalnim upravlja\u010dem koji koristi DSP i tehnologije MOSFET, zajedno s integriranim LED kontrolnim sustavom. Dostupan je u verzijama od 12V i 24V na zahtjev, pri maksimalnoj potro\u0161nji od 60A. Njegove dimenzije su 30 x 16 x 7 cm.<\/p>\n<p>U verziji KIT, inflator uklju\u010duje sve potrebne komponente za instalaciju na va\u0161em \u010damcu, kao \u0161to su nosa\u010di, vijci i elektri\u010dni kabel s konektorom. Ure\u0111aj ima sofisticirani digitalni upravlja\u010d, kojim upravlja mikroprocesor, i napaja se sa dva robustna motora koji pru\u017eaju visoke protoke zraka. Automatski se isklju\u010duje kada se postigne postavljeni tlak.<\/p>\n<ul>\n<li>Turbo Max KIT dostupan je u opcijama od 12V i 24V.<\/li>\n<li>Napojni kabel duga\u010dak je 0,5 metara i dolazi s konektorom od 100A.<\/li>\n<li>Uklju\u010den je integrirani LED kontrolni sustav.<\/li>\n<li>Tubus je dostupan na zahtjev.<\/li>\n<\/ul>\n<p>Specifikacije uklju\u010duju maksimalni tlak od 250 mbar (3,6 psi), maksimalni protok zraka od 1000 l\/m, raspon napona od 9 do 16 V, maksimalnu struju od 45-60 A i te\u017einu od 2,6 kg. Pogodan je za RIB-ove, \u010damce i gumenjake.<\/p>\n","protected":false},"excerpt":{"rendered":"<p>Kitt za automatsko napuhavanje Bravo Turbo Max &#8211; Turbo Max Kit je inflator za fiksnu instalaciju koji automatski prestaje raditi<\/p>\n","protected":false},"featured_media":5939598,"comment_status":"open","ping_status":"closed","template":"","meta":[],"product_brand":[2851],"product_cat":[1835],"product_tag":[],"class_list":{"0":"post-740784","1":"product","2":"type-product","3":"status-publish","4":"has-post-thumbnail","6":"product_brand-bravo-scoprega-hr","7":"product_cat-pumpe-za-pneumatske-camce","9":"first","10":"instock","11":"shipping-taxable","12":"purchasable","13":"product-type-simple"},"_links":{"self":[{"href":"https:\/\/stoic-curie.212-227-153-4.plesk.page\/hr\/wp-json\/wp\/v2\/product\/740784","targetHints":{"allow":["GET"]}}],"collection":[{"href":"https:\/\/stoic-curie.212-227-153-4.plesk.page\/hr\/wp-json\/wp\/v2\/product"}],"about":[{"href":"https:\/\/stoic-curie.212-227-153-4.plesk.page\/hr\/wp-json\/wp\/v2\/types\/product"}],"replies":[{"embeddable":true,"href":"https:\/\/stoic-curie.212-227-153-4.plesk.page\/hr\/wp-json\/wp\/v2\/comments?post=740784"}],"version-history":[{"count":0,"href":"https:\/\/stoic-curie.212-227-153-4.plesk.page\/hr\/wp-json\/wp\/v2\/product\/740784\/revisions"}],"wp:featuredmedia":[{"embeddable":true,"href":"https:\/\/stoic-curie.212-227-153-4.plesk.page\/hr\/wp-json\/wp\/v2\/media\/5939598"}],"wp:attachment":[{"href":"https:\/\/stoic-curie.212-227-153-4.plesk.page\/hr\/wp-json\/wp\/v2\/media?parent=740784"}],"wp:term":[{"taxonomy":"product_brand","embeddable":true,"href":"https:\/\/stoic-curie.212-227-153-4.plesk.page\/hr\/wp-json\/wp\/v2\/product_brand?post=740784"},{"taxonomy":"product_cat","embeddable":true,"href":"https:\/\/stoic-curie.212-227-153-4.plesk.page\/hr\/wp-json\/wp\/v2\/product_cat?post=740784"},{"taxonomy":"product_tag","embeddable":true,"href":"https:\/\/stoic-curie.212-227-153-4.plesk.page\/hr\/wp-json\/wp\/v2\/product_tag?post=740784"}],"curies":[{"name":"wp","href":"https:\/\/api.w.org\/{rel}","templated":true}]}}