{"id":740789,"date":"2025-03-03T18:11:26","date_gmt":"2025-03-03T17:11:26","guid":{"rendered":"https:\/\/stoic-curie.212-227-153-4.plesk.page\/producto\/aparat-za-gasenje-pozara-co2-odobren-2kg\/"},"modified":"2026-02-25T00:00:47","modified_gmt":"2026-02-25T00:00:47","slug":"aparat-za-gasenje-pozara-co2-odobren-2kg","status":"publish","type":"product","link":"https:\/\/stoic-curie.212-227-153-4.plesk.page\/hr\/product\/aparat-za-gasenje-pozara-co2-odobren-2kg\/","title":{"rendered":"Aparat za ga\u0161enje po\u017eara CO2 odobren 2kg"},"content":{"rendered":"<p>Aparat za ga\u0161enje po\u017eara CO2 odobren 2kg &#8211; <\/p>\n<p>M.E.D. 96\/98\/EU i CE 0029 &#8211; EN3 odobren CO2 punjeni aparat za ga\u0161enje. Dolazi s nosa\u010dem i otisnutim datumom proizvodnje. Prodaje se bez oznake isteka (nije potrebno za male brodice). Za brodove oznaku isteka potrebno je zatra\u017eiti od tehni\u010dara za odr\u017eavanje aparata za ga\u0161enje.<\/p>\n","protected":false},"excerpt":{"rendered":"<p>Aparat za ga\u0161enje po\u017eara CO2 odobren 2kg &#8211; M.E.D. 96\/98\/EU i CE 0029 &#8211; EN3 odobren CO2 punjeni aparat za<\/p>\n","protected":false},"featured_media":5939618,"comment_status":"open","ping_status":"closed","template":"","meta":[],"product_brand":[2776],"product_cat":[1600],"product_tag":[],"class_list":{"0":"post-740789","1":"product","2":"type-product","3":"status-publish","4":"has-post-thumbnail","6":"product_brand-anaf-marine-hr","7":"product_cat-brodski-aparati-za-gasenje-pozara","9":"first","10":"instock","11":"shipping-taxable","12":"purchasable","13":"product-type-simple"},"_links":{"self":[{"href":"https:\/\/stoic-curie.212-227-153-4.plesk.page\/hr\/wp-json\/wp\/v2\/product\/740789","targetHints":{"allow":["GET"]}}],"collection":[{"href":"https:\/\/stoic-curie.212-227-153-4.plesk.page\/hr\/wp-json\/wp\/v2\/product"}],"about":[{"href":"https:\/\/stoic-curie.212-227-153-4.plesk.page\/hr\/wp-json\/wp\/v2\/types\/product"}],"replies":[{"embeddable":true,"href":"https:\/\/stoic-curie.212-227-153-4.plesk.page\/hr\/wp-json\/wp\/v2\/comments?post=740789"}],"version-history":[{"count":0,"href":"https:\/\/stoic-curie.212-227-153-4.plesk.page\/hr\/wp-json\/wp\/v2\/product\/740789\/revisions"}],"wp:featuredmedia":[{"embeddable":true,"href":"https:\/\/stoic-curie.212-227-153-4.plesk.page\/hr\/wp-json\/wp\/v2\/media\/5939618"}],"wp:attachment":[{"href":"https:\/\/stoic-curie.212-227-153-4.plesk.page\/hr\/wp-json\/wp\/v2\/media?parent=740789"}],"wp:term":[{"taxonomy":"product_brand","embeddable":true,"href":"https:\/\/stoic-curie.212-227-153-4.plesk.page\/hr\/wp-json\/wp\/v2\/product_brand?post=740789"},{"taxonomy":"product_cat","embeddable":true,"href":"https:\/\/stoic-curie.212-227-153-4.plesk.page\/hr\/wp-json\/wp\/v2\/product_cat?post=740789"},{"taxonomy":"product_tag","embeddable":true,"href":"https:\/\/stoic-curie.212-227-153-4.plesk.page\/hr\/wp-json\/wp\/v2\/product_tag?post=740789"}],"curies":[{"name":"wp","href":"https:\/\/api.w.org\/{rel}","templated":true}]}}