{"id":740791,"date":"2025-03-03T18:11:27","date_gmt":"2025-03-03T17:11:27","guid":{"rendered":"https:\/\/stoic-curie.212-227-153-4.plesk.page\/producto\/brodski-konop-bijeli-classic-8mm-x-200mt\/"},"modified":"2026-02-25T00:00:47","modified_gmt":"2026-02-25T00:00:47","slug":"brodski-konop-bijeli-classic-8mm-x-200mt","status":"publish","type":"product","link":"https:\/\/stoic-curie.212-227-153-4.plesk.page\/hr\/product\/brodski-konop-bijeli-classic-8mm-x-200mt\/","title":{"rendered":"Brodski konop bijeli 8mm x 200mt"},"content":{"rendered":"<p>Brodski konop bijeli 8mm x 200mt &#8211; <\/p>\n<p>Bjela trostruka poliester konop je sna\u017ena i fleksibilna opcija, savr\u0161ena za vanjsku upotrebu ili te\u0161ke uvjete. Izra\u0111en od visokokvalitetnih poliester vlakana, otporan je na kidanje, abraziju i blijedenje boje. Ovaj konop tako\u0111er nudi izvrsnu otpornost na vodu, odr\u017eavaju\u0107i svoju snagu \u010dak i u vla\u017enim ili te\u0161kim vremenskim uvjetima. Sa svojom srednjom snagom, ovaj trostruki poliester konop je izvrsan izbor za sve va\u0161e potrebe vezivanja i sidrenja. Osim toga, izra\u0111en je od recikliranih plasti\u010dnih PET boca, \u0161to ga \u010dini ekolo\u0161ki prihvatljivom opcijom. Ovaj rPET konop pokazuje sli\u010dne performanse kao tradicionalni poliester.<\/p>\n<p>U industriji brodogradnje, poliester konop je nevjerojatno svestran. Mo\u017ee se koristiti za sidrene konopce, konopce za vezanje, konopce za fendere, \u017eivotne konopce, pa \u010dak i za podizanje ili dizanje tereta.<\/p>\n<p>Evo nekoliko klju\u010dnih zna\u010dajki ovog konopa:<\/p>\n<ul>\n<li>Uvijeni trostruki dizajn<\/li>\n<li>Izra\u0111en od sinteti\u010dkih materijala<\/li>\n<li>Odr\u017eava snagu kada je vla\u017ean<\/li>\n<li>Otporan na vodu, UV zrake, truljenje i habanje<\/li>\n<li>Ne pluta i postaje malo mek\u0161i kada je vla\u017ean<\/li>\n<li>Proizveden u Europi<\/li>\n<\/ul>\n","protected":false},"excerpt":{"rendered":"<p>Brodski konop bijeli 8mm x 200mt &#8211; Bjela trostruka poliester konop je sna\u017ena i fleksibilna opcija, savr\u0161ena za vanjsku upotrebu<\/p>\n","protected":false},"featured_media":5939640,"comment_status":"open","ping_status":"closed","template":"","meta":[],"product_brand":[3101],"product_cat":[1622,1862],"product_tag":[],"class_list":{"0":"post-740791","1":"product","2":"type-product","3":"status-publish","4":"has-post-thumbnail","6":"product_brand-marco-benvenuti-hr","7":"product_cat-konopi-za-pristajanje-i-privez","8":"product_cat-sidreno-uze","10":"first","11":"instock","12":"shipping-taxable","13":"purchasable","14":"product-type-simple"},"_links":{"self":[{"href":"https:\/\/stoic-curie.212-227-153-4.plesk.page\/hr\/wp-json\/wp\/v2\/product\/740791","targetHints":{"allow":["GET"]}}],"collection":[{"href":"https:\/\/stoic-curie.212-227-153-4.plesk.page\/hr\/wp-json\/wp\/v2\/product"}],"about":[{"href":"https:\/\/stoic-curie.212-227-153-4.plesk.page\/hr\/wp-json\/wp\/v2\/types\/product"}],"replies":[{"embeddable":true,"href":"https:\/\/stoic-curie.212-227-153-4.plesk.page\/hr\/wp-json\/wp\/v2\/comments?post=740791"}],"version-history":[{"count":0,"href":"https:\/\/stoic-curie.212-227-153-4.plesk.page\/hr\/wp-json\/wp\/v2\/product\/740791\/revisions"}],"wp:featuredmedia":[{"embeddable":true,"href":"https:\/\/stoic-curie.212-227-153-4.plesk.page\/hr\/wp-json\/wp\/v2\/media\/5939640"}],"wp:attachment":[{"href":"https:\/\/stoic-curie.212-227-153-4.plesk.page\/hr\/wp-json\/wp\/v2\/media?parent=740791"}],"wp:term":[{"taxonomy":"product_brand","embeddable":true,"href":"https:\/\/stoic-curie.212-227-153-4.plesk.page\/hr\/wp-json\/wp\/v2\/product_brand?post=740791"},{"taxonomy":"product_cat","embeddable":true,"href":"https:\/\/stoic-curie.212-227-153-4.plesk.page\/hr\/wp-json\/wp\/v2\/product_cat?post=740791"},{"taxonomy":"product_tag","embeddable":true,"href":"https:\/\/stoic-curie.212-227-153-4.plesk.page\/hr\/wp-json\/wp\/v2\/product_tag?post=740791"}],"curies":[{"name":"wp","href":"https:\/\/api.w.org\/{rel}","templated":true}]}}