{"id":740792,"date":"2025-03-03T18:11:27","date_gmt":"2025-03-03T17:11:27","guid":{"rendered":"https:\/\/stoic-curie.212-227-153-4.plesk.page\/producto\/brodski-konop-bijeli-classic-12mm-x-200mt\/"},"modified":"2026-02-25T00:00:47","modified_gmt":"2026-02-25T00:00:47","slug":"brodski-konop-bijeli-classic-12mm-x-200mt","status":"publish","type":"product","link":"https:\/\/stoic-curie.212-227-153-4.plesk.page\/hr\/product\/brodski-konop-bijeli-classic-12mm-x-200mt\/","title":{"rendered":"Bela morska u\u017ee 12mm x 200mt"},"content":{"rendered":"<p>Bela morska u\u017ee 12mm x 200mt &#8211; <\/p>\n<p>Bijela poliester u\u017ead s tri uvojka je sna\u017ena i fleksibilna opcija, savr\u0161ena za vanjsku upotrebu ili te\u0161ke uvjete. Izra\u0111ena od visokokvalitetnih poliester vlakana, otporna je na pucanje, abraziju i blijedjenje boje. Ova u\u017ead je tako\u0111er vrlo otporna na vodu, zadr\u017eavaju\u0107i svoju snagu \u010dak i u vla\u017enim ili ekstremnim vremenskim uvjetima. Srednje jakosti, ovo trostruko poliester u\u017ead je odli\u010dan izbor za sve va\u0161e potrebe vezivanja i sidrenja. Dodatno, izra\u0111ena je od recikliranih PET boca, \u0161to je \u010dini ekolo\u0161ki prihvatljivom opcijom. Primijetit \u0107ete da ova rPET u\u017ead ima sli\u010dne performanse kao tradicionalni poliester.<\/p>\n<p>U plovnom sektoru, poliester u\u017ead je izuzetno svestrana. Mo\u017ee se koristiti za sidrene u\u017eadi, mooring u\u017eadi, fender u\u017eadi, \u017eivotne u\u017eadi i \u010dak za vu\u010du ili podizanje.<\/p>\n<p>Ovdje su neki klju\u010dni karakteristike ove u\u017eadi:<\/p>\n<ul>\n<li>Uvrnuti trostruki dizajn<\/li>\n<li>Izra\u0111eno od sinteti\u010dkih materijala<\/li>\n<li>Zadr\u017eava snagu kada je mokra<\/li>\n<li>Otporna na vodu, UV zrake, propadanje i habanje<\/li>\n<li>Ne pluta i postaje malo mek\u0161a kada je mokra<\/li>\n<li>Proizvedeno u Europi<\/li>\n<\/ul>\n","protected":false},"excerpt":{"rendered":"<p>Bela morska u\u017ee 12mm x 200mt &#8211; Bijela poliester u\u017ead s tri uvojka je sna\u017ena i fleksibilna opcija, savr\u0161ena za<\/p>\n","protected":false},"featured_media":5939640,"comment_status":"open","ping_status":"closed","template":"","meta":[],"product_brand":[3101],"product_cat":[1622,1862],"product_tag":[],"class_list":{"0":"post-740792","1":"product","2":"type-product","3":"status-publish","4":"has-post-thumbnail","6":"product_brand-marco-benvenuti-hr","7":"product_cat-konopi-za-pristajanje-i-privez","8":"product_cat-sidreno-uze","10":"first","11":"instock","12":"shipping-taxable","13":"purchasable","14":"product-type-simple"},"_links":{"self":[{"href":"https:\/\/stoic-curie.212-227-153-4.plesk.page\/hr\/wp-json\/wp\/v2\/product\/740792","targetHints":{"allow":["GET"]}}],"collection":[{"href":"https:\/\/stoic-curie.212-227-153-4.plesk.page\/hr\/wp-json\/wp\/v2\/product"}],"about":[{"href":"https:\/\/stoic-curie.212-227-153-4.plesk.page\/hr\/wp-json\/wp\/v2\/types\/product"}],"replies":[{"embeddable":true,"href":"https:\/\/stoic-curie.212-227-153-4.plesk.page\/hr\/wp-json\/wp\/v2\/comments?post=740792"}],"version-history":[{"count":0,"href":"https:\/\/stoic-curie.212-227-153-4.plesk.page\/hr\/wp-json\/wp\/v2\/product\/740792\/revisions"}],"wp:featuredmedia":[{"embeddable":true,"href":"https:\/\/stoic-curie.212-227-153-4.plesk.page\/hr\/wp-json\/wp\/v2\/media\/5939640"}],"wp:attachment":[{"href":"https:\/\/stoic-curie.212-227-153-4.plesk.page\/hr\/wp-json\/wp\/v2\/media?parent=740792"}],"wp:term":[{"taxonomy":"product_brand","embeddable":true,"href":"https:\/\/stoic-curie.212-227-153-4.plesk.page\/hr\/wp-json\/wp\/v2\/product_brand?post=740792"},{"taxonomy":"product_cat","embeddable":true,"href":"https:\/\/stoic-curie.212-227-153-4.plesk.page\/hr\/wp-json\/wp\/v2\/product_cat?post=740792"},{"taxonomy":"product_tag","embeddable":true,"href":"https:\/\/stoic-curie.212-227-153-4.plesk.page\/hr\/wp-json\/wp\/v2\/product_tag?post=740792"}],"curies":[{"name":"wp","href":"https:\/\/api.w.org\/{rel}","templated":true}]}}