{"id":740793,"date":"2025-03-03T18:11:27","date_gmt":"2025-03-03T17:11:27","guid":{"rendered":"https:\/\/stoic-curie.212-227-153-4.plesk.page\/producto\/brodski-konop-bijeli-classic-22mm-x-100mt\/"},"modified":"2026-02-25T00:00:47","modified_gmt":"2026-02-25T00:00:47","slug":"brodski-konop-bijeli-classic-22mm-x-100mt","status":"publish","type":"product","link":"https:\/\/stoic-curie.212-227-153-4.plesk.page\/hr\/product\/brodski-konop-bijeli-classic-22mm-x-100mt\/","title":{"rendered":"Bjela pomorska u\u017ee 22mm x 100m"},"content":{"rendered":"<p>Bjela pomorska u\u017ee 22mm x 100m &#8211; <\/p>\n<p>Bjela trostruka poliester u\u017ee je sna\u017ena i fleksibilna opcija, savr\u0161ena za vanjsku upotrebu ili te\u0161ke uvjete. Izra\u0111ena od visokokvalitetnih poliester vlakana, otporna je na kidanje, abraziju i blije\u0111enje boje. Ovo u\u017ee tako\u0111er je vrlo otporno na vodu, zadr\u017eavaju\u0107i svoju snagu \u010dak i tijekom vla\u017enog ili surovog vremena. Sa svojom srednjom snagom, ovo trostruko poliester u\u017ee je izvrstan izbor za sve va\u0161e potrebe vezivanja i sidrenja. Dodatno, proizvedeno je od recikliranih plasti\u010dnih PET boca, \u0161to ga \u010dini ekolo\u0161ki prihvatljivom opcijom. Primijetit \u0107ete da ovo rPET u\u017ee ima sli\u010dne performanse kao tradicionalni poliester.<\/p>\n<p>U brodogradnji, poliester u\u017ee je izuzetno svestran. Mo\u017ee se koristiti za sidrene konopce, konopce za vezivanje, fendere, sigurnosne konopce, a \u010dak i za povla\u010denje ili podizanje tereta.<\/p>\n<p>Evo nekoliko klju\u010dnih zna\u010dajki ovog u\u017eeta:<\/p>\n<ul>\n<li>Uvrnuti trostruki dizajn<\/li>\n<li>Izra\u0111eno od sinteti\u010dkih materijala<\/li>\n<li>Zadr\u017eava snagu kada je mokro<\/li>\n<li>Otporno na vodu, UV zrake, propadanje i habanje<\/li>\n<li>Ne pluta i postaje ne\u0161to mek\u0161e kada je mokro<\/li>\n<li>Proizvedeno u Europi<\/li>\n<\/ul>\n","protected":false},"excerpt":{"rendered":"<p>Bjela pomorska u\u017ee 22mm x 100m &#8211; Bjela trostruka poliester u\u017ee je sna\u017ena i fleksibilna opcija, savr\u0161ena za vanjsku upotrebu<\/p>\n","protected":false},"featured_media":5939640,"comment_status":"open","ping_status":"closed","template":"","meta":[],"product_brand":[3101],"product_cat":[1622,1862],"product_tag":[],"class_list":{"0":"post-740793","1":"product","2":"type-product","3":"status-publish","4":"has-post-thumbnail","6":"product_brand-marco-benvenuti-hr","7":"product_cat-konopi-za-pristajanje-i-privez","8":"product_cat-sidreno-uze","10":"first","11":"instock","12":"shipping-taxable","13":"purchasable","14":"product-type-simple"},"_links":{"self":[{"href":"https:\/\/stoic-curie.212-227-153-4.plesk.page\/hr\/wp-json\/wp\/v2\/product\/740793","targetHints":{"allow":["GET"]}}],"collection":[{"href":"https:\/\/stoic-curie.212-227-153-4.plesk.page\/hr\/wp-json\/wp\/v2\/product"}],"about":[{"href":"https:\/\/stoic-curie.212-227-153-4.plesk.page\/hr\/wp-json\/wp\/v2\/types\/product"}],"replies":[{"embeddable":true,"href":"https:\/\/stoic-curie.212-227-153-4.plesk.page\/hr\/wp-json\/wp\/v2\/comments?post=740793"}],"version-history":[{"count":0,"href":"https:\/\/stoic-curie.212-227-153-4.plesk.page\/hr\/wp-json\/wp\/v2\/product\/740793\/revisions"}],"wp:featuredmedia":[{"embeddable":true,"href":"https:\/\/stoic-curie.212-227-153-4.plesk.page\/hr\/wp-json\/wp\/v2\/media\/5939640"}],"wp:attachment":[{"href":"https:\/\/stoic-curie.212-227-153-4.plesk.page\/hr\/wp-json\/wp\/v2\/media?parent=740793"}],"wp:term":[{"taxonomy":"product_brand","embeddable":true,"href":"https:\/\/stoic-curie.212-227-153-4.plesk.page\/hr\/wp-json\/wp\/v2\/product_brand?post=740793"},{"taxonomy":"product_cat","embeddable":true,"href":"https:\/\/stoic-curie.212-227-153-4.plesk.page\/hr\/wp-json\/wp\/v2\/product_cat?post=740793"},{"taxonomy":"product_tag","embeddable":true,"href":"https:\/\/stoic-curie.212-227-153-4.plesk.page\/hr\/wp-json\/wp\/v2\/product_tag?post=740793"}],"curies":[{"name":"wp","href":"https:\/\/api.w.org\/{rel}","templated":true}]}}