{"id":740794,"date":"2025-03-03T18:11:28","date_gmt":"2025-03-03T17:11:28","guid":{"rendered":"https:\/\/stoic-curie.212-227-153-4.plesk.page\/producto\/brodski-konop-bijeli-classic-24mm-x-100mt\/"},"modified":"2026-02-25T00:00:47","modified_gmt":"2026-02-25T00:00:47","slug":"brodski-konop-bijeli-classic-24mm-x-100mt","status":"publish","type":"product","link":"https:\/\/stoic-curie.212-227-153-4.plesk.page\/hr\/product\/brodski-konop-bijeli-classic-24mm-x-100mt\/","title":{"rendered":"Bijela morska u\u017ead 24mm x 100mt"},"content":{"rendered":"<p>Bijela morska u\u017ead 24mm x 100mt &#8211; <\/p>\n<p>Bela trostruka poliester konop je izdr\u017eljiv i fleksibilan izbor, idealan za vanjske primjene ili izazovne uvjete. Izra\u0111en od vrhunskih poliester vlakana, otporan je na kidanje, abraziju i izblje\u0111ivanje boje. Ovaj konop je tako\u0111er izuzetno otporan na vodu, zadr\u017eavaju\u0107i svoju snagu \u010dak i u vla\u017enim ili te\u0161kim vremenskim uvjetima. Sa srednjom snagom, ovaj trostruki poliester konop je odli\u010dna opcija za sve va\u0161e potrebe vezanja i sidrenja. Nadalje, izra\u0111en je od recikliranih plasti\u010dnih PET boca, \u0161to ga \u010dini ekolo\u0161ki prihvatljivim izborom. Otkrit \u0107ete da ovaj rPET konop ostvaruje sli\u010dne performanse kao obi\u010dni poliester.<\/p>\n<p>U sektoru nautike, poliester konop je izuzetno prilagodljiv. Mo\u017ee se koristiti za sidrene u\u017eadi, privezne u\u017eadi, u\u017eadi za fendere, u\u017eadi za \u017eivotne linije, pa \u010dak i za podizanje ili vu\u010du.<\/p>\n<p>Evo nekoliko va\u017enih karakteristika ovog konopa:<\/p>\n<ul>\n<li>Twisted three-strand construction<\/li>\n<li>Izra\u0111en od sinteti\u010dkih materijala<\/li>\n<li>Zadr\u017eava snagu kada je mokar<\/li>\n<li>Otporan na vodu, UV zrake, truljenje i habanje<\/li>\n<li>Ne pluta i postaje malo mek\u0161i kada je mokar<\/li>\n<li>Proizvedeno u Europi<\/li>\n<\/ul>\n","protected":false},"excerpt":{"rendered":"<p>Bijela morska u\u017ead 24mm x 100mt &#8211; Bela trostruka poliester konop je izdr\u017eljiv i fleksibilan izbor, idealan za vanjske primjene<\/p>\n","protected":false},"featured_media":5939640,"comment_status":"open","ping_status":"closed","template":"","meta":[],"product_brand":[3101],"product_cat":[1622,1862],"product_tag":[],"class_list":{"0":"post-740794","1":"product","2":"type-product","3":"status-publish","4":"has-post-thumbnail","6":"product_brand-marco-benvenuti-hr","7":"product_cat-konopi-za-pristajanje-i-privez","8":"product_cat-sidreno-uze","10":"first","11":"instock","12":"shipping-taxable","13":"purchasable","14":"product-type-simple"},"_links":{"self":[{"href":"https:\/\/stoic-curie.212-227-153-4.plesk.page\/hr\/wp-json\/wp\/v2\/product\/740794","targetHints":{"allow":["GET"]}}],"collection":[{"href":"https:\/\/stoic-curie.212-227-153-4.plesk.page\/hr\/wp-json\/wp\/v2\/product"}],"about":[{"href":"https:\/\/stoic-curie.212-227-153-4.plesk.page\/hr\/wp-json\/wp\/v2\/types\/product"}],"replies":[{"embeddable":true,"href":"https:\/\/stoic-curie.212-227-153-4.plesk.page\/hr\/wp-json\/wp\/v2\/comments?post=740794"}],"version-history":[{"count":0,"href":"https:\/\/stoic-curie.212-227-153-4.plesk.page\/hr\/wp-json\/wp\/v2\/product\/740794\/revisions"}],"wp:featuredmedia":[{"embeddable":true,"href":"https:\/\/stoic-curie.212-227-153-4.plesk.page\/hr\/wp-json\/wp\/v2\/media\/5939640"}],"wp:attachment":[{"href":"https:\/\/stoic-curie.212-227-153-4.plesk.page\/hr\/wp-json\/wp\/v2\/media?parent=740794"}],"wp:term":[{"taxonomy":"product_brand","embeddable":true,"href":"https:\/\/stoic-curie.212-227-153-4.plesk.page\/hr\/wp-json\/wp\/v2\/product_brand?post=740794"},{"taxonomy":"product_cat","embeddable":true,"href":"https:\/\/stoic-curie.212-227-153-4.plesk.page\/hr\/wp-json\/wp\/v2\/product_cat?post=740794"},{"taxonomy":"product_tag","embeddable":true,"href":"https:\/\/stoic-curie.212-227-153-4.plesk.page\/hr\/wp-json\/wp\/v2\/product_tag?post=740794"}],"curies":[{"name":"wp","href":"https:\/\/api.w.org\/{rel}","templated":true}]}}