{"id":740795,"date":"2025-03-03T18:11:28","date_gmt":"2025-03-03T17:11:28","guid":{"rendered":"https:\/\/stoic-curie.212-227-153-4.plesk.page\/producto\/brodski-konop-bijeli-classic-30mm-x-100mt\/"},"modified":"2026-02-25T00:00:47","modified_gmt":"2026-02-25T00:00:47","slug":"brodski-konop-bijeli-classic-30mm-x-100mt","status":"publish","type":"product","link":"https:\/\/stoic-curie.212-227-153-4.plesk.page\/hr\/product\/brodski-konop-bijeli-classic-30mm-x-100mt\/","title":{"rendered":"Bijela morska u\u017ee 30mm x 100m"},"content":{"rendered":"<p>Bijela morska u\u017ee 30mm x 100m &#8211; <\/p>\n<p>Bela troslojna poliesterska u\u017ee je izdr\u017eljiv i fleksibilan odabir, idealan za vanjske primjene ili te\u0161ke uvjete. Izra\u0111ena od visokokvalitetnih poliesterskih vlakana, otporna je na pucanje, abraziju i blije\u0111enje boje. Ova u\u017ee tako\u0111er je jako otporno na vodu, zadr\u017eavaju\u0107i svoju \u010dvrsto\u0107u \u010dak i u vla\u017enim ili te\u0161kim vremenskim uvjetima. Sa svojom srednjom \u010dvrsto\u0107om, ovo troslojno poliestersko u\u017ee je izvrstan izbor za sve va\u0161e potrebe vezivanja i sidrenja. Nadalje, izra\u0111eno je od recikliranih plasti\u010dnih PET boca, \u0161to ga \u010dini ekolo\u0161kom opcijom. Otkrio\/la \u0107ete da ovo rPET u\u017ee ima performanse usporedive s konvencionalnim poliestrom.<\/p>\n<p>U sektoru nautike, poliestersko u\u017ee je izuzetno prilagodljivo. Mo\u017ee se koristiti za sidrene u\u017eadi, vezna u\u017ee, u\u017ee za fendere, sigurnosne u\u017eadi, pa \u010dak i za vu\u010du ili podizanje.<\/p>\n<p>Evo nekoliko bitnih karakteristika ovog u\u017ee:<\/p>\n<ul>\n<li>Vezano troslojno konstruktivno<\/li>\n<li>Izra\u0111eno od sinteti\u010dkih materijala<\/li>\n<li>Dr\u017ei \u010dvrsto\u0107u kada je mokro<\/li>\n<li>Otporno na vodu, UV zrake, propadanje i habanje<\/li>\n<li>Ne pluta i postaje malo mek\u0161e kada je mokro<\/li>\n<li>Proizvedeno u Europi<\/li>\n<\/ul>\n","protected":false},"excerpt":{"rendered":"<p>Bijela morska u\u017ee 30mm x 100m &#8211; Bela troslojna poliesterska u\u017ee je izdr\u017eljiv i fleksibilan odabir, idealan za vanjske primjene<\/p>\n","protected":false},"featured_media":5939640,"comment_status":"open","ping_status":"closed","template":"","meta":[],"product_brand":[3101],"product_cat":[1622,1862],"product_tag":[],"class_list":{"0":"post-740795","1":"product","2":"type-product","3":"status-publish","4":"has-post-thumbnail","6":"product_brand-marco-benvenuti-hr","7":"product_cat-konopi-za-pristajanje-i-privez","8":"product_cat-sidreno-uze","10":"first","11":"instock","12":"shipping-taxable","13":"purchasable","14":"product-type-simple"},"_links":{"self":[{"href":"https:\/\/stoic-curie.212-227-153-4.plesk.page\/hr\/wp-json\/wp\/v2\/product\/740795","targetHints":{"allow":["GET"]}}],"collection":[{"href":"https:\/\/stoic-curie.212-227-153-4.plesk.page\/hr\/wp-json\/wp\/v2\/product"}],"about":[{"href":"https:\/\/stoic-curie.212-227-153-4.plesk.page\/hr\/wp-json\/wp\/v2\/types\/product"}],"replies":[{"embeddable":true,"href":"https:\/\/stoic-curie.212-227-153-4.plesk.page\/hr\/wp-json\/wp\/v2\/comments?post=740795"}],"version-history":[{"count":0,"href":"https:\/\/stoic-curie.212-227-153-4.plesk.page\/hr\/wp-json\/wp\/v2\/product\/740795\/revisions"}],"wp:featuredmedia":[{"embeddable":true,"href":"https:\/\/stoic-curie.212-227-153-4.plesk.page\/hr\/wp-json\/wp\/v2\/media\/5939640"}],"wp:attachment":[{"href":"https:\/\/stoic-curie.212-227-153-4.plesk.page\/hr\/wp-json\/wp\/v2\/media?parent=740795"}],"wp:term":[{"taxonomy":"product_brand","embeddable":true,"href":"https:\/\/stoic-curie.212-227-153-4.plesk.page\/hr\/wp-json\/wp\/v2\/product_brand?post=740795"},{"taxonomy":"product_cat","embeddable":true,"href":"https:\/\/stoic-curie.212-227-153-4.plesk.page\/hr\/wp-json\/wp\/v2\/product_cat?post=740795"},{"taxonomy":"product_tag","embeddable":true,"href":"https:\/\/stoic-curie.212-227-153-4.plesk.page\/hr\/wp-json\/wp\/v2\/product_tag?post=740795"}],"curies":[{"name":"wp","href":"https:\/\/api.w.org\/{rel}","templated":true}]}}