{"id":740796,"date":"2025-03-03T18:11:28","date_gmt":"2025-03-03T17:11:28","guid":{"rendered":"https:\/\/stoic-curie.212-227-153-4.plesk.page\/producto\/brodski-konop-bijeli-classic-32mm-x-100mt\/"},"modified":"2026-02-25T00:00:47","modified_gmt":"2026-02-25T00:00:47","slug":"brodski-konop-bijeli-classic-32mm-x-100mt","status":"publish","type":"product","link":"https:\/\/stoic-curie.212-227-153-4.plesk.page\/hr\/product\/brodski-konop-bijeli-classic-32mm-x-100mt\/","title":{"rendered":"Bijela morska u\u017ee 32mm x 100m"},"content":{"rendered":"<p>Bijela morska u\u017ee 32mm x 100m &#8211; <\/p>\n<p>Bjela trostruka poliesterska u\u017ee je sna\u017ena i fleksibilna opcija, savr\u0161ena za vanjsku upotrebu ili te\u0161ke uvjete. Izra\u0111ena od visokokvalitetnih poliesterskih vlakana, otporna je na cepanje, habanje iblijedjenje boje. Ovo u\u017ee je tako\u0111er vrlo otporno na vodu, odr\u017eavaju\u0107i svoju snagu \u010dak i u vla\u017enim ili te\u0161kim vremenskim uvjetima. Sa srednjom snagom, ovo trostruko poliestersko u\u017ee je izvrstan izbor za sve va\u0161e potrebe vezivanja i sidrenja. Dodatno, izra\u0111eno je od recikliranih PET boca, \u0161to ga \u010dini ekolo\u0161ki prihvatljivom opcijom. Otkrivate da ovo rPET u\u017ee ima sli\u010dne performanse kao tradicionalno poliestersko.<\/p>\n<p>U brodogradnji, poliestersko u\u017ee je ekstremno svestrano. Mo\u017ee se koristiti za sidrene \u017eice, vezne \u017eice, \u017eice za fendere, sigurnosne \u017eice, pa \u010dak i za podizanje ili vitlanje.<\/p>\n<p>Evo nekoliko klju\u010dnih zna\u010dajki ovog u\u017ee:<\/p>\n<ul>\n<li>Uvijeni trostruki dizajn<\/li>\n<li>Izra\u0111eno od sinteti\u010dkih materijala<\/li>\n<li>Odr\u017eava snagu kada je vla\u017eno<\/li>\n<li>Otporno na vodu, UV zrake, truljenje i tro\u0161enje<\/li>\n<li>Ne pluta i postaje malo mek\u0161e kada je vla\u017eno<\/li>\n<li>Proizvedeno u Europi<\/li>\n<\/ul>\n","protected":false},"excerpt":{"rendered":"<p>Bijela morska u\u017ee 32mm x 100m &#8211; Bjela trostruka poliesterska u\u017ee je sna\u017ena i fleksibilna opcija, savr\u0161ena za vanjsku upotrebu<\/p>\n","protected":false},"featured_media":5939640,"comment_status":"open","ping_status":"closed","template":"","meta":[],"product_brand":[3206],"product_cat":[1622,1862],"product_tag":[],"class_list":{"0":"post-740796","1":"product","2":"type-product","3":"status-publish","4":"has-post-thumbnail","6":"product_brand-nova-argonautica-hr","7":"product_cat-konopi-za-pristajanje-i-privez","8":"product_cat-sidreno-uze","10":"first","11":"instock","12":"shipping-taxable","13":"purchasable","14":"product-type-simple"},"_links":{"self":[{"href":"https:\/\/stoic-curie.212-227-153-4.plesk.page\/hr\/wp-json\/wp\/v2\/product\/740796","targetHints":{"allow":["GET"]}}],"collection":[{"href":"https:\/\/stoic-curie.212-227-153-4.plesk.page\/hr\/wp-json\/wp\/v2\/product"}],"about":[{"href":"https:\/\/stoic-curie.212-227-153-4.plesk.page\/hr\/wp-json\/wp\/v2\/types\/product"}],"replies":[{"embeddable":true,"href":"https:\/\/stoic-curie.212-227-153-4.plesk.page\/hr\/wp-json\/wp\/v2\/comments?post=740796"}],"version-history":[{"count":0,"href":"https:\/\/stoic-curie.212-227-153-4.plesk.page\/hr\/wp-json\/wp\/v2\/product\/740796\/revisions"}],"wp:featuredmedia":[{"embeddable":true,"href":"https:\/\/stoic-curie.212-227-153-4.plesk.page\/hr\/wp-json\/wp\/v2\/media\/5939640"}],"wp:attachment":[{"href":"https:\/\/stoic-curie.212-227-153-4.plesk.page\/hr\/wp-json\/wp\/v2\/media?parent=740796"}],"wp:term":[{"taxonomy":"product_brand","embeddable":true,"href":"https:\/\/stoic-curie.212-227-153-4.plesk.page\/hr\/wp-json\/wp\/v2\/product_brand?post=740796"},{"taxonomy":"product_cat","embeddable":true,"href":"https:\/\/stoic-curie.212-227-153-4.plesk.page\/hr\/wp-json\/wp\/v2\/product_cat?post=740796"},{"taxonomy":"product_tag","embeddable":true,"href":"https:\/\/stoic-curie.212-227-153-4.plesk.page\/hr\/wp-json\/wp\/v2\/product_tag?post=740796"}],"curies":[{"name":"wp","href":"https:\/\/api.w.org\/{rel}","templated":true}]}}