{"id":740798,"date":"2025-03-03T18:11:28","date_gmt":"2025-03-03T17:11:28","guid":{"rendered":"https:\/\/stoic-curie.212-227-153-4.plesk.page\/producto\/brodski-konop-crni-classic-10mm-x-200mt\/"},"modified":"2026-02-25T00:00:47","modified_gmt":"2026-02-25T00:00:47","slug":"brodski-konop-crni-classic-10mm-x-200mt","status":"publish","type":"product","link":"https:\/\/stoic-curie.212-227-153-4.plesk.page\/hr\/product\/brodski-konop-crni-classic-10mm-x-200mt\/","title":{"rendered":"Crna morska u\u017ead 10mm x 200m"},"content":{"rendered":"<p>Crna morska u\u017ead 10mm x 200m &#8211; <\/p>\n<p>Ova srednje jaka, trostruka poliester u\u017ee predstavlja izvrstan izbor za sve va\u0161e potrebe vezivanja i sidrenja. Osim toga, izra\u0111ena je od recikliranih PET boca, \u0161to je \u010dini ekolo\u0161ki prihvatljivom opcijom. Ova rPET u\u017ee pokazuje sli\u010dne performanse tradicionalnom poliesteru.<\/p>\n<p>U brodskom sektoru, poliester u\u017ee izuzetno je prilagodljivo. Mo\u017ee se koristiti za sidrene u\u017ead, vezivanje, fendere, \u017eivotne linije, pa \u010dak i za vu\u010du ili podizanje.<\/p>\n<p>Evo nekoliko klju\u010dnih zna\u010dajki ovog u\u017eeta:<\/p>\n<ul>\n<li>Twisted trostruka konstrukcija<\/li>\n<li>Izra\u0111eno od sinteti\u010dkih materijala<\/li>\n<li>Zadr\u017eava \u010dvrsto\u0107u \u010dak i kada je mokro<\/li>\n<li>Otporno na vodu, UV zrake, truljenje i habanje<\/li>\n<li>Ne pluta i postaje malo mek\u0161e kada je mokro<\/li>\n<li>Proizvedeno u Europi<\/li>\n<\/ul>\n","protected":false},"excerpt":{"rendered":"<p>Crna morska u\u017ead 10mm x 200m &#8211; Ova srednje jaka, trostruka poliester u\u017ee predstavlja izvrstan izbor za sve va\u0161e potrebe<\/p>\n","protected":false},"featured_media":5939641,"comment_status":"open","ping_status":"closed","template":"","meta":[],"product_brand":[3101],"product_cat":[1622,1862],"product_tag":[],"class_list":{"0":"post-740798","1":"product","2":"type-product","3":"status-publish","4":"has-post-thumbnail","6":"product_brand-marco-benvenuti-hr","7":"product_cat-konopi-za-pristajanje-i-privez","8":"product_cat-sidreno-uze","10":"first","11":"instock","12":"shipping-taxable","13":"purchasable","14":"product-type-simple"},"_links":{"self":[{"href":"https:\/\/stoic-curie.212-227-153-4.plesk.page\/hr\/wp-json\/wp\/v2\/product\/740798","targetHints":{"allow":["GET"]}}],"collection":[{"href":"https:\/\/stoic-curie.212-227-153-4.plesk.page\/hr\/wp-json\/wp\/v2\/product"}],"about":[{"href":"https:\/\/stoic-curie.212-227-153-4.plesk.page\/hr\/wp-json\/wp\/v2\/types\/product"}],"replies":[{"embeddable":true,"href":"https:\/\/stoic-curie.212-227-153-4.plesk.page\/hr\/wp-json\/wp\/v2\/comments?post=740798"}],"version-history":[{"count":0,"href":"https:\/\/stoic-curie.212-227-153-4.plesk.page\/hr\/wp-json\/wp\/v2\/product\/740798\/revisions"}],"wp:featuredmedia":[{"embeddable":true,"href":"https:\/\/stoic-curie.212-227-153-4.plesk.page\/hr\/wp-json\/wp\/v2\/media\/5939641"}],"wp:attachment":[{"href":"https:\/\/stoic-curie.212-227-153-4.plesk.page\/hr\/wp-json\/wp\/v2\/media?parent=740798"}],"wp:term":[{"taxonomy":"product_brand","embeddable":true,"href":"https:\/\/stoic-curie.212-227-153-4.plesk.page\/hr\/wp-json\/wp\/v2\/product_brand?post=740798"},{"taxonomy":"product_cat","embeddable":true,"href":"https:\/\/stoic-curie.212-227-153-4.plesk.page\/hr\/wp-json\/wp\/v2\/product_cat?post=740798"},{"taxonomy":"product_tag","embeddable":true,"href":"https:\/\/stoic-curie.212-227-153-4.plesk.page\/hr\/wp-json\/wp\/v2\/product_tag?post=740798"}],"curies":[{"name":"wp","href":"https:\/\/api.w.org\/{rel}","templated":true}]}}