{"id":740800,"date":"2025-03-03T18:11:29","date_gmt":"2025-03-03T17:11:29","guid":{"rendered":"https:\/\/stoic-curie.212-227-153-4.plesk.page\/producto\/brodski-konop-crni-classic-16mm-x-100mt\/"},"modified":"2026-02-25T00:00:47","modified_gmt":"2026-02-25T00:00:47","slug":"brodski-konop-crni-classic-16mm-x-100mt","status":"publish","type":"product","link":"https:\/\/stoic-curie.212-227-153-4.plesk.page\/hr\/product\/brodski-konop-crni-classic-16mm-x-100mt\/","title":{"rendered":"Morska u\u017ee Crno 16mm x 100mt"},"content":{"rendered":"<p>Morska u\u017ee Crno 16mm x 100mt &#8211; <\/p>\n<p>Ova srednje jaka, trostrana poliester u\u017ead predstavlja izvrstan izbor za sve va\u0161e potrebe vezivanja i sidrenja. Nadalje, izra\u0111ena je od recikliranih PET boca, \u0161to je \u010dini odr\u017eivom opcijom. Otkrio\/la \u0107ete da ova rPET u\u017ead ima sli\u010dne performanse kao tradicionalni poliester.<\/p>\n<p>U sektoru nautike, poliester u\u017ead je iznimno prilagodljiv. Mo\u017ee se koristiti za sidrene u\u017eadi, privezne u\u017eadi, fender u\u017eadi, u\u017eadi za spa\u0161avanje, pa \u010dak i za vu\u010denje ili podizanje aplikacija.<\/p>\n<p>Ovo su neke klju\u010dne zna\u010dajke ove u\u017eadi:<\/p>\n<ul>\n<li>Uvrnuta trostrana konstrukcija<\/li>\n<li>Komponirana od sinteti\u010dkih materijala<\/li>\n<li>Zadr\u017eava snagu \u010dak i kada je mokra<\/li>\n<li>Otporna na vodu, UV zrake, truljenje i abraziju<\/li>\n<li>Ne pluta i postaje ne\u0161to mek\u0161a kada je mokra<\/li>\n<li>Proizvedena u Europi<\/li>\n<\/ul>\n","protected":false},"excerpt":{"rendered":"<p>Morska u\u017ee Crno 16mm x 100mt &#8211; Ova srednje jaka, trostrana poliester u\u017ead predstavlja izvrstan izbor za sve va\u0161e potrebe<\/p>\n","protected":false},"featured_media":5939641,"comment_status":"open","ping_status":"closed","template":"","meta":[],"product_brand":[3101],"product_cat":[1622,1862],"product_tag":[],"class_list":{"0":"post-740800","1":"product","2":"type-product","3":"status-publish","4":"has-post-thumbnail","6":"product_brand-marco-benvenuti-hr","7":"product_cat-konopi-za-pristajanje-i-privez","8":"product_cat-sidreno-uze","10":"first","11":"instock","12":"shipping-taxable","13":"purchasable","14":"product-type-simple"},"_links":{"self":[{"href":"https:\/\/stoic-curie.212-227-153-4.plesk.page\/hr\/wp-json\/wp\/v2\/product\/740800","targetHints":{"allow":["GET"]}}],"collection":[{"href":"https:\/\/stoic-curie.212-227-153-4.plesk.page\/hr\/wp-json\/wp\/v2\/product"}],"about":[{"href":"https:\/\/stoic-curie.212-227-153-4.plesk.page\/hr\/wp-json\/wp\/v2\/types\/product"}],"replies":[{"embeddable":true,"href":"https:\/\/stoic-curie.212-227-153-4.plesk.page\/hr\/wp-json\/wp\/v2\/comments?post=740800"}],"version-history":[{"count":0,"href":"https:\/\/stoic-curie.212-227-153-4.plesk.page\/hr\/wp-json\/wp\/v2\/product\/740800\/revisions"}],"wp:featuredmedia":[{"embeddable":true,"href":"https:\/\/stoic-curie.212-227-153-4.plesk.page\/hr\/wp-json\/wp\/v2\/media\/5939641"}],"wp:attachment":[{"href":"https:\/\/stoic-curie.212-227-153-4.plesk.page\/hr\/wp-json\/wp\/v2\/media?parent=740800"}],"wp:term":[{"taxonomy":"product_brand","embeddable":true,"href":"https:\/\/stoic-curie.212-227-153-4.plesk.page\/hr\/wp-json\/wp\/v2\/product_brand?post=740800"},{"taxonomy":"product_cat","embeddable":true,"href":"https:\/\/stoic-curie.212-227-153-4.plesk.page\/hr\/wp-json\/wp\/v2\/product_cat?post=740800"},{"taxonomy":"product_tag","embeddable":true,"href":"https:\/\/stoic-curie.212-227-153-4.plesk.page\/hr\/wp-json\/wp\/v2\/product_tag?post=740800"}],"curies":[{"name":"wp","href":"https:\/\/api.w.org\/{rel}","templated":true}]}}