{"id":740803,"date":"2025-03-03T18:11:30","date_gmt":"2025-03-03T17:11:30","guid":{"rendered":"https:\/\/stoic-curie.212-227-153-4.plesk.page\/producto\/brodski-konop-crni-classic-22mm-x-200mt\/"},"modified":"2026-02-25T00:00:47","modified_gmt":"2026-02-25T00:00:47","slug":"brodski-konop-crni-classic-22mm-x-200mt","status":"publish","type":"product","link":"https:\/\/stoic-curie.212-227-153-4.plesk.page\/hr\/product\/brodski-konop-crni-classic-22mm-x-200mt\/","title":{"rendered":"Morska u\u017ee crna 22mm x 200mt"},"content":{"rendered":"<p>Morska u\u017ee crna 22mm x 200mt &#8211; <\/p>\n<p>Ova tkanina od poliestera srednje snage, s tri upletena niti, predstavlja izvrstan izbor za sve va\u0161e potrebe vezivanja i sidrenja. Osim toga, izra\u0111ena je od recikliranih plasti\u010dnih PET boca, \u0161to je \u010dini ekolo\u0161ki prihvatljivim rje\u0161enjem. Ova rPET u\u017ee \u0107e vam pru\u017eiti sli\u010dne performanse kao i tradicionalni poliester.<\/p>\n<p>U sektoru plovila, poliester je izuzetno svestran. Mo\u017ee se koristiti za sidrene konopce, konopce za vezivanje, konopce za odbijanje, sigurnosne konopce, pa \u010dak i za dizanje ili podizanje tereta.<\/p>\n<p>Evo nekoliko klju\u010dnih zna\u010dajki ovog u\u017eeta:<\/p>\n<ul>\n<li>Upletena trostrana konstrukcija<\/li>\n<li>Sastavljeno od sinteti\u010dkih materijala<\/li>\n<li>Zadr\u017eava \u010dvrsto\u0107u \u010dak i kada je mokro<\/li>\n<li>Otporno na vodu, UV zrake, truljenje i habanje<\/li>\n<li>Ne pluta i postaje malo mek\u0161e kada je mokro<\/li>\n<li proizvedeno=\"\" u=\"\" europi<=\"\" li=\"\"><\/li>\n<\/ul>\n","protected":false},"excerpt":{"rendered":"<p>Morska u\u017ee crna 22mm x 200mt &#8211; Ova tkanina od poliestera srednje snage, s tri upletena niti, predstavlja izvrstan izbor<\/p>\n","protected":false},"featured_media":5939641,"comment_status":"open","ping_status":"closed","template":"","meta":[],"product_brand":[3101],"product_cat":[1622,1862],"product_tag":[],"class_list":{"0":"post-740803","1":"product","2":"type-product","3":"status-publish","4":"has-post-thumbnail","6":"product_brand-marco-benvenuti-hr","7":"product_cat-konopi-za-pristajanje-i-privez","8":"product_cat-sidreno-uze","10":"first","11":"instock","12":"shipping-taxable","13":"purchasable","14":"product-type-simple"},"_links":{"self":[{"href":"https:\/\/stoic-curie.212-227-153-4.plesk.page\/hr\/wp-json\/wp\/v2\/product\/740803","targetHints":{"allow":["GET"]}}],"collection":[{"href":"https:\/\/stoic-curie.212-227-153-4.plesk.page\/hr\/wp-json\/wp\/v2\/product"}],"about":[{"href":"https:\/\/stoic-curie.212-227-153-4.plesk.page\/hr\/wp-json\/wp\/v2\/types\/product"}],"replies":[{"embeddable":true,"href":"https:\/\/stoic-curie.212-227-153-4.plesk.page\/hr\/wp-json\/wp\/v2\/comments?post=740803"}],"version-history":[{"count":0,"href":"https:\/\/stoic-curie.212-227-153-4.plesk.page\/hr\/wp-json\/wp\/v2\/product\/740803\/revisions"}],"wp:featuredmedia":[{"embeddable":true,"href":"https:\/\/stoic-curie.212-227-153-4.plesk.page\/hr\/wp-json\/wp\/v2\/media\/5939641"}],"wp:attachment":[{"href":"https:\/\/stoic-curie.212-227-153-4.plesk.page\/hr\/wp-json\/wp\/v2\/media?parent=740803"}],"wp:term":[{"taxonomy":"product_brand","embeddable":true,"href":"https:\/\/stoic-curie.212-227-153-4.plesk.page\/hr\/wp-json\/wp\/v2\/product_brand?post=740803"},{"taxonomy":"product_cat","embeddable":true,"href":"https:\/\/stoic-curie.212-227-153-4.plesk.page\/hr\/wp-json\/wp\/v2\/product_cat?post=740803"},{"taxonomy":"product_tag","embeddable":true,"href":"https:\/\/stoic-curie.212-227-153-4.plesk.page\/hr\/wp-json\/wp\/v2\/product_tag?post=740803"}],"curies":[{"name":"wp","href":"https:\/\/api.w.org\/{rel}","templated":true}]}}