{"id":740805,"date":"2025-03-03T18:11:30","date_gmt":"2025-03-03T17:11:30","guid":{"rendered":"https:\/\/stoic-curie.212-227-153-4.plesk.page\/producto\/brodski-konop-crni-classic-26mm-x-100mt\/"},"modified":"2026-02-25T00:00:47","modified_gmt":"2026-02-25T00:00:47","slug":"brodski-konop-crni-classic-26mm-x-100mt","status":"publish","type":"product","link":"https:\/\/stoic-curie.212-227-153-4.plesk.page\/hr\/product\/brodski-konop-crni-classic-26mm-x-100mt\/","title":{"rendered":"Brodski konop crni 26mm x 100mt"},"content":{"rendered":"<p>Brodski konop crni 26mm x 100mt &#8211; <\/p>\n<p>Ova u\u017ee srednje \u010dvrsto\u0107e, izra\u0111eno od tri niti od poliester, izvrstan je izbor za sve va\u0161e potrebe kod vezivanja i sidrenja. Osim toga, napravljeno je od recikliranih plasti\u010dnih PET boca, \u0161to je zaista fantasti\u010dno jer je ekolo\u0161ki prihvatljivo! Otkrio\/la \u0107ete da ovo rPET u\u017ee ima performanse jednake obi\u010dnom poliestersu.<\/p>\n<p>U svijetu \u010damaca, poliester u\u017ee je izuzetno svestrano. Mo\u017eete ga koristiti za sidrene u\u017ead, u\u017ead za vezivanje, fender u\u017ead, u\u017ead za \u017eivotne linije, pa \u010dak i za vu\u010du ili podizanje.<\/p>\n<p>Evo nekih od sjajnih zna\u010dajki ovog u\u017eeta:<\/p>\n<ul>\n<li>Twisted dizajn s tri niti<\/li>\n<li>Napravljeno od sinteti\u010dkih materijala<\/li>\n<li>Zadr\u017eava \u010dvrsto\u0107u \u010dak i kada je mokro<\/li>\n<li>Otpornosti na vodu, UV zrake, truljenje i habanje<\/li>\n<li>Ne pluta i malo se omek\u0161a kada je mokro<\/li>\n<li>Napravljeno u Europi<\/li>\n<\/ul>\n","protected":false},"excerpt":{"rendered":"<p>Brodski konop crni 26mm x 100mt &#8211; Ova u\u017ee srednje \u010dvrsto\u0107e, izra\u0111eno od tri niti od poliester, izvrstan je izbor<\/p>\n","protected":false},"featured_media":5939641,"comment_status":"open","ping_status":"closed","template":"","meta":[],"product_brand":[3101],"product_cat":[1622,1862],"product_tag":[],"class_list":{"0":"post-740805","1":"product","2":"type-product","3":"status-publish","4":"has-post-thumbnail","6":"product_brand-marco-benvenuti-hr","7":"product_cat-konopi-za-pristajanje-i-privez","8":"product_cat-sidreno-uze","10":"first","11":"instock","12":"shipping-taxable","13":"purchasable","14":"product-type-simple"},"_links":{"self":[{"href":"https:\/\/stoic-curie.212-227-153-4.plesk.page\/hr\/wp-json\/wp\/v2\/product\/740805","targetHints":{"allow":["GET"]}}],"collection":[{"href":"https:\/\/stoic-curie.212-227-153-4.plesk.page\/hr\/wp-json\/wp\/v2\/product"}],"about":[{"href":"https:\/\/stoic-curie.212-227-153-4.plesk.page\/hr\/wp-json\/wp\/v2\/types\/product"}],"replies":[{"embeddable":true,"href":"https:\/\/stoic-curie.212-227-153-4.plesk.page\/hr\/wp-json\/wp\/v2\/comments?post=740805"}],"version-history":[{"count":0,"href":"https:\/\/stoic-curie.212-227-153-4.plesk.page\/hr\/wp-json\/wp\/v2\/product\/740805\/revisions"}],"wp:featuredmedia":[{"embeddable":true,"href":"https:\/\/stoic-curie.212-227-153-4.plesk.page\/hr\/wp-json\/wp\/v2\/media\/5939641"}],"wp:attachment":[{"href":"https:\/\/stoic-curie.212-227-153-4.plesk.page\/hr\/wp-json\/wp\/v2\/media?parent=740805"}],"wp:term":[{"taxonomy":"product_brand","embeddable":true,"href":"https:\/\/stoic-curie.212-227-153-4.plesk.page\/hr\/wp-json\/wp\/v2\/product_brand?post=740805"},{"taxonomy":"product_cat","embeddable":true,"href":"https:\/\/stoic-curie.212-227-153-4.plesk.page\/hr\/wp-json\/wp\/v2\/product_cat?post=740805"},{"taxonomy":"product_tag","embeddable":true,"href":"https:\/\/stoic-curie.212-227-153-4.plesk.page\/hr\/wp-json\/wp\/v2\/product_tag?post=740805"}],"curies":[{"name":"wp","href":"https:\/\/api.w.org\/{rel}","templated":true}]}}