{"id":740808,"date":"2025-03-03T18:11:31","date_gmt":"2025-03-03T17:11:31","guid":{"rendered":"https:\/\/stoic-curie.212-227-153-4.plesk.page\/producto\/brodski-konop-crni-classic-36mm-x-100mt\/"},"modified":"2026-02-25T00:00:47","modified_gmt":"2026-02-25T00:00:47","slug":"brodski-konop-crni-classic-36mm-x-100mt","status":"publish","type":"product","link":"https:\/\/stoic-curie.212-227-153-4.plesk.page\/hr\/product\/brodski-konop-crni-classic-36mm-x-100mt\/","title":{"rendered":"Morska u\u017ee crno 36mm x 100m"},"content":{"rendered":"<p>Morska u\u017ee crno 36mm x 100m &#8211; <\/p>\n<p>Ova polu-jaka, trostrana poliester u\u017ead odli\u010dan je izbor za vezivanje i sidrenje. Napravljena je potpuno od recikliranih plasti\u010dnih PET boca, \u0161to nazivamo rPET (reciklirani PET). Primijetit \u0107ete da ova ekolo\u0161ki prihvatljiva poliester u\u017ead ima performanse poput obi\u010dne poliester u\u017eadi.<\/p>\n<p>U svijetu nautike, poliester u\u017ead je izuzetno svestrana i \u010desto se koristi za sidrene u\u017eadi, vezne u\u017eadi, u\u017eadi za fendere, \u017eivotne u\u017eadi, pa \u010dak i za vu\u010du ili dizanje tereta.<\/p>\n<p>Klju\u010dne zna\u010dajke ove u\u017eadi su:<\/p>\n<ul>\n<li>Twisted trostrani dizajn<\/li>\n<li>Napravljena od sinteti\u010dkih materijala<\/li>\n<li>Ostaje jaka \u010dak i kada je mokra<\/li>\n<li>Otporna na vodu, UV zrake, truljenje i habanje<\/li>\n<li>Ne pluta i postaje mek\u0161a kada je mokra<\/li>\n<li>Proizvedena u Europi<\/li>\n<\/ul>\n","protected":false},"excerpt":{"rendered":"<p>Morska u\u017ee crno 36mm x 100m &#8211; Ova polu-jaka, trostrana poliester u\u017ead odli\u010dan je izbor za vezivanje i sidrenje. Napravljena<\/p>\n","protected":false},"featured_media":5939641,"comment_status":"open","ping_status":"closed","template":"","meta":[],"product_brand":[3206],"product_cat":[1622,1862],"product_tag":[],"class_list":{"0":"post-740808","1":"product","2":"type-product","3":"status-publish","4":"has-post-thumbnail","6":"product_brand-nova-argonautica-hr","7":"product_cat-konopi-za-pristajanje-i-privez","8":"product_cat-sidreno-uze","10":"first","11":"instock","12":"shipping-taxable","13":"purchasable","14":"product-type-simple"},"_links":{"self":[{"href":"https:\/\/stoic-curie.212-227-153-4.plesk.page\/hr\/wp-json\/wp\/v2\/product\/740808","targetHints":{"allow":["GET"]}}],"collection":[{"href":"https:\/\/stoic-curie.212-227-153-4.plesk.page\/hr\/wp-json\/wp\/v2\/product"}],"about":[{"href":"https:\/\/stoic-curie.212-227-153-4.plesk.page\/hr\/wp-json\/wp\/v2\/types\/product"}],"replies":[{"embeddable":true,"href":"https:\/\/stoic-curie.212-227-153-4.plesk.page\/hr\/wp-json\/wp\/v2\/comments?post=740808"}],"version-history":[{"count":0,"href":"https:\/\/stoic-curie.212-227-153-4.plesk.page\/hr\/wp-json\/wp\/v2\/product\/740808\/revisions"}],"wp:featuredmedia":[{"embeddable":true,"href":"https:\/\/stoic-curie.212-227-153-4.plesk.page\/hr\/wp-json\/wp\/v2\/media\/5939641"}],"wp:attachment":[{"href":"https:\/\/stoic-curie.212-227-153-4.plesk.page\/hr\/wp-json\/wp\/v2\/media?parent=740808"}],"wp:term":[{"taxonomy":"product_brand","embeddable":true,"href":"https:\/\/stoic-curie.212-227-153-4.plesk.page\/hr\/wp-json\/wp\/v2\/product_brand?post=740808"},{"taxonomy":"product_cat","embeddable":true,"href":"https:\/\/stoic-curie.212-227-153-4.plesk.page\/hr\/wp-json\/wp\/v2\/product_cat?post=740808"},{"taxonomy":"product_tag","embeddable":true,"href":"https:\/\/stoic-curie.212-227-153-4.plesk.page\/hr\/wp-json\/wp\/v2\/product_tag?post=740808"}],"curies":[{"name":"wp","href":"https:\/\/api.w.org\/{rel}","templated":true}]}}