{"id":740810,"date":"2025-03-03T18:11:32","date_gmt":"2025-03-03T17:11:32","guid":{"rendered":"https:\/\/stoic-curie.212-227-153-4.plesk.page\/producto\/kit-za-sidrenje-8x30mt-2-m-6mm-lanac\/"},"modified":"2026-02-25T00:00:47","modified_gmt":"2026-02-25T00:00:47","slug":"kit-za-sidrenje-8x30mt-2-m-6mm-lanac","status":"publish","type":"product","link":"https:\/\/stoic-curie.212-227-153-4.plesk.page\/hr\/product\/kit-za-sidrenje-8x30mt-2-m-6mm-lanac\/","title":{"rendered":"Kit za sidrenje 8x30mt + 2 m 6mm lanac"},"content":{"rendered":"<p>Kit za sidrenje 8x30mt + 2 m 6mm lanac &#8211; <\/p>\n<p>Kit sidrene u\u017ee\/ lan\u010danog, uklju\u010duju\u0107i 30 m u\u017eeta, kompletno s okom, 2 m vru\u0107e pocin\u010dane \u010deli\u010dne lance i 2 spojnice.<\/p>\n","protected":false},"excerpt":{"rendered":"<p>Kit za sidrenje 8x30mt + 2 m 6mm lanac &#8211; Kit sidrene u\u017ee\/ lan\u010danog, uklju\u010duju\u0107i 30 m u\u017eeta, kompletno s<\/p>\n","protected":false},"featured_media":5939646,"comment_status":"open","ping_status":"closed","template":"","meta":[],"product_brand":[3086,2172],"product_cat":[1862],"product_tag":[],"class_list":{"0":"post-740810","1":"product","2":"type-product","3":"status-publish","4":"has-post-thumbnail","6":"product_brand-maggigroup-hr","7":"product_brand-nova-argonautica","8":"product_cat-sidreno-uze","10":"first","11":"instock","12":"shipping-taxable","13":"purchasable","14":"product-type-simple"},"_links":{"self":[{"href":"https:\/\/stoic-curie.212-227-153-4.plesk.page\/hr\/wp-json\/wp\/v2\/product\/740810","targetHints":{"allow":["GET"]}}],"collection":[{"href":"https:\/\/stoic-curie.212-227-153-4.plesk.page\/hr\/wp-json\/wp\/v2\/product"}],"about":[{"href":"https:\/\/stoic-curie.212-227-153-4.plesk.page\/hr\/wp-json\/wp\/v2\/types\/product"}],"replies":[{"embeddable":true,"href":"https:\/\/stoic-curie.212-227-153-4.plesk.page\/hr\/wp-json\/wp\/v2\/comments?post=740810"}],"version-history":[{"count":0,"href":"https:\/\/stoic-curie.212-227-153-4.plesk.page\/hr\/wp-json\/wp\/v2\/product\/740810\/revisions"}],"wp:featuredmedia":[{"embeddable":true,"href":"https:\/\/stoic-curie.212-227-153-4.plesk.page\/hr\/wp-json\/wp\/v2\/media\/5939646"}],"wp:attachment":[{"href":"https:\/\/stoic-curie.212-227-153-4.plesk.page\/hr\/wp-json\/wp\/v2\/media?parent=740810"}],"wp:term":[{"taxonomy":"product_brand","embeddable":true,"href":"https:\/\/stoic-curie.212-227-153-4.plesk.page\/hr\/wp-json\/wp\/v2\/product_brand?post=740810"},{"taxonomy":"product_cat","embeddable":true,"href":"https:\/\/stoic-curie.212-227-153-4.plesk.page\/hr\/wp-json\/wp\/v2\/product_cat?post=740810"},{"taxonomy":"product_tag","embeddable":true,"href":"https:\/\/stoic-curie.212-227-153-4.plesk.page\/hr\/wp-json\/wp\/v2\/product_tag?post=740810"}],"curies":[{"name":"wp","href":"https:\/\/api.w.org\/{rel}","templated":true}]}}