{"id":740814,"date":"2025-03-03T18:11:33","date_gmt":"2025-03-03T17:11:33","guid":{"rendered":"https:\/\/stoic-curie.212-227-153-4.plesk.page\/producto\/nawa-remen-za-vez-rola-25mm-x32mt\/"},"modified":"2026-02-25T00:00:47","modified_gmt":"2026-02-25T00:00:47","slug":"nawa-remen-za-vez-rola-25mm-x32mt","status":"publish","type":"product","link":"https:\/\/stoic-curie.212-227-153-4.plesk.page\/hr\/product\/nawa-remen-za-vez-rola-25mm-x32mt\/","title":{"rendered":"Nawa remen za vez, rola 25mm x32mt"},"content":{"rendered":"<p>Nawa remen za vez, rola 25mm x32mt &#8211; <\/p>\n<p>Brzi i sigurni sustav vezivanja sastoji se od: &#8211; Mekane, ravne trake visoke otpornosti &#8211; \u010cvrst 316 nehr\u0111aju\u0107i \u010deli\u010dni kolotur s pode\u0161avaju\u0107om ko\u010dnicom trenja &#8211; Univerzalna monta\u017ea na tra\u010dnicu ili zid.<\/p>\n","protected":false},"excerpt":{"rendered":"<p>Nawa remen za vez, rola 25mm x32mt &#8211; Brzi i sigurni sustav vezivanja sastoji se od: &#8211; Mekane, ravne trake<\/p>\n","protected":false},"featured_media":5939675,"comment_status":"open","ping_status":"closed","template":"","meta":[],"product_brand":[3181],"product_cat":[1622,1838],"product_tag":[],"class_list":{"0":"post-740814","1":"product","2":"type-product","3":"status-publish","4":"has-post-thumbnail","6":"product_brand-nawa-hr","7":"product_cat-konopi-za-pristajanje-i-privez","8":"product_cat-trake-i-remeni-za-pritezanje","10":"first","11":"instock","12":"shipping-taxable","13":"purchasable","14":"product-type-simple"},"_links":{"self":[{"href":"https:\/\/stoic-curie.212-227-153-4.plesk.page\/hr\/wp-json\/wp\/v2\/product\/740814","targetHints":{"allow":["GET"]}}],"collection":[{"href":"https:\/\/stoic-curie.212-227-153-4.plesk.page\/hr\/wp-json\/wp\/v2\/product"}],"about":[{"href":"https:\/\/stoic-curie.212-227-153-4.plesk.page\/hr\/wp-json\/wp\/v2\/types\/product"}],"replies":[{"embeddable":true,"href":"https:\/\/stoic-curie.212-227-153-4.plesk.page\/hr\/wp-json\/wp\/v2\/comments?post=740814"}],"version-history":[{"count":0,"href":"https:\/\/stoic-curie.212-227-153-4.plesk.page\/hr\/wp-json\/wp\/v2\/product\/740814\/revisions"}],"wp:featuredmedia":[{"embeddable":true,"href":"https:\/\/stoic-curie.212-227-153-4.plesk.page\/hr\/wp-json\/wp\/v2\/media\/5939675"}],"wp:attachment":[{"href":"https:\/\/stoic-curie.212-227-153-4.plesk.page\/hr\/wp-json\/wp\/v2\/media?parent=740814"}],"wp:term":[{"taxonomy":"product_brand","embeddable":true,"href":"https:\/\/stoic-curie.212-227-153-4.plesk.page\/hr\/wp-json\/wp\/v2\/product_brand?post=740814"},{"taxonomy":"product_cat","embeddable":true,"href":"https:\/\/stoic-curie.212-227-153-4.plesk.page\/hr\/wp-json\/wp\/v2\/product_cat?post=740814"},{"taxonomy":"product_tag","embeddable":true,"href":"https:\/\/stoic-curie.212-227-153-4.plesk.page\/hr\/wp-json\/wp\/v2\/product_tag?post=740814"}],"curies":[{"name":"wp","href":"https:\/\/api.w.org\/{rel}","templated":true}]}}