{"id":740816,"date":"2025-03-03T18:11:33","date_gmt":"2025-03-03T17:11:33","guid":{"rendered":"https:\/\/stoic-curie.212-227-153-4.plesk.page\/producto\/elektricni-rezac-uzeta-fusion-220v-60w\/"},"modified":"2026-02-25T00:00:47","modified_gmt":"2026-02-25T00:00:47","slug":"elektricni-rezac-uzeta-fusion-220v-60w","status":"publish","type":"product","link":"https:\/\/stoic-curie.212-227-153-4.plesk.page\/hr\/product\/elektricni-rezac-uzeta-fusion-220v-60w\/","title":{"rendered":"Elektri\u010dni reza\u010d u\u017eeta, Fusion 220V 60W"},"content":{"rendered":"<p>Elektri\u010dni reza\u010d u\u017eeta, Fusion 220V 60W   &#8211; <\/p>\n<p>Elektri\u010dni rezac u\u017eeta 220V 60W za rezanje u\u017eeta i pletenica vru\u0107im zrakom. Tako\u0111er pogodno za jedra, tende, remenje, trakice i rezanje sinteti\u010dkih platna.<\/p>\n","protected":false},"excerpt":{"rendered":"<p>Elektri\u010dni reza\u010d u\u017eeta, Fusion 220V 60W &#8211; Elektri\u010dni rezac u\u017eeta 220V 60W za rezanje u\u017eeta i pletenica vru\u0107im zrakom. Tako\u0111er<\/p>\n","protected":false},"featured_media":5939682,"comment_status":"open","ping_status":"closed","template":"","meta":[],"product_brand":[3066],"product_cat":[1613,1856],"product_tag":[],"class_list":{"0":"post-740816","1":"product","2":"type-product","3":"status-publish","4":"has-post-thumbnail","6":"product_brand-liros-hr","7":"product_cat-alati-za-rezanje","8":"product_cat-jedrilicarski-nozevi-i-alati","10":"first","11":"instock","12":"shipping-taxable","13":"purchasable","14":"product-type-simple"},"_links":{"self":[{"href":"https:\/\/stoic-curie.212-227-153-4.plesk.page\/hr\/wp-json\/wp\/v2\/product\/740816","targetHints":{"allow":["GET"]}}],"collection":[{"href":"https:\/\/stoic-curie.212-227-153-4.plesk.page\/hr\/wp-json\/wp\/v2\/product"}],"about":[{"href":"https:\/\/stoic-curie.212-227-153-4.plesk.page\/hr\/wp-json\/wp\/v2\/types\/product"}],"replies":[{"embeddable":true,"href":"https:\/\/stoic-curie.212-227-153-4.plesk.page\/hr\/wp-json\/wp\/v2\/comments?post=740816"}],"version-history":[{"count":0,"href":"https:\/\/stoic-curie.212-227-153-4.plesk.page\/hr\/wp-json\/wp\/v2\/product\/740816\/revisions"}],"wp:featuredmedia":[{"embeddable":true,"href":"https:\/\/stoic-curie.212-227-153-4.plesk.page\/hr\/wp-json\/wp\/v2\/media\/5939682"}],"wp:attachment":[{"href":"https:\/\/stoic-curie.212-227-153-4.plesk.page\/hr\/wp-json\/wp\/v2\/media?parent=740816"}],"wp:term":[{"taxonomy":"product_brand","embeddable":true,"href":"https:\/\/stoic-curie.212-227-153-4.plesk.page\/hr\/wp-json\/wp\/v2\/product_brand?post=740816"},{"taxonomy":"product_cat","embeddable":true,"href":"https:\/\/stoic-curie.212-227-153-4.plesk.page\/hr\/wp-json\/wp\/v2\/product_cat?post=740816"},{"taxonomy":"product_tag","embeddable":true,"href":"https:\/\/stoic-curie.212-227-153-4.plesk.page\/hr\/wp-json\/wp\/v2\/product_tag?post=740816"}],"curies":[{"name":"wp","href":"https:\/\/api.w.org\/{rel}","templated":true}]}}