{"id":740829,"date":"2025-03-03T18:11:36","date_gmt":"2025-03-03T17:11:36","guid":{"rendered":"https:\/\/stoic-curie.212-227-153-4.plesk.page\/producto\/f3-bimini-od-nehrdajuceg-celika-3-luka-plavi-200-x-180-h140cm\/"},"modified":"2026-02-25T00:00:48","modified_gmt":"2026-02-25T00:00:48","slug":"f3-bimini-od-nehrdajuceg-celika-3-luka-plavi-200-x-180-h140cm","status":"publish","type":"product","link":"https:\/\/stoic-curie.212-227-153-4.plesk.page\/hr\/product\/f3-bimini-od-nehrdajuceg-celika-3-luka-plavi-200-x-180-h140cm\/","title":{"rendered":"Bimini od nehr\u0111aju\u0107eg \u010delika, 3 luka, plavi, 200 x 180 H140cm"},"content":{"rendered":"<p>Bimini od nehr\u0111aju\u0107eg \u010delika, 3 luka, plavi, 200 x 180 H140cm &#8211; <\/p>\n<p><span style=\"font-weight: 700;\">F3 Bimini od nehr\u0111aju\u0107eg \u010delika 3 Arhitekture Plava 200 x 180 H140cm.&nbsp;<\/span><strong>3 Bow Bimini od nehr\u0111aju\u0107eg \u010delika: Pouzdano rje\u0161enje za sjenu za va\u0161 brod<\/strong><\/p>\n<p>Bimini s tri luka od nehr\u0111aju\u0107eg \u010delika predstavlja vrhunski izbor nadstre\u0161nice, idealan za razne vrste brodova, poput otvorenih plovila, gumenjaka i RIB-ova. Izra\u0111en sa stilskim okvirom od \u00d822mm 316 nehr\u0111aju\u0107eg \u010delika, pru\u017ea pouzdanu sjenu i za\u0161titu tijekom va\u0161ih nauti\u010dkih avantura.<\/p>\n<p><strong> visokokvalitetni materijali za ve\u0107u izdr\u017eljivost<\/strong><\/p>\n<p>Izra\u0111en od 310 g\/m\u00b2 ATLAS pomorskog platna, ovaj Bimini je dizajniran da bude otporan na UV zrake i vremenske uvjete, osiguravaju\u0107i dugotrajne performanse i o\u010duvanje boje u te\u0161kim morskim uvjetima. Kit uklju\u010duje okvir od nehr\u0111aju\u0107eg \u010delika, platnenu nadstre\u0161nicu s torbom za pohranu, \u010dvrste trake i popre\u010dne \u0161ipke, \u010dine\u0107i instalaciju jednostavnom. Izvrsno se pona\u0161a, nude\u0107i udobnost na vodi pri brzinama do 40 \u010dvorova.<\/p>\n<p><strong>Razmatranja opreme<\/strong><\/p>\n<p>Iako kit dolazi sa svom potrebnom opremom za sastavljanje, imajte na umu da brtve potrebne za pri\u010dvr\u0161\u0107ivanje okvira Bimini na va\u0161 brod nisu uklju\u010dene; trebat \u0107ete nabaviti odgovaraju\u0107e brtve na temelju materijala va\u0161eg broda.<\/p>\n<p><strong>Jednostavna rje\u0161enja za skladi\u0161te<\/strong><\/p>\n<p>Dizajniran za prakti\u010dno skladi\u0161tenje, Bimini sadr\u017ei torbu za pohranu koja omogu\u0107ava lako povla\u010denje, sprje\u010davaju\u0107i da labavo platno zaga\u0111uje va\u0161 brod. Mo\u017ee se jednostavno nasloniti na rub \u010damca ili potpuno ukloniti odvajaju\u0107i monta\u017ee na palubi.<\/p>\n<p><strong>Istaknute zna\u010dajke:<\/strong><\/p>\n<ul>\n<li>\n<p>Vodootporna i prozra\u010dna tkanina<\/p>\n<\/li>\n<li>\n<p>Otporan na UV zrake i vremenske uvjete s ocjenom 6-7 postojanosti boje<\/p>\n<\/li>\n<li>\n<p>Otporan na plijesni i plijesan<\/p>\n<\/li>\n<li>\n<p>\u010cvrsti okvir od nehr\u0111aju\u0107eg \u010delika i pomorske dodatke<\/p>\n<\/li>\n<li>\n<p>Udoban pri brzinama do 40 \u010dvorova<\/p>\n<\/li>\n<\/ul>\n","protected":false},"excerpt":{"rendered":"<p>Bimini od nehr\u0111aju\u0107eg \u010delika, 3 luka, plavi, 200 x 180 H140cm &#8211; F3 Bimini od nehr\u0111aju\u0107eg \u010delika 3 Arhitekture Plava<\/p>\n","protected":false},"featured_media":5937087,"comment_status":"open","ping_status":"closed","template":"","meta":[],"product_brand":[3186],"product_cat":[1689],"product_tag":[],"class_list":{"0":"post-740829","1":"product","2":"type-product","3":"status-publish","4":"has-post-thumbnail","6":"product_brand-nettuno-hr","7":"product_cat-bimini-tende","9":"first","10":"instock","11":"shipping-taxable","12":"purchasable","13":"product-type-simple"},"_links":{"self":[{"href":"https:\/\/stoic-curie.212-227-153-4.plesk.page\/hr\/wp-json\/wp\/v2\/product\/740829","targetHints":{"allow":["GET"]}}],"collection":[{"href":"https:\/\/stoic-curie.212-227-153-4.plesk.page\/hr\/wp-json\/wp\/v2\/product"}],"about":[{"href":"https:\/\/stoic-curie.212-227-153-4.plesk.page\/hr\/wp-json\/wp\/v2\/types\/product"}],"replies":[{"embeddable":true,"href":"https:\/\/stoic-curie.212-227-153-4.plesk.page\/hr\/wp-json\/wp\/v2\/comments?post=740829"}],"version-history":[{"count":0,"href":"https:\/\/stoic-curie.212-227-153-4.plesk.page\/hr\/wp-json\/wp\/v2\/product\/740829\/revisions"}],"wp:featuredmedia":[{"embeddable":true,"href":"https:\/\/stoic-curie.212-227-153-4.plesk.page\/hr\/wp-json\/wp\/v2\/media\/5937087"}],"wp:attachment":[{"href":"https:\/\/stoic-curie.212-227-153-4.plesk.page\/hr\/wp-json\/wp\/v2\/media?parent=740829"}],"wp:term":[{"taxonomy":"product_brand","embeddable":true,"href":"https:\/\/stoic-curie.212-227-153-4.plesk.page\/hr\/wp-json\/wp\/v2\/product_brand?post=740829"},{"taxonomy":"product_cat","embeddable":true,"href":"https:\/\/stoic-curie.212-227-153-4.plesk.page\/hr\/wp-json\/wp\/v2\/product_cat?post=740829"},{"taxonomy":"product_tag","embeddable":true,"href":"https:\/\/stoic-curie.212-227-153-4.plesk.page\/hr\/wp-json\/wp\/v2\/product_tag?post=740829"}],"curies":[{"name":"wp","href":"https:\/\/api.w.org\/{rel}","templated":true}]}}