{"id":740830,"date":"2025-03-03T18:11:36","date_gmt":"2025-03-03T17:11:36","guid":{"rendered":"https:\/\/stoic-curie.212-227-153-4.plesk.page\/producto\/bimini-eco-top-nehrdajuci-celik-plavi-3-luka-230-x-235-x-h140-cm\/"},"modified":"2026-02-25T00:00:48","modified_gmt":"2026-02-25T00:00:48","slug":"bimini-eco-top-nehrdajuci-celik-plavi-3-luka-230-x-235-x-h140-cm","status":"publish","type":"product","link":"https:\/\/stoic-curie.212-227-153-4.plesk.page\/hr\/product\/bimini-eco-top-nehrdajuci-celik-plavi-3-luka-230-x-235-x-h140-cm\/","title":{"rendered":"Bimini Eco-Top, nehr\u0111aju\u0107i  \u010delik, plavi 3 luka, 230 x 235 x H140 cm"},"content":{"rendered":"<p>Bimini Eco-Top, nehr\u0111aju\u0107i  \u010delik, plavi 3 luka, 230 x 235 x H140 cm &#8211; <\/p>\n<p style=\"\"><span style=\"color: rgb(34, 34, 34); font-family: Arial, Helvetica, sans-serif; font-size: small; font-weight: 700;\">Bimini Eco-Top od nehr\u0111aju\u0107eg \u010delika Plavi 3 Arke 230 x 235 x H140 cm. <\/span><strong style=\"color: rgb(34, 34, 34); font-family: Arial, Helvetica, sans-serif; font-size: small;\">Bimini s 3 luka od nehr\u0111aju\u0107eg \u010delika: Izdr\u017eava sjena za va\u0161 brod<\/strong><\/p>\n<p style=\"color: rgb(34, 34, 34); font-family: Arial, Helvetica, sans-serif; font-size: small;\">Bimini s 3 luka od nehr\u0111aju\u0107eg \u010delika je premium nadstre\u0161nica pogodna za razli\u010dite vrste brodova, uklju\u010duju\u0107i otvorene brodove, male brodove i RIB plovila. S elegantnim okvirom od 22 mm, 316 nehr\u0111aju\u0107eg \u010delika, pru\u017ea pouzdanu sjenu i za\u0161titu tijekom plovidbe.<\/p>\n<p style=\"color: rgb(34, 34, 34); font-family: Arial, Helvetica, sans-serif; font-size: small;\"><strong>Kvalitetni materijali za dugotrajnost<\/strong><\/p>\n<p style=\"color: rgb(34, 34, 34); font-family: Arial, Helvetica, sans-serif; font-size: small;\">Izdvajaju\u0107i se materijalom 310 g\/m\u00b2 ATLAS marin\u0161ke kvalitete, ovaj Bimini je otporan na UV zrake i vremenske uvjete, osiguravaju\u0107i trajnost i o\u010duvanje boje u te\u0161kim morskim uvjetima. U kompletu dolazi okvir od nehr\u0111aju\u0107eg \u010delika, platnena nadstre\u0161nica s torbom za pohranu, \u010dvrste trake i popre\u010dne \u0161ipke za jednostavnu monta\u017eu. Odli\u010dno se pona\u0161a, pru\u017eaju\u0107i udobnost na vodi pri brzinama do 40 \u010dvorova.<\/p>\n<p style=\"color: rgb(34, 34, 34); font-family: Arial, Helvetica, sans-serif; font-size: small;\"><strong>Napomena o hardveru<\/strong><\/p>\n<p style=\"color: rgb(34, 34, 34); font-family: Arial, Helvetica, sans-serif; font-size: small;\">Komplet uklju\u010duje sav potrebni hardver za monta\u017eu, ali pri\u010dvrsni elementi za pri\u010dvr\u0161\u0107ivanje Bimini okvira na va\u0161 brod nisu uklju\u010deni; trebat \u0107ete prona\u0107i odgovaraju\u0107e elemente ovisno o materijalu va\u0161eg broda.<\/p>\n<p style=\"color: rgb(34, 34, 34); font-family: Arial, Helvetica, sans-serif; font-size: small;\"><strong>Prikladna pohrana<\/strong><\/p>\n<p style=\"color: rgb(34, 34, 34); font-family: Arial, Helvetica, sans-serif; font-size: small;\">Dizajnirana za jednostavno skladi\u0161tenje, Bimini ima torbu za pohranu za jednostavno povla\u010denje, sprje\u010davaju\u0107i da se labavi materijal nalazi na brodu. Mo\u017eete ga brzo polo\u017eiti ravno na rub ili potpuno ukloniti odvajaju\u0107i monta\u017ene elemente na palubi.<\/p>\n<p style=\"color: rgb(34, 34, 34); font-family: Arial, Helvetica, sans-serif; font-size: small;\"><strong>Klju\u010dne zna\u010dajke:<\/strong><\/p>\n<ul style=\"color: rgb(34, 34, 34); font-family: Arial, Helvetica, sans-serif; font-size: small;\">\n<li>Du\u017eina nadstre\u0161nice: 183 cm; visina: 130 cm (odre\u017eite na 110 cm ako je potrebno)<\/li>\n<li>Vodootporna, prozra\u010dna tkanina<\/li>\n<li>Otporna na UV zrake i vremenske utjecaje s postotkom odr\u017eavanja boje 6-7<\/li>\n<li>Otporna na plijesan i plijesan<\/li>\n<li>\u010cvrst okvir od nehr\u0111aju\u0107eg \u010delika i marinaski pribor<\/li>\n<li>Udobna pri brzinama do 40 \u010dvorova<\/li>\n<\/ul>\n","protected":false},"excerpt":{"rendered":"<p>Bimini Eco-Top, nehr\u0111aju\u0107i \u010delik, plavi 3 luka, 230 x 235 x H140 cm &#8211; Bimini Eco-Top od nehr\u0111aju\u0107eg \u010delika Plavi<\/p>\n","protected":false},"featured_media":5937087,"comment_status":"open","ping_status":"closed","template":"","meta":[],"product_brand":[3186],"product_cat":[1689],"product_tag":[],"class_list":{"0":"post-740830","1":"product","2":"type-product","3":"status-publish","4":"has-post-thumbnail","6":"product_brand-nettuno-hr","7":"product_cat-bimini-tende","9":"first","10":"instock","11":"shipping-taxable","12":"purchasable","13":"product-type-simple"},"_links":{"self":[{"href":"https:\/\/stoic-curie.212-227-153-4.plesk.page\/hr\/wp-json\/wp\/v2\/product\/740830","targetHints":{"allow":["GET"]}}],"collection":[{"href":"https:\/\/stoic-curie.212-227-153-4.plesk.page\/hr\/wp-json\/wp\/v2\/product"}],"about":[{"href":"https:\/\/stoic-curie.212-227-153-4.plesk.page\/hr\/wp-json\/wp\/v2\/types\/product"}],"replies":[{"embeddable":true,"href":"https:\/\/stoic-curie.212-227-153-4.plesk.page\/hr\/wp-json\/wp\/v2\/comments?post=740830"}],"version-history":[{"count":0,"href":"https:\/\/stoic-curie.212-227-153-4.plesk.page\/hr\/wp-json\/wp\/v2\/product\/740830\/revisions"}],"wp:featuredmedia":[{"embeddable":true,"href":"https:\/\/stoic-curie.212-227-153-4.plesk.page\/hr\/wp-json\/wp\/v2\/media\/5937087"}],"wp:attachment":[{"href":"https:\/\/stoic-curie.212-227-153-4.plesk.page\/hr\/wp-json\/wp\/v2\/media?parent=740830"}],"wp:term":[{"taxonomy":"product_brand","embeddable":true,"href":"https:\/\/stoic-curie.212-227-153-4.plesk.page\/hr\/wp-json\/wp\/v2\/product_brand?post=740830"},{"taxonomy":"product_cat","embeddable":true,"href":"https:\/\/stoic-curie.212-227-153-4.plesk.page\/hr\/wp-json\/wp\/v2\/product_cat?post=740830"},{"taxonomy":"product_tag","embeddable":true,"href":"https:\/\/stoic-curie.212-227-153-4.plesk.page\/hr\/wp-json\/wp\/v2\/product_tag?post=740830"}],"curies":[{"name":"wp","href":"https:\/\/api.w.org\/{rel}","templated":true}]}}