{"id":740831,"date":"2025-03-03T18:11:37","date_gmt":"2025-03-03T17:11:37","guid":{"rendered":"https:\/\/stoic-curie.212-227-153-4.plesk.page\/producto\/bimini-f3-nehrdajuci-celik-plavi-3-luka-235-x-245-x-h140-cm\/"},"modified":"2026-02-25T00:00:48","modified_gmt":"2026-02-25T00:00:48","slug":"bimini-f3-nehrdajuci-celik-plavi-3-luka-235-x-245-x-h140-cm","status":"publish","type":"product","link":"https:\/\/stoic-curie.212-227-153-4.plesk.page\/hr\/product\/bimini-f3-nehrdajuci-celik-plavi-3-luka-235-x-245-x-h140-cm\/","title":{"rendered":"Bimini F3 nehr\u0111aju\u0107i \u010delik, plavi 3 luka, 235 x 245 x H140 cm"},"content":{"rendered":"<p>Bimini F3 nehr\u0111aju\u0107i \u010delik, plavi 3 luka, 235 x 245 x H140 cm &#8211; <\/p>\n<p style=\"\"><span style=\"color: rgb(34, 34, 34); font-family: Arial, Helvetica, sans-serif; font-size: small; font-weight: 700;\">Stainless Steel Bimini 3 Arches F3 Plava 235 x 245 x H140 cm.&nbsp;<\/span><strong style=\"color: rgb(34, 34, 34); font-family: Arial, Helvetica, sans-serif; font-size: small;\">3 Bow Stainless Steel Bimini: Trajna sjena za va\u0161u brodicu<\/strong><\/p>\n<p style=\"color: rgb(34, 34, 34); font-family: Arial, Helvetica, sans-serif; font-size: small;\">3 Bow Stainless Steel Bimini je sna\u017ena i visokokvalitetna nadstre\u0161nica za razli\u010dite tipove brodova. Odli\u010dno funkcionira na otvorenim brodovima, aluminijskim \u010damcima, centralnim konzolama, bo\u010dnim konzolama, gliserima, gimnastikama i RIB \u010damcima. Njegov elegantan dizajn uklju\u010duje okvir od \u00d822mm 316 nehr\u0111aju\u0107eg \u010delika, koji vam pru\u017ea pouzdanu sjenu i za\u0161titu na va\u0161im izletima na vodi.<\/p>\n<p style=\"color: rgb(34, 34, 34); font-family: Arial, Helvetica, sans-serif; font-size: small;\"><strong>Napredni materijali za trajnu izdr\u017eljivost<\/strong><\/p>\n<p style=\"color: rgb(34, 34, 34); font-family: Arial, Helvetica, sans-serif; font-size: small;\">Na\u0161 3 Bow Stainless Steel Bimini izra\u0111en je od ATLAS marine tkanine te\u017eine 310 g\/m\u00b2. Ova tkanina je otporna na UV zra\u010denje i vremenske uvjete, tako da ostaje jaka i zadr\u017eava svoju boju \u010dak i u te\u0161kim morskim uvjetima. Ugradne dijelove od 316 nehr\u0111aju\u0107eg \u010delika dodatno produ\u017euju njegov \u017eivotni vijek. Kit uklju\u010duje nekoliko stavki, uklju\u010duju\u0107i okvir od nehr\u0111aju\u0107eg \u010delika, platnenu nadstre\u0161nicu s torbom za pohranu, \u010dvrste trake i popre\u010dne \u0161ipke. Svi dijelovi potrebni za brzu i jednostavnu instalaciju su tako\u0111er uklju\u010deni. Ovaj Bimini je vrlo koristan i dobro funkcionira, pru\u017eaju\u0107i ugodnu vo\u017enju na vodi. Mo\u017eete ploviti brzinom do 40 \u010dvorova.<\/p>\n<p style=\"color: rgb(34, 34, 34); font-family: Arial, Helvetica, sans-serif; font-size: small;\"><strong>Napomena o opremi<\/strong><\/p>\n<p style=\"color: rgb(34, 34, 34); font-family: Arial, Helvetica, sans-serif; font-size: small;\">Stainless Steel Bimini 3 Arches F3 Plava 235 x 245 x H140 cm. Kit 3 Bow Classic Stainless Steel Bimini dolazi s svom opremom za sastavljanje. Me\u0111utim, pri\u010dvr\u0161\u0107iva\u010di ili vijke za pri\u010dvr\u0161\u0107ivanje Bimini okvira na va\u0161u brodicu nisu uklju\u010deni. Morat \u0107ete prona\u0107i odgovaraju\u0107e pri\u010dvr\u0161\u0107iva\u010de prema materijalu va\u0161eg broda.<\/p>\n<p style=\"color: rgb(34, 34, 34); font-family: Arial, Helvetica, sans-serif; font-size: small;\"><strong>Prakti\u010dno skladi\u0161tenje za jednostavno povla\u010denje<\/strong><\/p>\n<p style=\"color: rgb(34, 34, 34); font-family: Arial, Helvetica, sans-serif; font-size: small;\">Na\u0161 3 Bow Stainless Steel Bimini se lako skladi\u0161ti. Torba za pohranu nalazi se na dnu nadstre\u0161nice. Ovaj dizajn olak\u0161ava povla\u010denje i spre\u010dava ostavljanje suvi\u0161nog materijala na brodu. Mo\u017eete lako odvezati web remen. To \u0107e vam omogu\u0107iti da cijeli Bimini stavite ravno na rub \u010damca. Tako\u0111er ga mo\u017eete potpuno ukloniti odvajaju\u0107i montaze za palubu.<\/p>\n<p style=\"color: rgb(34, 34, 34); font-family: Arial, Helvetica, sans-serif; font-size: small;\"><strong>Izvrsna izdr\u017eljivost i kvaliteta<\/strong><\/p>\n<ul style=\"color: rgb(34, 34, 34); font-family: Arial, Helvetica, sans-serif; font-size: small;\">\n<li>3 Bow Bimini Top s duljinom nadstre\u0161nice od 183 cm (od prednje do stra\u017enje strane) i visinom od 130 cm (mo\u017ee se skratiti na 110 cm ako je potrebno)<\/li>\n<li>Vodootporna, prozra\u010dna ATLAS marine tkanina (310 g\/m\u00b2)<\/li>\n<li>Otporan na UV zra\u010denje i vremenske uvjete s otporno\u0161\u0107u na boju ocijenjenom na razredu 6-7<\/li>\n<li>Otpornosti na plijesan i gljivice<\/li>\n<li>\u00d822mm 316 nehr\u0111aju\u0107i \u010deli\u010dni okvir za snagu i pouzdanost<\/li>\n<li>Nylon trake za vezivanje sprijeda i straga (\u010dvrsti stra\u017enji nosa\u010di dostupni odvojeno)<\/li>\n<li>Marine-grade fitting<\/li>\n<li>Putuje udobno na vodi brzinama do 40 \u010dvorova<\/li>\n<\/ul>\n","protected":false},"excerpt":{"rendered":"<p>Bimini F3 nehr\u0111aju\u0107i \u010delik, plavi 3 luka, 235 x 245 x H140 cm &#8211; Stainless Steel Bimini 3 Arches F3<\/p>\n","protected":false},"featured_media":5937087,"comment_status":"open","ping_status":"closed","template":"","meta":[],"product_brand":[3186],"product_cat":[1689],"product_tag":[],"class_list":{"0":"post-740831","1":"product","2":"type-product","3":"status-publish","4":"has-post-thumbnail","6":"product_brand-nettuno-hr","7":"product_cat-bimini-tende","9":"first","10":"instock","11":"shipping-taxable","12":"purchasable","13":"product-type-simple"},"_links":{"self":[{"href":"https:\/\/stoic-curie.212-227-153-4.plesk.page\/hr\/wp-json\/wp\/v2\/product\/740831","targetHints":{"allow":["GET"]}}],"collection":[{"href":"https:\/\/stoic-curie.212-227-153-4.plesk.page\/hr\/wp-json\/wp\/v2\/product"}],"about":[{"href":"https:\/\/stoic-curie.212-227-153-4.plesk.page\/hr\/wp-json\/wp\/v2\/types\/product"}],"replies":[{"embeddable":true,"href":"https:\/\/stoic-curie.212-227-153-4.plesk.page\/hr\/wp-json\/wp\/v2\/comments?post=740831"}],"version-history":[{"count":0,"href":"https:\/\/stoic-curie.212-227-153-4.plesk.page\/hr\/wp-json\/wp\/v2\/product\/740831\/revisions"}],"wp:featuredmedia":[{"embeddable":true,"href":"https:\/\/stoic-curie.212-227-153-4.plesk.page\/hr\/wp-json\/wp\/v2\/media\/5937087"}],"wp:attachment":[{"href":"https:\/\/stoic-curie.212-227-153-4.plesk.page\/hr\/wp-json\/wp\/v2\/media?parent=740831"}],"wp:term":[{"taxonomy":"product_brand","embeddable":true,"href":"https:\/\/stoic-curie.212-227-153-4.plesk.page\/hr\/wp-json\/wp\/v2\/product_brand?post=740831"},{"taxonomy":"product_cat","embeddable":true,"href":"https:\/\/stoic-curie.212-227-153-4.plesk.page\/hr\/wp-json\/wp\/v2\/product_cat?post=740831"},{"taxonomy":"product_tag","embeddable":true,"href":"https:\/\/stoic-curie.212-227-153-4.plesk.page\/hr\/wp-json\/wp\/v2\/product_tag?post=740831"}],"curies":[{"name":"wp","href":"https:\/\/api.w.org\/{rel}","templated":true}]}}