{"id":740832,"date":"2025-03-03T18:11:37","date_gmt":"2025-03-03T17:11:37","guid":{"rendered":"https:\/\/stoic-curie.212-227-153-4.plesk.page\/producto\/bimini-tenda-nehrdajuci-celik-3-luka-tessilmare-bijela-180-x-170-x-h140cm\/"},"modified":"2026-02-25T00:00:48","modified_gmt":"2026-02-25T00:00:48","slug":"bimini-tenda-nehrdajuci-celik-3-luka-tessilmare-bijela-180-x-170-x-h140cm","status":"publish","type":"product","link":"https:\/\/stoic-curie.212-227-153-4.plesk.page\/hr\/product\/bimini-tenda-nehrdajuci-celik-3-luka-tessilmare-bijela-180-x-170-x-h140cm\/","title":{"rendered":"Bimini tenda, nehr\u0111aju\u0107i \u010delik, 3 luka, Tessilmare, bijela, 180 x 170 x H140cm"},"content":{"rendered":"<p>Bimini tenda, nehr\u0111aju\u0107i \u010delik, 3 luka, Tessilmare, bijela, 180 x 170 x H140cm &#8211; <\/p>\n<p style=\"color: rgb(34, 34, 34); font-family: Arial, Helvetica, sans-serif; font-size: small;\">Dizajn s tri luka je izuzetno \u010dvrst i kompaktan, s potpuno vodootpornom mre\u017eom i za\u0161titnom ku\u0107i\u0161tem. Ova konfiguracija omogu\u0107uje jednostavnu upotrebu samostalno ili trajnu instalaciju s opcionim potporama, \u0161to je idealno za otvorene \u010damce i splavi.<\/p>\n<p style=\"color: rgb(34, 34, 34); font-family: Arial, Helvetica, sans-serif; font-size: small;\">Kada dobijete Biminox, dolazi razmontiran i sigurno upakiran u kutiji. Zahvaljuju\u0107i posebnom patentu Tessilmare, ponovno sastavljanje je izuzetno jednostavno. Bimini krovi\u0107 otporan na sunce i vodu uklju\u010duje tri uklonjiva luka.<\/p>\n<p style=\"color: rgb(34, 34, 34); font-family: Arial, Helvetica, sans-serif; font-size: small;\">Izra\u0111en je od izdr\u017eljivog okvira od nehr\u0111aju\u0107eg \u010delika 316 i 100% poliesterskog PVC prekrivenog materijala, s cijevima promjera 22 mm. Osim toga, uz opcionalne potpore, bimini mo\u017ee ostati zatvoren, izgledaju\u0107i kao roll bar.<\/p>\n<p style=\"color: rgb(34, 34, 34); font-family: Arial, Helvetica, sans-serif; font-size: small;\"><strong>Potpuno opremljeni Tessilmare Sun-Tops<\/strong><br \/>Tessilmare sun-tops su ne\u0161to s \u010dim se tvrtka ponosi. Inovacija i kreativnost su u sredi\u0161tu njihovog proizvodnog procesa. \u010cak provode testove u vjetrovnom tunelu na svojim sun-topovima kako bi osigurali da ispunjavaju visoke standarde industrije.<\/p>\n<p style=\"color: rgb(34, 34, 34); font-family: Arial, Helvetica, sans-serif; font-size: small;\">Ova posve\u0107enost kvaliteti razlog je za\u0161to Tessilmare podr\u017eava svoje proizvode do\u017eivotnom garancijom.<\/p>\n<p style=\"color: rgb(34, 34, 34); font-family: Arial, Helvetica, sans-serif; font-size: small;\">Oznaka &#8220;Made in Italy&#8221; velika je stvar za njih. Tessilmare nabavlja materijale s lokalnih tr\u017ei\u0161ta, gradi sna\u017ene odnose s talijanskim dobavlja\u010dima i upravlja cijelim proizvodnim procesom interno.<\/p>\n<p style=\"color: rgb(34, 34, 34); font-family: Arial, Helvetica, sans-serif; font-size: small;\"><strong>Izbor boja Sun-Topova<\/strong><\/p>\n<ul style=\"color: rgb(34, 34, 34); font-family: Arial, Helvetica, sans-serif; font-size: small;\">\n<li>Bjela<\/li>\n<li>Temno plava<\/li>\n<\/ul>\n<p style=\"color: rgb(34, 34, 34); font-family: Arial, Helvetica, sans-serif; font-size: small;\"><strong>Dostupne \u0161irine Sun-Topova<\/strong><\/p>\n<ul style=\"color: rgb(34, 34, 34); font-family: Arial, Helvetica, sans-serif; font-size: small;\">\n<li>150 cm<\/li>\n<li>170 cm<\/li>\n<li>185 cm<\/li>\n<li>200 cm<\/li>\n<li>215 cm<\/li>\n<li>230 cm<\/li>\n<li>245 cm<\/li>\n<\/ul>\n<p style=\"color: rgb(34, 34, 34); font-family: Arial, Helvetica, sans-serif; font-size: small;\"><strong>Materijal Sun-Topa<\/strong><\/p>\n<ul style=\"color: rgb(34, 34, 34); font-family: Arial, Helvetica, sans-serif; font-size: small;\">\n<li>Inox 22mm<\/li>\n<\/ul>\n<p style=\"color: rgb(34, 34, 34); font-family: Arial, Helvetica, sans-serif; font-size: small;\"><strong>Maksimalna brzina<\/strong><\/p>\n<ul style=\"color: rgb(34, 34, 34); font-family: Arial, Helvetica, sans-serif; font-size: small;\">\n<li>60 km\/h<\/li>\n<\/ul>\n","protected":false},"excerpt":{"rendered":"<p>Bimini tenda, nehr\u0111aju\u0107i \u010delik, 3 luka, Tessilmare, bijela, 180 x 170 x H140cm &#8211; Dizajn s tri luka je izuzetno<\/p>\n","protected":false},"featured_media":5939755,"comment_status":"open","ping_status":"closed","template":"","meta":[],"product_brand":[3481],"product_cat":[1689],"product_tag":[],"class_list":{"0":"post-740832","1":"product","2":"type-product","3":"status-publish","4":"has-post-thumbnail","6":"product_brand-tessilmare-hr","7":"product_cat-bimini-tende","9":"first","10":"instock","11":"shipping-taxable","12":"purchasable","13":"product-type-simple"},"_links":{"self":[{"href":"https:\/\/stoic-curie.212-227-153-4.plesk.page\/hr\/wp-json\/wp\/v2\/product\/740832","targetHints":{"allow":["GET"]}}],"collection":[{"href":"https:\/\/stoic-curie.212-227-153-4.plesk.page\/hr\/wp-json\/wp\/v2\/product"}],"about":[{"href":"https:\/\/stoic-curie.212-227-153-4.plesk.page\/hr\/wp-json\/wp\/v2\/types\/product"}],"replies":[{"embeddable":true,"href":"https:\/\/stoic-curie.212-227-153-4.plesk.page\/hr\/wp-json\/wp\/v2\/comments?post=740832"}],"version-history":[{"count":0,"href":"https:\/\/stoic-curie.212-227-153-4.plesk.page\/hr\/wp-json\/wp\/v2\/product\/740832\/revisions"}],"wp:featuredmedia":[{"embeddable":true,"href":"https:\/\/stoic-curie.212-227-153-4.plesk.page\/hr\/wp-json\/wp\/v2\/media\/5939755"}],"wp:attachment":[{"href":"https:\/\/stoic-curie.212-227-153-4.plesk.page\/hr\/wp-json\/wp\/v2\/media?parent=740832"}],"wp:term":[{"taxonomy":"product_brand","embeddable":true,"href":"https:\/\/stoic-curie.212-227-153-4.plesk.page\/hr\/wp-json\/wp\/v2\/product_brand?post=740832"},{"taxonomy":"product_cat","embeddable":true,"href":"https:\/\/stoic-curie.212-227-153-4.plesk.page\/hr\/wp-json\/wp\/v2\/product_cat?post=740832"},{"taxonomy":"product_tag","embeddable":true,"href":"https:\/\/stoic-curie.212-227-153-4.plesk.page\/hr\/wp-json\/wp\/v2\/product_tag?post=740832"}],"curies":[{"name":"wp","href":"https:\/\/api.w.org\/{rel}","templated":true}]}}