{"id":740834,"date":"2025-03-03T18:11:37","date_gmt":"2025-03-03T17:11:37","guid":{"rendered":"https:\/\/stoic-curie.212-227-153-4.plesk.page\/producto\/bimini-tenda-nehrdajuci-celik-3-luka-tessilmare-bijela-180-x-230-x-h140cm\/"},"modified":"2026-02-25T00:00:48","modified_gmt":"2026-02-25T00:00:48","slug":"bimini-tenda-nehrdajuci-celik-3-luka-tessilmare-bijela-180-x-230-x-h140cm","status":"publish","type":"product","link":"https:\/\/stoic-curie.212-227-153-4.plesk.page\/hr\/product\/bimini-tenda-nehrdajuci-celik-3-luka-tessilmare-bijela-180-x-230-x-h140cm\/","title":{"rendered":"Bimini tenda, nehr\u0111aju\u0107i \u010delik, 3 luka, Tessilmare, bijela, 180 x 230 x H140cm"},"content":{"rendered":"<p>Bimini tenda, nehr\u0111aju\u0107i \u010delik, 3 luka, Tessilmare, bijela, 180 x 230 x H140cm &#8211; <\/p>\n<p style=\"color: rgb(34, 34, 34); font-family: Arial, Helvetica, sans-serif; font-size: small;\">Struktura s tri luka je robusna i kompaktna, s potpuno vodootpornom mre\u017eom i za\u0161titnim ku\u0107i\u0161tem. Ovaj dizajn omogu\u0107ava jednostavnu samostalnu postavu ili stalnu instalaciju uz pomo\u0107 opcionalnih potpornih stupova, \u0161to ga \u010dini idealnim za otvorene \u010damce i splavi.<\/p>\n<p style=\"color: rgb(34, 34, 34); font-family: Arial, Helvetica, sans-serif; font-size: small;\">Biminox dolazi u razmontiranom stanju, sigurno zapakiran u kutiju. Zahvaljuju\u0107i posebnom patentu Tessilmare, ponovna monta\u017ea je jednostavna. Sun\u010dana bimini nadstre\u0161nica uklju\u010duje tri odstranljiva luka.<\/p>\n<p style=\"color: rgb(34, 34, 34); font-family: Arial, Helvetica, sans-serif; font-size: small;\">Izra\u0111ena od okvira od nehr\u0111aju\u0107eg \u010delika 316 i 100% poliester PVC prekrivene tkanine, cijevi imaju promjer od 22 mm. Uz dodatak opcionalnih potpornih stupova, bimini se mo\u017ee zadr\u017eati u zatvorenom polo\u017eaju, nalik na roll bar.<\/p>\n<p style=\"color: rgb(34, 34, 34); font-family: Arial, Helvetica, sans-serif; font-size: small;\"><strong>Puni opremljeni Tessilmare Sun-Tops<\/strong><br \/>Tessilmare sun-tops su izvor ponosa za tvrtku. Inovacija i kreativnost su temeljni principi u procesu proizvodnje Tessilmarea. Tvrtka redovito provodi testove u vjetrotunelu na svojim sun-topovima kako bi osigurala da udovoljavaju visokim standardima koji se o\u010dekuju na tr\u017ei\u0161tu.<\/p>\n<p style=\"color: rgb(34, 34, 34); font-family: Arial, Helvetica, sans-serif; font-size: small;\">Ova sna\u017ena predanost kvaliteti razlog je za\u0161to Tessilmare nudi do\u017eivotno jamstvo.<\/p>\n<p style=\"color: rgb(34, 34, 34); font-family: Arial, Helvetica, sans-serif; font-size: small;\">Oznaka &#8220;Made in Italy&#8221; je bitan aspekt identiteta tvrtke. Tessilmare nabavlja sirovine iz lokalnih trgovina, njeguje trajne odnose s talijanskim dobavlja\u010dima i nadgleda cijeli proizvodni proces interno.<\/p>\n<p style=\"color: rgb(34, 34, 34); font-family: Arial, Helvetica, sans-serif; font-size: small;\"><strong>Opcije boja Sun-Topa<\/strong><\/p>\n<ul style=\"color: rgb(34, 34, 34); font-family: Arial, Helvetica, sans-serif; font-size: small;\">\n<li>Bjela<\/li>\n<li>Boja mornarske plave<\/li>\n<\/ul>\n<p style=\"color: rgb(34, 34, 34); font-family: Arial, Helvetica, sans-serif; font-size: small;\"><strong>Dostupne \u0161irine Sun-Topa<\/strong><\/p>\n<ul style=\"color: rgb(34, 34, 34); font-family: Arial, Helvetica, sans-serif; font-size: small;\">\n<li>150 cm<\/li>\n<li>170 cm<\/li>\n<li>185 cm<\/li>\n<li>200 cm<\/li>\n<li>215 cm<\/li>\n<li>230 cm<\/li>\n<li>245 cm<\/li>\n<\/ul>\n<p style=\"color: rgb(34, 34, 34); font-family: Arial, Helvetica, sans-serif; font-size: small;\"><strong>Materijal Sun-Topa<\/strong><\/p>\n<ul style=\"color: rgb(34, 34, 34); font-family: Arial, Helvetica, sans-serif; font-size: small;\">\n<li>Inox 22mm<\/li>\n<\/ul>\n<p style=\"color: rgb(34, 34, 34); font-family: Arial, Helvetica, sans-serif; font-size: small;\"><strong>Maksimalna brzina<\/strong><\/p>\n<ul style=\"color: rgb(34, 34, 34); font-family: Arial, Helvetica, sans-serif; font-size: small;\">\n<li>60 km\/h<\/li>\n<\/ul>\n","protected":false},"excerpt":{"rendered":"<p>Bimini tenda, nehr\u0111aju\u0107i \u010delik, 3 luka, Tessilmare, bijela, 180 x 230 x H140cm &#8211; Struktura s tri luka je robusna<\/p>\n","protected":false},"featured_media":5939755,"comment_status":"open","ping_status":"closed","template":"","meta":[],"product_brand":[3481],"product_cat":[1689],"product_tag":[],"class_list":{"0":"post-740834","1":"product","2":"type-product","3":"status-publish","4":"has-post-thumbnail","6":"product_brand-tessilmare-hr","7":"product_cat-bimini-tende","9":"first","10":"instock","11":"shipping-taxable","12":"purchasable","13":"product-type-simple"},"_links":{"self":[{"href":"https:\/\/stoic-curie.212-227-153-4.plesk.page\/hr\/wp-json\/wp\/v2\/product\/740834","targetHints":{"allow":["GET"]}}],"collection":[{"href":"https:\/\/stoic-curie.212-227-153-4.plesk.page\/hr\/wp-json\/wp\/v2\/product"}],"about":[{"href":"https:\/\/stoic-curie.212-227-153-4.plesk.page\/hr\/wp-json\/wp\/v2\/types\/product"}],"replies":[{"embeddable":true,"href":"https:\/\/stoic-curie.212-227-153-4.plesk.page\/hr\/wp-json\/wp\/v2\/comments?post=740834"}],"version-history":[{"count":0,"href":"https:\/\/stoic-curie.212-227-153-4.plesk.page\/hr\/wp-json\/wp\/v2\/product\/740834\/revisions"}],"wp:featuredmedia":[{"embeddable":true,"href":"https:\/\/stoic-curie.212-227-153-4.plesk.page\/hr\/wp-json\/wp\/v2\/media\/5939755"}],"wp:attachment":[{"href":"https:\/\/stoic-curie.212-227-153-4.plesk.page\/hr\/wp-json\/wp\/v2\/media?parent=740834"}],"wp:term":[{"taxonomy":"product_brand","embeddable":true,"href":"https:\/\/stoic-curie.212-227-153-4.plesk.page\/hr\/wp-json\/wp\/v2\/product_brand?post=740834"},{"taxonomy":"product_cat","embeddable":true,"href":"https:\/\/stoic-curie.212-227-153-4.plesk.page\/hr\/wp-json\/wp\/v2\/product_cat?post=740834"},{"taxonomy":"product_tag","embeddable":true,"href":"https:\/\/stoic-curie.212-227-153-4.plesk.page\/hr\/wp-json\/wp\/v2\/product_tag?post=740834"}],"curies":[{"name":"wp","href":"https:\/\/api.w.org\/{rel}","templated":true}]}}