{"id":740836,"date":"2025-03-03T18:11:38","date_gmt":"2025-03-03T17:11:38","guid":{"rendered":"https:\/\/stoic-curie.212-227-153-4.plesk.page\/producto\/tessilmare-bimini-plavi-nehrdajuci-celik-3-luka-180-x-170-x-h140cm\/"},"modified":"2026-02-25T00:00:48","modified_gmt":"2026-02-25T00:00:48","slug":"tessilmare-bimini-plavi-nehrdajuci-celik-3-luka-180-x-170-x-h140cm","status":"publish","type":"product","link":"https:\/\/stoic-curie.212-227-153-4.plesk.page\/hr\/product\/tessilmare-bimini-plavi-nehrdajuci-celik-3-luka-180-x-170-x-h140cm\/","title":{"rendered":"Tessilmare Bimini plavi, nehr\u0111aju\u0107i \u010delik, 3 luka, 180 x 170 x H140cm"},"content":{"rendered":"<p>Tessilmare Bimini plavi, nehr\u0111aju\u0107i \u010delik, 3 luka, 180 x 170 x H140cm &#8211; <\/p>\n<p style=\"color: rgb(34, 34, 34); font-family: Arial, Helvetica, sans-serif; font-size: small;\">Dizajn s tri luka je sna\u017ean i kompaktan, posjeduje potpuno vodonepropusnu mre\u017eu i za\u0161titnu navlaku. Ova postavka omogu\u0107ava jednostavnu upotrebu samostalno ili za trajnu instalaciju s opcionalnim potporama, \u0161to je \u010dini savr\u0161enom za otvorene \u010damce i splavove.<\/p>\n<p style=\"color: rgb(34, 34, 34); font-family: Arial, Helvetica, sans-serif; font-size: small;\">Kada primite Biminox, dolazi rastavljen i sigurno zapakiran u kutiji. Zahvaljuju\u0107i posebnom patentu Tessilmare, ponovno sastavljanje je jednostavno i lako. Bimini krov otporan na sunce i vodu uklju\u010duje tri odvojiva luka.<\/p>\n<p style=\"color: rgb(34, 34, 34); font-family: Arial, Helvetica, sans-serif; font-size: small;\">Izra\u0111eni od izdr\u017eljivog nehr\u0111aju\u0107eg \u010delika 316 i 100% poliesterske tkanine prekrivene PVC-om, cijevi imaju promjer od 22 mm. Uz opcionalne potpore, bimini se mo\u017ee ostaviti zatvorenim, nalik na sigurnosnu \u0161ipku.<\/p>\n<p style=\"color: rgb(34, 34, 34); font-family: Arial, Helvetica, sans-serif; font-size: small;\"><strong>Kompletno opremljeni Tessilmare Sun-Tops<\/strong><br \/>Tessilmare ponosno razvija svoje bimini krovove. Inovacija i kreativnost su klju\u010dni u njihovom proizvodnom procesu. \u010cak provode testove u tunelu vjetra na svojim bimini krovovima kako bi osigurali da zadovoljavaju visoke industrijske standarde.<\/p>\n<p style=\"color: rgb(34, 34, 34); font-family: Arial, Helvetica, sans-serif; font-size: small;\">Ova posve\u0107enost kvaliteti razlog je za\u0161to Tessilmare nudi do\u017eivotno jamstvo na svoje proizvode.<\/p>\n<p style=\"color: rgb(34, 34, 34); font-family: Arial, Helvetica, sans-serif; font-size: small;\">Oznaka &#8220;Made in Italy&#8221; va\u017ean je dio njihove identiteta. Tessilmare nabavlja materijale iz lokalnih izvora, gradi sna\u017ene odnose s talijanskim dobavlja\u010dima, i upravlja cijelim proizvodnim procesom interno.<\/p>\n<p style=\"color: rgb(34, 34, 34); font-family: Arial, Helvetica, sans-serif; font-size: small;\"><strong>Opcije boje sun-topa<\/strong><\/p>\n<ul style=\"color: rgb(34, 34, 34); font-family: Arial, Helvetica, sans-serif; font-size: small;\">\n<li>Bela<\/li>\n<li>Teget<\/li>\n<\/ul>\n<p style=\"color: rgb(34, 34, 34); font-family: Arial, Helvetica, sans-serif; font-size: small;\"><strong>Dostupne \u0161irine sun-topa<\/strong><\/p>\n<ul style=\"color: rgb(34, 34, 34); font-family: Arial, Helvetica, sans-serif; font-size: small;\">\n<li>150 cm<\/li>\n<li>170 cm<\/li>\n<li>185 cm<\/li>\n<li>200 cm<\/li>\n<li>215 cm<\/li>\n<li>230 cm<\/li>\n<li>245 cm<\/li>\n<\/ul>\n<p style=\"color: rgb(34, 34, 34); font-family: Arial, Helvetica, sans-serif; font-size: small;\"><strong>Materijal sun-topa<\/strong><\/p>\n<ul style=\"color: rgb(34, 34, 34); font-family: Arial, Helvetica, sans-serif; font-size: small;\">\n<li>Inox 22mm<\/li>\n<\/ul>\n<p style=\"color: rgb(34, 34, 34); font-family: Arial, Helvetica, sans-serif; font-size: small;\"><strong>Maksimalna brzina<\/strong><\/p>\n<ul style=\"color: rgb(34, 34, 34); font-family: Arial, Helvetica, sans-serif; font-size: small;\">\n<li>60 km\/h<\/li>\n<\/ul>\n","protected":false},"excerpt":{"rendered":"<p>Tessilmare Bimini plavi, nehr\u0111aju\u0107i \u010delik, 3 luka, 180 x 170 x H140cm &#8211; Dizajn s tri luka je sna\u017ean i<\/p>\n","protected":false},"featured_media":5939760,"comment_status":"open","ping_status":"closed","template":"","meta":[],"product_brand":[3481],"product_cat":[1689],"product_tag":[],"class_list":{"0":"post-740836","1":"product","2":"type-product","3":"status-publish","4":"has-post-thumbnail","6":"product_brand-tessilmare-hr","7":"product_cat-bimini-tende","9":"first","10":"instock","11":"shipping-taxable","12":"purchasable","13":"product-type-simple"},"_links":{"self":[{"href":"https:\/\/stoic-curie.212-227-153-4.plesk.page\/hr\/wp-json\/wp\/v2\/product\/740836","targetHints":{"allow":["GET"]}}],"collection":[{"href":"https:\/\/stoic-curie.212-227-153-4.plesk.page\/hr\/wp-json\/wp\/v2\/product"}],"about":[{"href":"https:\/\/stoic-curie.212-227-153-4.plesk.page\/hr\/wp-json\/wp\/v2\/types\/product"}],"replies":[{"embeddable":true,"href":"https:\/\/stoic-curie.212-227-153-4.plesk.page\/hr\/wp-json\/wp\/v2\/comments?post=740836"}],"version-history":[{"count":0,"href":"https:\/\/stoic-curie.212-227-153-4.plesk.page\/hr\/wp-json\/wp\/v2\/product\/740836\/revisions"}],"wp:featuredmedia":[{"embeddable":true,"href":"https:\/\/stoic-curie.212-227-153-4.plesk.page\/hr\/wp-json\/wp\/v2\/media\/5939760"}],"wp:attachment":[{"href":"https:\/\/stoic-curie.212-227-153-4.plesk.page\/hr\/wp-json\/wp\/v2\/media?parent=740836"}],"wp:term":[{"taxonomy":"product_brand","embeddable":true,"href":"https:\/\/stoic-curie.212-227-153-4.plesk.page\/hr\/wp-json\/wp\/v2\/product_brand?post=740836"},{"taxonomy":"product_cat","embeddable":true,"href":"https:\/\/stoic-curie.212-227-153-4.plesk.page\/hr\/wp-json\/wp\/v2\/product_cat?post=740836"},{"taxonomy":"product_tag","embeddable":true,"href":"https:\/\/stoic-curie.212-227-153-4.plesk.page\/hr\/wp-json\/wp\/v2\/product_tag?post=740836"}],"curies":[{"name":"wp","href":"https:\/\/api.w.org\/{rel}","templated":true}]}}